{"id":421,"date":"2025-12-03T16:12:47","date_gmt":"2025-12-03T13:12:47","guid":{"rendered":"https:\/\/cell-bio.life\/?page_id=421"},"modified":"2026-02-10T09:31:08","modified_gmt":"2026-02-10T06:31:08","slug":"expertise","status":"publish","type":"page","link":"https:\/\/cell-bio.life\/de\/expertise\/","title":{"rendered":"Expertise"},"content":{"rendered":"<div class=\"wpb-content-wrapper\"><p><\/p>\n<p>[vc_row full_width_css=&#8220;stretch_row_css&#8220; wrap_container=&#8220;yes&#8220; el_class=&#8220;banner-top ptopm pbotm&#8220; css=&#8220;.vc_custom_1764872105793{background-image: url(https:\/\/cell-bio.life\/wp-content\/uploads\/2025\/12\/up-pic-Disease-Areas-scaled.webp?id=663) !important;background-position: center !important;background-repeat: no-repeat !important;background-size: cover !important;}&#8220; conditional_render=&#8220;%5B%7B%22value_role%22%3A%22administrator%22%7D%5D&#8220; css_params=&#8220;&#8220;][vc_column width=&#8220;1\/3&#8243;][\/vc_column][vc_column width=&#8220;2\/3&#8243;][vc_custom_heading text=&#8220;Expertise&#8220; font_container=&#8220;tag:h1|text_align:right&#8220; use_theme_fonts=&#8220;yes&#8220; css_params=&#8220;&#8220;][vc_custom_heading text=&#8220;Cell Bio entwickelt und optimiert ma\u00dfgeschneiderte L\u00f6sungen f\u00fcr jeden Kunden, um dessen Bed\u00fcrfnisse schnell und kosteneffizient zu erf\u00fcllen. F\u00fcr sofortige Unterst\u00fctzung und weitere Informationen kontaktieren Sie uns bitte unter +380 (67) 781 85 74 oder bd@cell-bio.life&#8220; font_container=&#8220;tag:h4|text_align:right|color:%23ffffff&#8220; use_theme_fonts=&#8220;yes&#8220; css_params=&#8220;&#8220;][\/vc_column][\/vc_row][vc_row full_width_css=&#8220;stretch_row_css&#8220; wrap_container=&#8220;yes&#8220; el_class=&#8220;ptopm pbot expertise-form&#8220; conditional_render=&#8220;%5B%7B%22value_role%22%3A%22administrator%22%7D%5D&#8220; css_params=&#8220;&#8220; css=&#8220;.vc_custom_1767667538557{background-image: url(https:\/\/cell-bio.life\/wp-content\/uploads\/2025\/12\/back-3-scaled.webp?id=470) !important;background-position: center !important;background-repeat: no-repeat !important;background-size: cover !important;}&#8220;][vc_column]\n<div class=\"wpcf7 no-js\" id=\"wpcf7-f1250-o2\" lang=\"ru-RU\" dir=\"ltr\" data-wpcf7-id=\"1250\">\n<div class=\"screen-reader-response\"><p role=\"status\" aria-live=\"polite\" aria-atomic=\"true\"><\/p> <ul><\/ul><\/div>\n<form action=\"\/de\/wp-json\/wp\/v2\/pages\/421#wpcf7-f1250-o2\" method=\"post\" class=\"wpcf7-form init\" aria-label=\"\u041a\u043e\u043d\u0442\u0430\u043a\u0442\u043d\u0430\u044f \u0444\u043e\u0440\u043c\u0430\" novalidate=\"novalidate\" data-status=\"init\">\n<fieldset class=\"hidden-fields-container\"><input type=\"hidden\" name=\"_wpcf7\" value=\"1250\" \/><input type=\"hidden\" name=\"_wpcf7_version\" value=\"6.1.5\" \/><input type=\"hidden\" name=\"_wpcf7_locale\" value=\"ru_RU\" \/><input type=\"hidden\" name=\"_wpcf7_unit_tag\" value=\"wpcf7-f1250-o2\" \/><input type=\"hidden\" name=\"_wpcf7_container_post\" value=\"0\" \/><input type=\"hidden\" name=\"_wpcf7_posted_data_hash\" value=\"\" \/>\n<\/fieldset>\n<input class=\"wpcf7-form-control wpcf7-hidden\" value=\"Sachverstand\" type=\"hidden\" name=\"subject\" \/>\n<div class=\"vc_row wpb_row vc_inner row\">\n<div class=\"vc_column_container col-md-6 t-md-6\"><div class=\"wpb_wrapper vc_column-inner\">\n<span class=\"wpcf7-form-control-wrap\" data-name=\"text-404\"><input size=\"40\" maxlength=\"400\" class=\"wpcf7-form-control wpcf7-text wpcf7-validates-as-required\" aria-required=\"true\" aria-invalid=\"false\" placeholder=\"Ihr Name*\" value=\"\" type=\"text\" name=\"text-404\" \/><\/span>\n<\/div><\/div><div class=\"vc_column_container col-md-6 t-md-6\"><div class=\"wpb_wrapper vc_column-inner\">\n<span class=\"wpcf7-form-control-wrap\" data-name=\"text-850\"><input size=\"40\" maxlength=\"400\" class=\"wpcf7-form-control wpcf7-text\" aria-invalid=\"false\" placeholder=\"Firmenname\" value=\"\" type=\"text\" name=\"text-850\" \/><\/span>\n<\/div><\/div>\n<div class=\"vc_column_container col-md-6\"><div class=\"wpb_wrapper vc_column-inner\">\n<h3>Expertise<\/h3>\n<span class=\"wpcf7-form-control-wrap\" data-name=\"checkbox-574\"><span class=\"wpcf7-form-control wpcf7-checkbox\"><span class=\"wpcf7-list-item first\"><label><input type=\"checkbox\" name=\"checkbox-574[]\" value=\"Medizinische Bewertung von Forschungszielen\" \/><span class=\"wpcf7-list-item-label\">Medizinische Bewertung von Forschungszielen<\/span><\/label><\/span><span class=\"wpcf7-list-item\"><label><input type=\"checkbox\" name=\"checkbox-574[]\" value=\"Pr\u00e4klinisches Forschungsdesign\" \/><span class=\"wpcf7-list-item-label\">Pr\u00e4klinisches Forschungsdesign<\/span><\/label><\/span><span class=\"wpcf7-list-item\"><label><input type=\"checkbox\" name=\"checkbox-574[]\" value=\"Optimierung laufender Forschungsprojekte\" \/><span class=\"wpcf7-list-item-label\">Optimierung laufender Forschungsprojekte<\/span><\/label><\/span><span class=\"wpcf7-list-item last\"><label><input type=\"checkbox\" name=\"checkbox-574[]\" value=\"Projekt- und Unternehmensberatung\" \/><span class=\"wpcf7-list-item-label\">Projekt- und Unternehmensberatung<\/span><\/label><\/span><\/span><\/span>\n<\/div><\/div><div class=\"vc_column_container col-md-6\"><div class=\"wpb_wrapper vc_column-inner\">\n<h3>Leistungen<\/h3>\n<span class=\"wpcf7-form-control-wrap\" data-name=\"checkbox-575\"><span class=\"wpcf7-form-control wpcf7-checkbox\"><span class=\"wpcf7-list-item first\"><label><input type=\"checkbox\" name=\"checkbox-575[]\" value=\"FACS-Testung und -Best\u00e4tigung\" \/><span class=\"wpcf7-list-item-label\">FACS-Testung und -Best\u00e4tigung<\/span><\/label><\/span><span class=\"wpcf7-list-item\"><label><input type=\"checkbox\" name=\"checkbox-575[]\" value=\"Prim\u00e4re humane Zellkulturen\" \/><span class=\"wpcf7-list-item-label\">Prim\u00e4re humane Zellkulturen<\/span><\/label><\/span><span class=\"wpcf7-list-item\"><label><input type=\"checkbox\" name=\"checkbox-575[]\" value=\"Explantate\" \/><span class=\"wpcf7-list-item-label\">Explantate<\/span><\/label><\/span><span class=\"wpcf7-list-item\"><label><input type=\"checkbox\" name=\"checkbox-575[]\" value=\"DNA-Extraktion\" \/><span class=\"wpcf7-list-item-label\">DNA-Extraktion<\/span><\/label><\/span><span class=\"wpcf7-list-item last\"><label><input type=\"checkbox\" name=\"checkbox-575[]\" value=\"Tiermodelle\" \/><span class=\"wpcf7-list-item-label\">Tiermodelle<\/span><\/label><\/span><\/span><\/span>\n<\/div><\/div>\n<div class=\"vc_column_container col-md-6\"><div class=\"wpb_wrapper vc_column-inner\">\n<h3>W\u00e4hlen Sie die gew\u00fcnschten Indikationen<\/h3>\n<span class=\"wpcf7-form-control-wrap\" data-name=\"checkbox-844\"><span class=\"wpcf7-form-control wpcf7-checkbox\"><span class=\"wpcf7-list-item first\"><label><input type=\"checkbox\" name=\"checkbox-844[]\" value=\"Blasenkrebs\" \/><span class=\"wpcf7-list-item-label\">Blasenkrebs<\/span><\/label><\/span><span class=\"wpcf7-list-item\"><label><input type=\"checkbox\" name=\"checkbox-844[]\" value=\"Brustkrebs\" \/><span class=\"wpcf7-list-item-label\">Brustkrebs<\/span><\/label><\/span><span class=\"wpcf7-list-item\"><label><input type=\"checkbox\" name=\"checkbox-844[]\" value=\"Darmkrebs\" \/><span class=\"wpcf7-list-item-label\">Darmkrebs<\/span><\/label><\/span><span class=\"wpcf7-list-item\"><label><input type=\"checkbox\" name=\"checkbox-844[]\" value=\"Magenkrebs\" \/><span class=\"wpcf7-list-item-label\">Magenkrebs<\/span><\/label><\/span><span class=\"wpcf7-list-item\"><label><input type=\"checkbox\" name=\"checkbox-844[]\" value=\"Nierenkrebs\" \/><span class=\"wpcf7-list-item-label\">Nierenkrebs<\/span><\/label><\/span><span class=\"wpcf7-list-item\"><label><input type=\"checkbox\" name=\"checkbox-844[]\" value=\"Hautmelanom\" \/><span class=\"wpcf7-list-item-label\">Hautmelanom<\/span><\/label><\/span><span class=\"wpcf7-list-item\"><label><input type=\"checkbox\" name=\"checkbox-844[]\" value=\"Nicht-kleinzelliges Lungenkarzinom\" \/><span class=\"wpcf7-list-item-label\">Nicht-kleinzelliges Lungenkarzinom<\/span><\/label><\/span><span class=\"wpcf7-list-item\"><label><input type=\"checkbox\" name=\"checkbox-844[]\" value=\"Prostatakrebs\" \/><span class=\"wpcf7-list-item-label\">Prostatakrebs<\/span><\/label><\/span><span class=\"wpcf7-list-item\"><label><input type=\"checkbox\" name=\"checkbox-844[]\" value=\"Leuk\u00e4mie\" \/><span class=\"wpcf7-list-item-label\">Leuk\u00e4mie<\/span><\/label><\/span><span class=\"wpcf7-list-item\"><label><input type=\"checkbox\" name=\"checkbox-844[]\" value=\"Andere Krebsarten\" \/><span class=\"wpcf7-list-item-label\">Andere Krebsarten<\/span><\/label><\/span><span class=\"wpcf7-list-item\"><label><input type=\"checkbox\" name=\"checkbox-844[]\" value=\"Normale Spender\" \/><span class=\"wpcf7-list-item-label\">Normale Spender<\/span><\/label><\/span><span class=\"wpcf7-list-item last\"><label><input type=\"checkbox\" name=\"checkbox-844[]\" value=\"Nicht-onkologische Indikationen, bitte angeben\" \/><span class=\"wpcf7-list-item-label\">Nicht-onkologische Indikationen, bitte angeben<\/span><\/label><\/span><\/span><\/span>\n<span class=\"wpcf7-form-control-wrap\" data-name=\"text-830\"><input size=\"40\" maxlength=\"400\" class=\"wpcf7-form-control wpcf7-text\" aria-invalid=\"false\" placeholder=\"Sonstige\" value=\"\" type=\"text\" name=\"text-830\" \/><\/span>\n\n<\/div><\/div><div class=\"vc_column_container col-md-6\"><div class=\"wpb_wrapper vc_column-inner\">\n<h3>W\u00e4hlen Sie den gew\u00fcnschten Probentyp<\/h3>\n<span class=\"wpcf7-form-control-wrap\" data-name=\"checkbox-581\"><span class=\"wpcf7-form-control wpcf7-checkbox\"><span class=\"wpcf7-list-item first\"><label><input type=\"checkbox\" name=\"checkbox-581[]\" value=\"Prim\u00e4re Zellen\" \/><span class=\"wpcf7-list-item-label\">Prim\u00e4re Zellen<\/span><\/label><\/span><span class=\"wpcf7-list-item\"><label><input type=\"checkbox\" name=\"checkbox-581[]\" value=\"Prim\u00e4re 3D-Krebsmodelle\" \/><span class=\"wpcf7-list-item-label\">Prim\u00e4re 3D-Krebsmodelle<\/span><\/label><\/span><span class=\"wpcf7-list-item\"><label><input type=\"checkbox\" name=\"checkbox-581[]\" value=\"Bioproben\" \/><span class=\"wpcf7-list-item-label\">Bioproben<\/span><\/label><\/span><span class=\"wpcf7-list-item\"><label><input type=\"checkbox\" name=\"checkbox-581[]\" value=\"FFPE\" \/><span class=\"wpcf7-list-item-label\">FFPE<\/span><\/label><\/span><span class=\"wpcf7-list-item\"><label><input type=\"checkbox\" name=\"checkbox-581[]\" value=\"Schockgefroren in LiN2\" \/><span class=\"wpcf7-list-item-label\">Schockgefroren in LiN2<\/span><\/label><\/span><span class=\"wpcf7-list-item\"><label><input type=\"checkbox\" name=\"checkbox-581[]\" value=\"OCT-gefroren\" \/><span class=\"wpcf7-list-item-label\">OCT-gefroren<\/span><\/label><\/span><span class=\"wpcf7-list-item\"><label><input type=\"checkbox\" name=\"checkbox-581[]\" value=\"Lebend kryokonservierte Zellen\" \/><span class=\"wpcf7-list-item-label\">Lebend kryokonservierte Zellen<\/span><\/label><\/span><span class=\"wpcf7-list-item\"><label><input type=\"checkbox\" name=\"checkbox-581[]\" value=\"PBMC\" \/><span class=\"wpcf7-list-item-label\">PBMC<\/span><\/label><\/span><span class=\"wpcf7-list-item\"><label><input type=\"checkbox\" name=\"checkbox-581[]\" value=\"CSF\" \/><span class=\"wpcf7-list-item-label\">CSF<\/span><\/label><\/span><span class=\"wpcf7-list-item\"><label><input type=\"checkbox\" name=\"checkbox-581[]\" value=\"DNA\" \/><span class=\"wpcf7-list-item-label\">DNA<\/span><\/label><\/span><span class=\"wpcf7-list-item\"><label><input type=\"checkbox\" name=\"checkbox-581[]\" value=\"Extrahierte lebensf\u00e4hige Zellen\" \/><span class=\"wpcf7-list-item-label\">Extrahierte lebensf\u00e4hige Zellen<\/span><\/label><\/span><span class=\"wpcf7-list-item last\"><label><input type=\"checkbox\" name=\"checkbox-581[]\" value=\"Gewebekulturen\" \/><span class=\"wpcf7-list-item-label\">Gewebekulturen<\/span><\/label><\/span><\/span><\/span>\n\n<span class=\"wpcf7-form-control-wrap\" data-name=\"text-832\"><input size=\"40\" maxlength=\"400\" class=\"wpcf7-form-control wpcf7-text\" aria-invalid=\"false\" placeholder=\"Sonstige\" value=\"\" type=\"text\" name=\"text-832\" \/><\/span>\n\n<\/div><\/div>\n\n<div class=\"vc_column_container col-md-12\"><div <div class=\"wpb_wrapper vc_column-inner\">\n<h3>Projektphase<\/h3>\n<span class=\"wpcf7-form-control-wrap\" data-name=\"select-405\"><select class=\"wpcf7-form-control wpcf7-select\" aria-invalid=\"false\" name=\"select-405\"><option value=\"Option ausw\u00e4hlen\">Option ausw\u00e4hlen<\/option><option value=\"Planung\">Planung<\/option><option value=\"Experimentaufbau\">Experimentaufbau<\/option><option value=\"Laufende Experimente\">Laufende Experimente<\/option><option value=\"Experimentanalyse und -auswertung\">Experimentanalyse und -auswertung<\/option><option value=\"\u00dcbergang von der pr\u00e4klinischen zur klinischen Phase\">\u00dcbergang von der pr\u00e4klinischen zur klinischen Phase<\/option><\/select><\/span>\n<\/div><\/div>\n\n<div class=\"vc_column_container col-md-6 t-md-6\"><div class=\"wpb_wrapper vc_column-inner\">\n<h3>Bevorzugte Kontaktmethode*<\/h3>\n<span class=\"wpcf7-form-control-wrap\" data-name=\"checkbox-847\"><span class=\"wpcf7-form-control wpcf7-checkbox\"><span class=\"wpcf7-list-item first\"><label><input type=\"checkbox\" name=\"checkbox-847[]\" value=\"Telefon\" \/><span class=\"wpcf7-list-item-label\">Telefon<\/span><\/label><\/span><span class=\"wpcf7-list-item last\"><label><input type=\"checkbox\" name=\"checkbox-847[]\" value=\"E-Mail\" \/><span class=\"wpcf7-list-item-label\">E-Mail<\/span><\/label><\/span><\/span><\/span>\n<\/div><\/div><div class=\"vc_column_container col-md-6 t-md-6\"><div class=\"wpb_wrapper vc_column-inner\">\n<span class=\"wpcf7-form-control-wrap\" data-name=\"tel-425\"><input size=\"40\" maxlength=\"400\" class=\"wpcf7-form-control wpcf7-tel wpcf7-text wpcf7-validates-as-tel\" aria-invalid=\"false\" placeholder=\"Telefon*\" value=\"\" type=\"tel\" name=\"tel-425\" \/><\/span>\n<span class=\"wpcf7-form-control-wrap\" data-name=\"email-664\"><input size=\"40\" maxlength=\"400\" class=\"wpcf7-form-control wpcf7-email wpcf7-text wpcf7-validates-as-email\" aria-invalid=\"false\" placeholder=\"E-Mail*\" value=\"\" type=\"email\" name=\"email-664\" \/><\/span>\n\n<\/div><\/div>\n<div class=\"vc_column_container col-md-12\"><div class=\"wpb_wrapper vc_column-inner\">\n\n<label>Ihre Nachricht <span class=\"wpcf7-form-control-wrap\" data-name=\"textarea-623\"><textarea cols=\"40\" rows=\"10\" maxlength=\"2000\" class=\"wpcf7-form-control wpcf7-textarea\" aria-invalid=\"false\" name=\"textarea-623\">Feld ausf\u00fcllen<\/textarea><\/span><\/label>\n\n<label class=\"form-service-text\"><span class=\"wpcf7-form-control-wrap\" data-name=\"acceptance-273\"><span class=\"wpcf7-form-control wpcf7-acceptance\"><span class=\"wpcf7-list-item\"><input type=\"checkbox\" name=\"acceptance-273\" value=\"1\" aria-invalid=\"false\" \/><\/span><\/span><\/span> Indem Sie Ihre Daten auf unserer Website hinterlassen, stimmen Sie der <a href=\"\/privacy-policy\/\" target=\"_blank\">Datenschutzrichtlinie<\/a> zu. Ihre Daten werden unter keinen Umst\u00e4nden an Dritte weitergegeben.<\/label>\n\n<\/div><\/div>\n\n<div class=\"vc_column_container col-md-6\"><div class=\"wpb_wrapper vc_column-inner\">\n<div id=\"cf7sr-6a039ff7de46d\" class=\"cf7sr-g-recaptcha\" data-theme=\"light\" data-type=\"image\" data-size=\"normal\" data-sitekey=\"6LcQrlgsAAAAAPqyrpem4dtKJ9iQLVbqkObANnxo\"><\/div><span class=\"wpcf7-form-control-wrap cf7sr-recaptcha\" data-name=\"cf7sr-recaptcha\"><input type=\"hidden\" name=\"cf7sr-recaptcha\" value=\"\" class=\"wpcf7-form-control\"><\/span>\n<\/div><\/div><div class=\"vc_column_container col-md-6\"><div class=\"wpb_wrapper vc_column-inner\">\n<div class=\"vc_btn3-container vc_btn3-left vc_do_btn\">\n\n<div class=\"vc_general vc_btn3 vc_btn3-size-xl vc_btn3-shape-round vc_btn3-style-classic wpb_custom_6687b26f39488ddbb85ddb3c1ce8e111 vc_btn3-color-white btn\" title=\"\"><input class=\"wpcf7-form-control wpcf7-submit has-spinner\" type=\"submit\" value=\"Anfrage senden\" \/><\/div> <\/div>\n\n<\/div><\/div>\n\n<\/div><input type='hidden' class='wpcf7-pum' value='{\"closepopup\":false,\"closedelay\":0,\"openpopup\":false,\"openpopup_id\":0}' \/><div class=\"wpcf7-response-output\" aria-hidden=\"true\"><\/div>\n<\/form>\n<\/div>\n[\/vc_column][\/vc_row]<\/p>\n<p><\/p>\n<\/div>","protected":false},"excerpt":{"rendered":"<p>[vc_row full_width_css=&#8220;stretch_row_css&#8220; wrap_container=&#8220;yes&#8220; el_class=&#8220;banner-top ptopm pbotm&#8220; css=&#8220;.vc_custom_1764872105793{background-image: url(https:\/\/cell-bio.life\/wp-content\/uploads\/2025\/12\/up-pic-Disease-Areas-scaled.webp?id=663) !important;background-position: center !important;background-repeat: no-repeat !important;background-size: cover !important;}&#8220; conditional_render=&#8220;%5B%7B%22value_role%22%3A%22administrator%22%7D%5D&#8220; css_params=&#8220;&#8220;][vc_column width=&#8220;1\/3&#8243;][\/vc_column][vc_column width=&#8220;2\/3&#8243;][vc_custom_heading text=&#8220;Expertise&#8220; font_container=&#8220;tag:h1|text_align:right&#8220; use_theme_fonts=&#8220;yes&#8220; css_params=&#8220;&#8220;][vc_custom_heading text=&#8220;Cell Bio entwickelt und optimiert ma\u00dfgeschneiderte L\u00f6sungen f\u00fcr jeden Kunden, um dessen Bed\u00fcrfnisse schnell und kosteneffizient zu erf\u00fcllen. F\u00fcr sofortige Unterst\u00fctzung und weitere Informationen kontaktieren Sie uns bitte unter +380 (67) 781 [&hellip;]<\/p>\n","protected":false},"author":1,"featured_media":0,"parent":0,"menu_order":0,"comment_status":"closed","ping_status":"closed","template":"","meta":{"footnotes":""},"class_list":["post-421","page","type-page","status-publish","hentry"],"yoast_head":"<!-- This site is optimized with the Yoast SEO plugin v27.5 - https:\/\/yoast.com\/product\/yoast-seo-wordpress\/ -->\n<title>Expertise - Cell Bio<\/title>\n<meta name=\"robots\" content=\"index, follow, max-snippet:-1, max-image-preview:large, max-video-preview:-1\" \/>\n<link rel=\"canonical\" href=\"https:\/\/cell-bio.life\/de\/expertise\/\" \/>\n<meta property=\"og:locale\" content=\"de_DE\" \/>\n<meta property=\"og:type\" content=\"article\" \/>\n<meta property=\"og:title\" content=\"Expertise - Cell Bio\" \/>\n<meta property=\"og:description\" content=\"[vc_row full_width_css=&#8220;stretch_row_css&#8220; wrap_container=&#8220;yes&#8220; el_class=&#8220;banner-top ptopm pbotm&#8220; css=&#8220;.vc_custom_1764872105793{background-image: url(https:\/\/cell-bio.life\/wp-content\/uploads\/2025\/12\/up-pic-Disease-Areas-scaled.webp?id=663) !important;background-position: center !important;background-repeat: no-repeat !important;background-size: cover !important;}&#8220; conditional_render=&#8220;%5B%7B%22value_role%22%3A%22administrator%22%7D%5D&#8220; css_params=&#8220;&#8220;][vc_column width=&#8220;1\/3&#8243;][\/vc_column][vc_column width=&#8220;2\/3&#8243;][vc_custom_heading text=&#8220;Expertise&#8220; font_container=&#8220;tag:h1|text_align:right&#8220; use_theme_fonts=&#8220;yes&#8220; css_params=&#8220;&#8220;][vc_custom_heading text=&#8220;Cell Bio entwickelt und optimiert ma\u00dfgeschneiderte L\u00f6sungen f\u00fcr jeden Kunden, um dessen Bed\u00fcrfnisse schnell und kosteneffizient zu erf\u00fcllen. F\u00fcr sofortige Unterst\u00fctzung und weitere Informationen kontaktieren Sie uns bitte unter +380 (67) 781 [&hellip;]\" \/>\n<meta property=\"og:url\" content=\"https:\/\/cell-bio.life\/de\/expertise\/\" \/>\n<meta property=\"og:site_name\" content=\"Cell Bio\" \/>\n<meta property=\"article:modified_time\" content=\"2026-02-10T06:31:08+00:00\" \/>\n<meta name=\"twitter:card\" content=\"summary_large_image\" \/>\n<meta name=\"twitter:label1\" content=\"Gesch\u00e4tzte Lesezeit\" \/>\n\t<meta name=\"twitter:data1\" content=\"5\u00a0Minuten\" \/>\n<script type=\"application\/ld+json\" class=\"yoast-schema-graph\">{\"@context\":\"https:\\\/\\\/schema.org\",\"@graph\":[{\"@type\":\"WebPage\",\"@id\":\"https:\\\/\\\/cell-bio.life\\\/de\\\/expertise\\\/\",\"url\":\"https:\\\/\\\/cell-bio.life\\\/de\\\/expertise\\\/\",\"name\":\"Expertise - Cell Bio\",\"isPartOf\":{\"@id\":\"https:\\\/\\\/cell-bio.life\\\/de\\\/#website\"},\"datePublished\":\"2025-12-03T13:12:47+00:00\",\"dateModified\":\"2026-02-10T06:31:08+00:00\",\"breadcrumb\":{\"@id\":\"https:\\\/\\\/cell-bio.life\\\/de\\\/expertise\\\/#breadcrumb\"},\"inLanguage\":\"de\",\"potentialAction\":[{\"@type\":\"ReadAction\",\"target\":[[\"https:\\\/\\\/cell-bio.life\\\/de\\\/expertise\\\/\"]]}]},{\"@type\":\"BreadcrumbList\",\"@id\":\"https:\\\/\\\/cell-bio.life\\\/de\\\/expertise\\\/#breadcrumb\",\"itemListElement\":[{\"@type\":\"ListItem\",\"position\":1,\"name\":\"Home\",\"item\":\"https:\\\/\\\/cell-bio.life\\\/de\\\/\"},{\"@type\":\"ListItem\",\"position\":2,\"name\":\"Expertise\"}]},{\"@type\":\"WebSite\",\"@id\":\"https:\\\/\\\/cell-bio.life\\\/de\\\/#website\",\"url\":\"https:\\\/\\\/cell-bio.life\\\/de\\\/\",\"name\":\"Cell Bio\",\"description\":\"[:en]Cell Energy for the Life of Living[:de]Zellenergie f&uuml;r ein langes Leben[:fr]L'&eacute;nergie cellulaire pour la vie[:ja]\u751f\u547d\u306e\u305f\u3081\u306e\u7d30\u80de\u30a8\u30cd\u30eb\u30ae\u30fc[:ko]\uc0dd\uba85\uc758 \uc0b6\uc744 \uc704\ud55c \uc138\ud3ec \uc5d0\ub108\uc9c0[:]\",\"potentialAction\":[{\"@type\":\"SearchAction\",\"target\":{\"@type\":\"EntryPoint\",\"urlTemplate\":\"https:\\\/\\\/cell-bio.life\\\/de\\\/?s={search_term_string}\"},\"query-input\":{\"@type\":\"PropertyValueSpecification\",\"valueRequired\":true,\"valueName\":\"search_term_string\"}}],\"inLanguage\":\"de\"}]}<\/script>\n<!-- \/ Yoast SEO plugin. -->","yoast_head_json":{"title":"Expertise - Cell Bio","robots":{"index":"index","follow":"follow","max-snippet":"max-snippet:-1","max-image-preview":"max-image-preview:large","max-video-preview":"max-video-preview:-1"},"canonical":"https:\/\/cell-bio.life\/de\/expertise\/","og_locale":"de_DE","og_type":"article","og_title":"Expertise - Cell Bio","og_description":"[vc_row full_width_css=&#8220;stretch_row_css&#8220; wrap_container=&#8220;yes&#8220; el_class=&#8220;banner-top ptopm pbotm&#8220; css=&#8220;.vc_custom_1764872105793{background-image: url(https:\/\/cell-bio.life\/wp-content\/uploads\/2025\/12\/up-pic-Disease-Areas-scaled.webp?id=663) !important;background-position: center !important;background-repeat: no-repeat !important;background-size: cover !important;}&#8220; conditional_render=&#8220;%5B%7B%22value_role%22%3A%22administrator%22%7D%5D&#8220; css_params=&#8220;&#8220;][vc_column width=&#8220;1\/3&#8243;][\/vc_column][vc_column width=&#8220;2\/3&#8243;][vc_custom_heading text=&#8220;Expertise&#8220; font_container=&#8220;tag:h1|text_align:right&#8220; use_theme_fonts=&#8220;yes&#8220; css_params=&#8220;&#8220;][vc_custom_heading text=&#8220;Cell Bio entwickelt und optimiert ma\u00dfgeschneiderte L\u00f6sungen f\u00fcr jeden Kunden, um dessen Bed\u00fcrfnisse schnell und kosteneffizient zu erf\u00fcllen. F\u00fcr sofortige Unterst\u00fctzung und weitere Informationen kontaktieren Sie uns bitte unter +380 (67) 781 [&hellip;]","og_url":"https:\/\/cell-bio.life\/de\/expertise\/","og_site_name":"Cell Bio","article_modified_time":"2026-02-10T06:31:08+00:00","twitter_card":"summary_large_image","twitter_misc":{"Gesch\u00e4tzte Lesezeit":"5\u00a0Minuten"},"schema":{"@context":"https:\/\/schema.org","@graph":[{"@type":"WebPage","@id":"https:\/\/cell-bio.life\/de\/expertise\/","url":"https:\/\/cell-bio.life\/de\/expertise\/","name":"Expertise - Cell Bio","isPartOf":{"@id":"https:\/\/cell-bio.life\/de\/#website"},"datePublished":"2025-12-03T13:12:47+00:00","dateModified":"2026-02-10T06:31:08+00:00","breadcrumb":{"@id":"https:\/\/cell-bio.life\/de\/expertise\/#breadcrumb"},"inLanguage":"de","potentialAction":[{"@type":"ReadAction","target":[["https:\/\/cell-bio.life\/de\/expertise\/"]]}]},{"@type":"BreadcrumbList","@id":"https:\/\/cell-bio.life\/de\/expertise\/#breadcrumb","itemListElement":[{"@type":"ListItem","position":1,"name":"Home","item":"https:\/\/cell-bio.life\/de\/"},{"@type":"ListItem","position":2,"name":"Expertise"}]},{"@type":"WebSite","@id":"https:\/\/cell-bio.life\/de\/#website","url":"https:\/\/cell-bio.life\/de\/","name":"Cell Bio","description":"[:en]Cell Energy for the Life of Living[:de]Zellenergie f&uuml;r ein langes Leben[:fr]L'&eacute;nergie cellulaire pour la vie[:ja]\u751f\u547d\u306e\u305f\u3081\u306e\u7d30\u80de\u30a8\u30cd\u30eb\u30ae\u30fc[:ko]\uc0dd\uba85\uc758 \uc0b6\uc744 \uc704\ud55c \uc138\ud3ec \uc5d0\ub108\uc9c0[:]","potentialAction":[{"@type":"SearchAction","target":{"@type":"EntryPoint","urlTemplate":"https:\/\/cell-bio.life\/de\/?s={search_term_string}"},"query-input":{"@type":"PropertyValueSpecification","valueRequired":true,"valueName":"search_term_string"}}],"inLanguage":"de"}]}},"_links":{"self":[{"href":"https:\/\/cell-bio.life\/de\/wp-json\/wp\/v2\/pages\/421","targetHints":{"allow":["GET"]}}],"collection":[{"href":"https:\/\/cell-bio.life\/de\/wp-json\/wp\/v2\/pages"}],"about":[{"href":"https:\/\/cell-bio.life\/de\/wp-json\/wp\/v2\/types\/page"}],"author":[{"embeddable":true,"href":"https:\/\/cell-bio.life\/de\/wp-json\/wp\/v2\/users\/1"}],"replies":[{"embeddable":true,"href":"https:\/\/cell-bio.life\/de\/wp-json\/wp\/v2\/comments?post=421"}],"version-history":[{"count":9,"href":"https:\/\/cell-bio.life\/de\/wp-json\/wp\/v2\/pages\/421\/revisions"}],"predecessor-version":[{"id":1254,"href":"https:\/\/cell-bio.life\/de\/wp-json\/wp\/v2\/pages\/421\/revisions\/1254"}],"wp:attachment":[{"href":"https:\/\/cell-bio.life\/de\/wp-json\/wp\/v2\/media?parent=421"}],"curies":[{"name":"wp","href":"https:\/\/api.w.org\/{rel}","templated":true}]}}