{"id":836,"date":"2025-12-05T03:38:44","date_gmt":"2025-12-05T00:38:44","guid":{"rendered":"https:\/\/cell-bio.life\/?page_id=836"},"modified":"2026-02-10T10:51:49","modified_gmt":"2026-02-10T07:51:49","slug":"umbilical-cord-vessel-stem-cells","status":"publish","type":"page","link":"https:\/\/cell-bio.life\/de\/products\/stem-cells\/umbilical-cord-vessel-stem-cells\/","title":{"rendered":"Nabelschnurgef\u00e4\u00df-Stammzellen"},"content":{"rendered":"<div class=\"wpb-content-wrapper\"><p>[vc_row wrap_container=\"yes\" content_placement=\"middle\" parallax=\"content-moving\" parallax_image=\"469\" parallax_speed_bg=\"1.4\" conditional_render=\"%5B%7B%22value_role%22%3A%22administrator%22%7D%5D\" css_params=\"\" el_class=\"ptopm pbotm form-block\" css=\".vc_custom_1765306545764{background-image: url(https:\/\/cell-bio.life\/wp-content\/uploads\/2025\/12\/back-1-scaled.webp?id=468) !important;background-position: center;background-repeat: no-repeat !important;background-size: cover !important;}\"][vc_column width=\"1\/5\"][\/vc_column][vc_column width=\"3\/5\"][vc_custom_heading text=\"Haben Sie Fragen zu unseren Produkten oder Dienstleistungen?\" font_container=\"tag:h2|text_align:center|color:%23ffffff\" use_theme_fonts=\"yes\" css_params=\"\"][vc_custom_heading text=\"Cell Bio entwickelt und optimiert L\u00f6sungen f\u00fcr jeden Kunden, um dessen Bed\u00fcrfnisse schnell und kosteneffizient zu erf\u00fcllen.\" font_container=\"tag:h4|text_align:center|color:%23ffffff\" use_theme_fonts=\"yes\" css_params=\"\"][vc_row_inner][vc_column_inner width=\"1\/2\"][vc_btn title=\"Anruf buchen\" style=\"outline\" shape=\"round\" color=\"blue\" size=\"xl\" align=\"right\" link=\"url:%23\" css_params=\"\" el_class=\"book-call-modal\"][\/vc_column_inner][vc_column_inner width=\"1\/2\"][vc_btn title=\"Bestellanfrage\" shape=\"round\" color=\"white\" size=\"xl\" align=\"left\" link=\"url:%2Fexpertise%2F\" css_params=\"\"][\/vc_column_inner][\/vc_row_inner][\/vc_column][vc_column width=\"1\/5\"][\/vc_column][\/vc_row]<\/div>[\/vc_column][\/vc_row][vc_row full_width_css=&#8220;stretch_row_css&#8220; wrap_container=&#8220;yes&#8220; el_class=&#8220;banner-top ptopm pbotm&#8220; css=&#8220;.vc_custom_1764896024504{background-image: url(https:\/\/cell-bio.life\/wp-content\/uploads\/2025\/12\/up-pic-Stem-cells-2-scaled.webp?id=679) !important;background-position: center !important;background-repeat: no-repeat !important;background-size: cover !important;}&#8220; conditional_render=&#8220;%5B%7B%22value_role%22%3A%22administrator%22%7D%5D&#8220; css_params=&#8220;&#8220;][vc_column width=&#8220;1\/3&#8243;][\/vc_column][vc_column width=&#8220;2\/3&#8243;][vc_custom_heading text=&#8220;Nabelschnurgef\u00e4\u00df-Stammzellen&#8220; font_container=&#8220;tag:h1|text_align:right&#8220; use_theme_fonts=&#8220;yes&#8220; css_params=&#8220;&#8220;][vc_btn title=&#8220;Inventar ansehen&#8220; shape=&#8220;round&#8220; color=&#8220;white&#8220; size=&#8220;xl&#8220; align=&#8220;right&#8220; link=&#8220;url:%2Fproducts%2Finventory%2F&#8220; css_params=&#8220;&#8220;][\/vc_column][\/vc_row][vc_row full_width_css=&#8220;stretch_row_css&#8220; wrap_container=&#8220;yes&#8220; el_class=&#8220;ptopm pbot&#8220; conditional_render=&#8220;%5B%7B%22value_role%22%3A%22administrator%22%7D%5D&#8220; css_params=&#8220;&#8220; css=&#8220;.vc_custom_1764894416498{background-image: url(https:\/\/cell-bio.life\/wp-content\/uploads\/2025\/12\/back-3-scaled.webp?id=470) !important;background-position: center !important;background-repeat: no-repeat !important;background-size: cover !important;}&#8220;][vc_column][vc_row_inner equal_height=&#8220;yes&#8220; content_placement=&#8220;middle&#8220; el_class=&#8220;pbotm&#8220; css_params=&#8220;&#8220;][vc_column_inner width=&#8220;2\/3&#8243;][vc_column_text css=&#8220;&#8220; css_params=&#8220;&#8220;]Die Nabelschnur und ihre Gef\u00e4\u00dfe sind reichhaltige Quellen verschiedener Stammzelltypen, die sich haupts\u00e4chlich in solche im Blut und solche im Strukturgewebe der Nabelschnur unterteilen lassen.[\/vc_column_text][\/vc_column_inner][vc_column_inner width=&#8220;1\/3&#8243;][vc_masonry_media_grid element_width=&#8220;12&#8243; css=&#8220;&#8220; grid_id=&#8220;vc_gid:1769651515571-a56e45d6-cdac-7&#8243; include=&#8220;1142&#8243; css_params=&#8220;&#8220;][\/vc_column_inner][\/vc_row_inner]<div class=\"porto-toggles wpb_content_element \">[vc_toggle title=&#8220;Arten von Stammzellen nach ihrem Standort&#8220; css=&#8220;&#8220; css_params=&#8220;&#8220;]<strong>Nabelschnurblut:<\/strong><br \/>\nEs enth\u00e4lt haupts\u00e4chlich h\u00e4matopoetische Stammzellen (HSCs), die blutbildende Zellen sind.<\/p>\n<p><strong>Wharton-Sulze:<\/strong><br \/>\nDiese gelartige Substanz umgibt die Gef\u00e4\u00dfe und ist reich an mesenchymalen Stammzellen (MSCs).<\/p>\n<p><strong>Nabelschnurgef\u00e4\u00dfe (Arterien und Venen):<\/strong><br \/>\nAus den Gef\u00e4\u00dfw\u00e4nden und dem perivaskul\u00e4ren Gewebe (dem Bereich unmittelbar um die Gef\u00e4\u00dfe) lassen sich Stammzellen direkt isolieren. Insbesondere die aus Arterien gewonnenen MSCs gelten als \u201eprimitiver\u201c und potenter als jene aus adultem Gewebe.[\/vc_toggle][vc_toggle title=&#8220;Klinische Anwendungen&#8220; css=&#8220;&#8220; css_params=&#8220;&#8220;]Stammzellen aus diesen Quellen werden f\u00fcr verschiedene Therapieziele eingesetzt:<\/p>\n<ul>\n<li><strong>Blut- und Immunerkrankungen:<\/strong><br \/>\nHSCs aus Nabelschnurblut sind von der FDA f\u00fcr die Behandlung von \u00fcber 80 Erkrankungen zugelassen, darunter Leuk\u00e4mien, Lymphome und schwere Immundefekte.<\/li>\n<li><strong>Regenerative Medizin:<\/strong><br \/>\nMesenchymale Stammzellen (MSCs) aus Nabelschnurgewebe und Blutgef\u00e4\u00dfen werden in Studien zur Organregeneration, bei Herzerkrankungen, Gelenkreparatur (Arthrose) und Autoimmunerkrankungen wie Typ-1-Diabetes eingesetzt.<\/li>\n<li><strong>Neurologische Erkrankungen:<\/strong><br \/>\nDie Forschung zur Anwendung von Stammzellen bei R\u00fcckenmarksverletzungen, Alzheimer und Multipler Sklerose wird fortgesetzt.<\/li>\n<\/ul>\n<p>[\/vc_toggle][vc_toggle title=&#8220;Wichtigste Vorteile&#8220; css=&#8220;&#8220; css_params=&#8220;&#8220;]<strong>Ethisch und nicht-invasiv:<\/strong><br \/>\nDie Stammzellen werden nach der Geburt ohne Risiko f\u00fcr Mutter und Kind gewonnen.<\/p>\n<p><strong>Potenz:<\/strong><br \/>\nDiese Zellen sind \u201ej\u00fcnger\u201c als adulte Stammzellen (aus dem Knochenmark). Das bedeutet, sie besitzen ein h\u00f6heres Teilungspotenzial und sind weniger anf\u00e4llig f\u00fcr Umwelteinfl\u00fcsse.<\/p>\n<p><strong>Geringe Immunogenit\u00e4t:<\/strong><br \/>\nSie l\u00f6sen seltener Absto\u00dfungsreaktionen (Graft-versus-Host-Reaktion) aus und eignen sich daher f\u00fcr allogene (fremde) Transplantationen.[\/vc_toggle]<\/div>[\/vc_column][\/vc_row][vc_row full_width_css=&#8220;stretch_row_css&#8220; wrap_container=&#8220;yes&#8220; content_placement=&#8220;middle&#8220; conditional_render=&#8220;%5B%7B%22value_role%22%3A%22administrator%22%7D%5D&#8220; css_params=&#8220;&#8220; el_class=&#8220;pbot&#8220; css=&#8220;.vc_custom_1764890264879{background-position: center !important;background-repeat: no-repeat !important;background-size: cover !important;}&#8220;][vc_column]<div class=\"porto-block\" data-id=\"794\"><style>.vc_custom_1765306545764{background-image: url(https:\/\/cell-bio.life\/wp-content\/uploads\/2025\/12\/back-1-scaled.webp?id=468) !important;background-position: center;background-repeat: no-repeat !important;background-size: cover !important;}.vc_custom_1765306545764{background-image: url(https:\/\/cell-bio.life\/wp-content\/uploads\/2025\/12\/back-1-scaled.webp?id=468) !important;background-position: center;background-repeat: no-repeat !important;background-size: cover !important;}.vc_custom_1765306545764{background-image: url(https:\/\/cell-bio.life\/wp-content\/uploads\/2025\/12\/back-1-scaled.webp?id=468) !important;background-position: center;background-repeat: no-repeat !important;background-size: cover !important;}.vc_custom_1765306545764{background-image: url(https:\/\/cell-bio.life\/wp-content\/uploads\/2025\/12\/back-1-scaled.webp?id=468) !important;background-position: center;background-repeat: no-repeat !important;background-size: cover !important;}.vc_custom_1765306545764{background-image: url(https:\/\/cell-bio.life\/wp-content\/uploads\/2025\/12\/back-1-scaled.webp?id=468) !important;background-position: center;background-repeat: no-repeat !important;background-size: cover !important;}<\/style>[vc_row wrap_container=\"yes\" content_placement=\"middle\" parallax=\"content-moving\" parallax_image=\"469\" parallax_speed_bg=\"1.4\" conditional_render=\"%5B%7B%22value_role%22%3A%22administrator%22%7D%5D\" css_params=\"\" el_class=\"ptopm pbotm form-block\" css=\".vc_custom_1765306545764{background-image: url(https:\/\/cell-bio.life\/wp-content\/uploads\/2025\/12\/back-1-scaled.webp?id=468) !important;background-position: center;background-repeat: no-repeat !important;background-size: cover !important;}\"][vc_column width=\"1\/5\"][\/vc_column][vc_column width=\"3\/5\"][vc_custom_heading text=\"Haben Sie Fragen zu unseren Produkten oder Dienstleistungen?\" font_container=\"tag:h2|text_align:center|color:%23ffffff\" use_theme_fonts=\"yes\" css_params=\"\"][vc_custom_heading text=\"Cell Bio entwickelt und optimiert L\u00f6sungen f\u00fcr jeden Kunden, um dessen Bed\u00fcrfnisse schnell und kosteneffizient zu erf\u00fcllen.\" font_container=\"tag:h4|text_align:center|color:%23ffffff\" use_theme_fonts=\"yes\" css_params=\"\"][vc_row_inner][vc_column_inner width=\"1\/2\"][vc_btn title=\"Anruf buchen\" style=\"outline\" shape=\"round\" color=\"blue\" size=\"xl\" align=\"right\" link=\"url:%23\" css_params=\"\" el_class=\"book-call-modal\"][\/vc_column_inner][vc_column_inner width=\"1\/2\"][vc_btn title=\"Bestellanfrage\" shape=\"round\" color=\"white\" size=\"xl\" align=\"left\" link=\"url:%2Fexpertise%2F\" css_params=\"\"][\/vc_column_inner][\/vc_row_inner][\/vc_column][vc_column width=\"1\/5\"][\/vc_column][\/vc_row]<\/div>[\/vc_column][\/vc_row][vc_row wrap_container=\"yes\" content_placement=\"middle\" parallax=\"content-moving\" parallax_image=\"469\" parallax_speed_bg=\"1.4\" conditional_render=\"%5B%7B%22value_role%22%3A%22administrator%22%7D%5D\" css_params=\"\" el_class=\"ptopm pbotm form-block\" css=\".vc_custom_1765306545764{background-image: url(https:\/\/cell-bio.life\/wp-content\/uploads\/2025\/12\/back-1-scaled.webp?id=468) !important;background-position: center;background-repeat: no-repeat !important;background-size: cover !important;}\"][vc_column width=\"1\/5\"][\/vc_column][vc_column width=\"3\/5\"][vc_custom_heading text=\"Haben Sie Fragen zu unseren Produkten oder Dienstleistungen?\" font_container=\"tag:h2|text_align:center|color:%23ffffff\" use_theme_fonts=\"yes\" css_params=\"\"][vc_custom_heading text=\"Cell Bio entwickelt und optimiert L\u00f6sungen f\u00fcr jeden Kunden, um dessen Bed\u00fcrfnisse schnell und kosteneffizient zu erf\u00fcllen.\" font_container=\"tag:h4|text_align:center|color:%23ffffff\" use_theme_fonts=\"yes\" css_params=\"\"][vc_row_inner][vc_column_inner width=\"1\/2\"][vc_btn title=\"Anruf buchen\" style=\"outline\" shape=\"round\" color=\"blue\" size=\"xl\" align=\"right\" link=\"url:%23\" css_params=\"\" el_class=\"book-call-modal\"][\/vc_column_inner][vc_column_inner width=\"1\/2\"][vc_btn title=\"Bestellanfrage\" shape=\"round\" color=\"white\" size=\"xl\" align=\"left\" link=\"url:%2Fexpertise%2F\" css_params=\"\"][\/vc_column_inner][\/vc_row_inner][\/vc_column][vc_column width=\"1\/5\"][\/vc_column][\/vc_row]<\/div>[\/vc_column][\/vc_row][vc_row wrap_container=\"yes\" content_placement=\"middle\" parallax=\"content-moving\" parallax_image=\"469\" parallax_speed_bg=\"1.4\" conditional_render=\"%5B%7B%22value_role%22%3A%22administrator%22%7D%5D\" css_params=\"\" el_class=\"ptopm pbotm form-block\" css=\".vc_custom_1765306545764{background-image: url(https:\/\/cell-bio.life\/wp-content\/uploads\/2025\/12\/back-1-scaled.webp?id=468) !important;background-position: center;background-repeat: no-repeat !important;background-size: cover !important;}\"][vc_column width=\"1\/5\"][\/vc_column][vc_column width=\"3\/5\"][vc_custom_heading text=\"Haben Sie Fragen zu unseren Produkten oder Dienstleistungen?\" font_container=\"tag:h2|text_align:center|color:%23ffffff\" use_theme_fonts=\"yes\" css_params=\"\"][vc_custom_heading text=\"Cell Bio entwickelt und optimiert L\u00f6sungen f\u00fcr jeden Kunden, um dessen Bed\u00fcrfnisse schnell und kosteneffizient zu erf\u00fcllen.\" font_container=\"tag:h4|text_align:center|color:%23ffffff\" use_theme_fonts=\"yes\" css_params=\"\"][vc_row_inner][vc_column_inner width=\"1\/2\"][vc_btn title=\"Anruf buchen\" style=\"outline\" shape=\"round\" color=\"blue\" size=\"xl\" align=\"right\" link=\"url:%23\" css_params=\"\" el_class=\"book-call-modal\"][\/vc_column_inner][vc_column_inner width=\"1\/2\"][vc_btn title=\"Bestellanfrage\" shape=\"round\" color=\"white\" size=\"xl\" align=\"left\" link=\"url:%2Fexpertise%2F\" css_params=\"\"][\/vc_column_inner][\/vc_row_inner][\/vc_column][vc_column width=\"1\/5\"][\/vc_column][\/vc_row]<\/div>[\/vc_column][\/vc_row][vc_row wrap_container=\"yes\" content_placement=\"middle\" parallax=\"content-moving\" parallax_image=\"469\" parallax_speed_bg=\"1.4\" conditional_render=\"%5B%7B%22value_role%22%3A%22administrator%22%7D%5D\" css_params=\"\" el_class=\"ptopm pbotm form-block\" css=\".vc_custom_1765306545764{background-image: url(https:\/\/cell-bio.life\/wp-content\/uploads\/2025\/12\/back-1-scaled.webp?id=468) !important;background-position: center;background-repeat: no-repeat !important;background-size: cover !important;}\"][vc_column width=\"1\/5\"][\/vc_column][vc_column width=\"3\/5\"][vc_custom_heading text=\"Haben Sie Fragen zu unseren Produkten oder Dienstleistungen?\" font_container=\"tag:h2|text_align:center|color:%23ffffff\" use_theme_fonts=\"yes\" css_params=\"\"][vc_custom_heading text=\"Cell Bio entwickelt und optimiert L\u00f6sungen f\u00fcr jeden Kunden, um dessen Bed\u00fcrfnisse schnell und kosteneffizient zu erf\u00fcllen.\" font_container=\"tag:h4|text_align:center|color:%23ffffff\" use_theme_fonts=\"yes\" css_params=\"\"][vc_row_inner][vc_column_inner width=\"1\/2\"][vc_btn title=\"Anruf buchen\" style=\"outline\" shape=\"round\" color=\"blue\" size=\"xl\" align=\"right\" link=\"url:%23\" css_params=\"\" el_class=\"book-call-modal\"][\/vc_column_inner][vc_column_inner width=\"1\/2\"][vc_btn title=\"Bestellanfrage\" shape=\"round\" color=\"white\" size=\"xl\" align=\"left\" link=\"url:%2Fexpertise%2F\" css_params=\"\"][\/vc_column_inner][\/vc_row_inner][\/vc_column][vc_column width=\"1\/5\"][\/vc_column][\/vc_row]<\/div>[\/vc_column][\/vc_row]<\/p>\n<\/div>","protected":false},"excerpt":{"rendered":"<p>[vc_row full_width_css=&#8220;stretch_row_css&#8220; wrap_container=&#8220;yes&#8220; el_class=&#8220;banner-top ptopm pbotm&#8220; css=&#8220;.vc_custom_1764896024504{background-image: url(https:\/\/cell-bio.life\/wp-content\/uploads\/2025\/12\/up-pic-Stem-cells-2-scaled.webp?id=679) !important;background-position: center !important;background-repeat: no-repeat !important;background-size: cover !important;}&#8220; conditional_render=&#8220;%5B%7B%22value_role%22%3A%22administrator%22%7D%5D&#8220; css_params=&#8220;&#8220;][vc_column width=&#8220;1\/3&#8243;][\/vc_column][vc_column width=&#8220;2\/3&#8243;][vc_custom_heading text=&#8220;Nabelschnurgef\u00e4\u00df-Stammzellen&#8220; font_container=&#8220;tag:h1|text_align:right&#8220; use_theme_fonts=&#8220;yes&#8220; css_params=&#8220;&#8220;][vc_btn title=&#8220;Inventar ansehen&#8220; shape=&#8220;round&#8220; color=&#8220;white&#8220; size=&#8220;xl&#8220; align=&#8220;right&#8220; link=&#8220;url:%2Fproducts%2Finventory%2F&#8220; css_params=&#8220;&#8220;][\/vc_column][\/vc_row][vc_row full_width_css=&#8220;stretch_row_css&#8220; wrap_container=&#8220;yes&#8220; el_class=&#8220;ptopm pbot&#8220; conditional_render=&#8220;%5B%7B%22value_role%22%3A%22administrator%22%7D%5D&#8220; css_params=&#8220;&#8220; css=&#8220;.vc_custom_1764894416498{background-image: url(https:\/\/cell-bio.life\/wp-content\/uploads\/2025\/12\/back-3-scaled.webp?id=470) !important;background-position: center !important;background-repeat: no-repeat !important;background-size: cover !important;}&#8220;][vc_column][vc_row_inner equal_height=&#8220;yes&#8220; content_placement=&#8220;middle&#8220; el_class=&#8220;pbotm&#8220; css_params=&#8220;&#8220;][vc_column_inner width=&#8220;2\/3&#8243;][vc_column_text css=&#8220;&#8220; css_params=&#8220;&#8220;]Die Nabelschnur und [&hellip;]<\/p>\n","protected":false},"author":1,"featured_media":0,"parent":400,"menu_order":0,"comment_status":"closed","ping_status":"closed","template":"","meta":{"footnotes":""},"class_list":["post-836","page","type-page","status-publish","hentry"],"yoast_head":"<!-- This site is optimized with the Yoast SEO plugin v27.5 - https:\/\/yoast.com\/product\/yoast-seo-wordpress\/ -->\n<title>Nabelschnurgef\u00e4\u00df-Stammzellen - Cell Bio<\/title>\n<meta name=\"robots\" content=\"index, follow, max-snippet:-1, max-image-preview:large, max-video-preview:-1\" \/>\n<link rel=\"canonical\" href=\"https:\/\/cell-bio.life\/de\/products\/stem-cells\/umbilical-cord-vessel-stem-cells\/\" \/>\n<meta property=\"og:locale\" content=\"de_DE\" \/>\n<meta property=\"og:type\" content=\"article\" \/>\n<meta property=\"og:title\" content=\"Nabelschnurgef\u00e4\u00df-Stammzellen - Cell Bio\" \/>\n<meta property=\"og:description\" content=\"[vc_row full_width_css=&#8220;stretch_row_css&#8220; wrap_container=&#8220;yes&#8220; el_class=&#8220;banner-top ptopm pbotm&#8220; css=&#8220;.vc_custom_1764896024504{background-image: url(https:\/\/cell-bio.life\/wp-content\/uploads\/2025\/12\/up-pic-Stem-cells-2-scaled.webp?id=679) !important;background-position: center !important;background-repeat: no-repeat !important;background-size: cover !important;}&#8220; conditional_render=&#8220;%5B%7B%22value_role%22%3A%22administrator%22%7D%5D&#8220; css_params=&#8220;&#8220;][vc_column width=&#8220;1\/3&#8243;][\/vc_column][vc_column width=&#8220;2\/3&#8243;][vc_custom_heading text=&#8220;Nabelschnurgef\u00e4\u00df-Stammzellen&#8220; font_container=&#8220;tag:h1|text_align:right&#8220; use_theme_fonts=&#8220;yes&#8220; css_params=&#8220;&#8220;][vc_btn title=&#8220;Inventar ansehen&#8220; shape=&#8220;round&#8220; color=&#8220;white&#8220; size=&#8220;xl&#8220; align=&#8220;right&#8220; link=&#8220;url:%2Fproducts%2Finventory%2F&#8220; css_params=&#8220;&#8220;][\/vc_column][\/vc_row][vc_row full_width_css=&#8220;stretch_row_css&#8220; wrap_container=&#8220;yes&#8220; el_class=&#8220;ptopm pbot&#8220; conditional_render=&#8220;%5B%7B%22value_role%22%3A%22administrator%22%7D%5D&#8220; css_params=&#8220;&#8220; css=&#8220;.vc_custom_1764894416498{background-image: url(https:\/\/cell-bio.life\/wp-content\/uploads\/2025\/12\/back-3-scaled.webp?id=470) !important;background-position: center !important;background-repeat: no-repeat !important;background-size: cover !important;}&#8220;][vc_column][vc_row_inner equal_height=&#8220;yes&#8220; content_placement=&#8220;middle&#8220; el_class=&#8220;pbotm&#8220; css_params=&#8220;&#8220;][vc_column_inner width=&#8220;2\/3&#8243;][vc_column_text css=&#8220;&#8220; css_params=&#8220;&#8220;]Die Nabelschnur und [&hellip;]\" \/>\n<meta property=\"og:url\" content=\"https:\/\/cell-bio.life\/de\/products\/stem-cells\/umbilical-cord-vessel-stem-cells\/\" \/>\n<meta property=\"og:site_name\" content=\"Cell Bio\" \/>\n<meta property=\"article:modified_time\" content=\"2026-02-10T07:51:49+00:00\" \/>\n<meta name=\"twitter:card\" content=\"summary_large_image\" \/>\n<meta name=\"twitter:label1\" content=\"Gesch\u00e4tzte Lesezeit\" \/>\n\t<meta name=\"twitter:data1\" content=\"12\u00a0Minuten\" \/>\n<script type=\"application\/ld+json\" class=\"yoast-schema-graph\">{\"@context\":\"https:\\\/\\\/schema.org\",\"@graph\":[{\"@type\":\"WebPage\",\"@id\":\"https:\\\/\\\/cell-bio.life\\\/de\\\/products\\\/stem-cells\\\/umbilical-cord-vessel-stem-cells\\\/\",\"url\":\"https:\\\/\\\/cell-bio.life\\\/de\\\/products\\\/stem-cells\\\/umbilical-cord-vessel-stem-cells\\\/\",\"name\":\"Nabelschnurgef\u00e4\u00df-Stammzellen - Cell Bio\",\"isPartOf\":{\"@id\":\"https:\\\/\\\/cell-bio.life\\\/de\\\/#website\"},\"datePublished\":\"2025-12-05T00:38:44+00:00\",\"dateModified\":\"2026-02-10T07:51:49+00:00\",\"breadcrumb\":{\"@id\":\"https:\\\/\\\/cell-bio.life\\\/de\\\/products\\\/stem-cells\\\/umbilical-cord-vessel-stem-cells\\\/#breadcrumb\"},\"inLanguage\":\"de\",\"potentialAction\":[{\"@type\":\"ReadAction\",\"target\":[[\"https:\\\/\\\/cell-bio.life\\\/de\\\/products\\\/stem-cells\\\/umbilical-cord-vessel-stem-cells\\\/\"]]}]},{\"@type\":\"BreadcrumbList\",\"@id\":\"https:\\\/\\\/cell-bio.life\\\/de\\\/products\\\/stem-cells\\\/umbilical-cord-vessel-stem-cells\\\/#breadcrumb\",\"itemListElement\":[{\"@type\":\"ListItem\",\"position\":1,\"name\":\"Home\",\"item\":\"https:\\\/\\\/cell-bio.life\\\/de\\\/\"},{\"@type\":\"ListItem\",\"position\":2,\"name\":\"Products\",\"item\":\"https:\\\/\\\/cell-bio.life\\\/de\\\/products\\\/\"},{\"@type\":\"ListItem\",\"position\":3,\"name\":\"Stem cells\",\"item\":\"https:\\\/\\\/cell-bio.life\\\/de\\\/products\\\/stem-cells\\\/\"},{\"@type\":\"ListItem\",\"position\":4,\"name\":\"Umbilical cord vessel Stem cells\"}]},{\"@type\":\"WebSite\",\"@id\":\"https:\\\/\\\/cell-bio.life\\\/de\\\/#website\",\"url\":\"https:\\\/\\\/cell-bio.life\\\/de\\\/\",\"name\":\"Cell Bio\",\"description\":\"[:en]Cell Energy for the Life of Living[:de]Zellenergie f&uuml;r ein langes Leben[:fr]L'&eacute;nergie cellulaire pour la vie[:ja]\u751f\u547d\u306e\u305f\u3081\u306e\u7d30\u80de\u30a8\u30cd\u30eb\u30ae\u30fc[:ko]\uc0dd\uba85\uc758 \uc0b6\uc744 \uc704\ud55c \uc138\ud3ec \uc5d0\ub108\uc9c0[:]\",\"potentialAction\":[{\"@type\":\"SearchAction\",\"target\":{\"@type\":\"EntryPoint\",\"urlTemplate\":\"https:\\\/\\\/cell-bio.life\\\/de\\\/?s={search_term_string}\"},\"query-input\":{\"@type\":\"PropertyValueSpecification\",\"valueRequired\":true,\"valueName\":\"search_term_string\"}}],\"inLanguage\":\"de\"}]}<\/script>\n<!-- \/ Yoast SEO plugin. -->","yoast_head_json":{"title":"Nabelschnurgef\u00e4\u00df-Stammzellen - Cell Bio","robots":{"index":"index","follow":"follow","max-snippet":"max-snippet:-1","max-image-preview":"max-image-preview:large","max-video-preview":"max-video-preview:-1"},"canonical":"https:\/\/cell-bio.life\/de\/products\/stem-cells\/umbilical-cord-vessel-stem-cells\/","og_locale":"de_DE","og_type":"article","og_title":"Nabelschnurgef\u00e4\u00df-Stammzellen - Cell Bio","og_description":"[vc_row full_width_css=&#8220;stretch_row_css&#8220; wrap_container=&#8220;yes&#8220; el_class=&#8220;banner-top ptopm pbotm&#8220; css=&#8220;.vc_custom_1764896024504{background-image: url(https:\/\/cell-bio.life\/wp-content\/uploads\/2025\/12\/up-pic-Stem-cells-2-scaled.webp?id=679) !important;background-position: center !important;background-repeat: no-repeat !important;background-size: cover !important;}&#8220; conditional_render=&#8220;%5B%7B%22value_role%22%3A%22administrator%22%7D%5D&#8220; css_params=&#8220;&#8220;][vc_column width=&#8220;1\/3&#8243;][\/vc_column][vc_column width=&#8220;2\/3&#8243;][vc_custom_heading text=&#8220;Nabelschnurgef\u00e4\u00df-Stammzellen&#8220; font_container=&#8220;tag:h1|text_align:right&#8220; use_theme_fonts=&#8220;yes&#8220; css_params=&#8220;&#8220;][vc_btn title=&#8220;Inventar ansehen&#8220; shape=&#8220;round&#8220; color=&#8220;white&#8220; size=&#8220;xl&#8220; align=&#8220;right&#8220; link=&#8220;url:%2Fproducts%2Finventory%2F&#8220; css_params=&#8220;&#8220;][\/vc_column][\/vc_row][vc_row full_width_css=&#8220;stretch_row_css&#8220; wrap_container=&#8220;yes&#8220; el_class=&#8220;ptopm pbot&#8220; conditional_render=&#8220;%5B%7B%22value_role%22%3A%22administrator%22%7D%5D&#8220; css_params=&#8220;&#8220; css=&#8220;.vc_custom_1764894416498{background-image: url(https:\/\/cell-bio.life\/wp-content\/uploads\/2025\/12\/back-3-scaled.webp?id=470) !important;background-position: center !important;background-repeat: no-repeat !important;background-size: cover !important;}&#8220;][vc_column][vc_row_inner equal_height=&#8220;yes&#8220; content_placement=&#8220;middle&#8220; el_class=&#8220;pbotm&#8220; css_params=&#8220;&#8220;][vc_column_inner width=&#8220;2\/3&#8243;][vc_column_text css=&#8220;&#8220; css_params=&#8220;&#8220;]Die Nabelschnur und [&hellip;]","og_url":"https:\/\/cell-bio.life\/de\/products\/stem-cells\/umbilical-cord-vessel-stem-cells\/","og_site_name":"Cell Bio","article_modified_time":"2026-02-10T07:51:49+00:00","twitter_card":"summary_large_image","twitter_misc":{"Gesch\u00e4tzte Lesezeit":"12\u00a0Minuten"},"schema":{"@context":"https:\/\/schema.org","@graph":[{"@type":"WebPage","@id":"https:\/\/cell-bio.life\/de\/products\/stem-cells\/umbilical-cord-vessel-stem-cells\/","url":"https:\/\/cell-bio.life\/de\/products\/stem-cells\/umbilical-cord-vessel-stem-cells\/","name":"Nabelschnurgef\u00e4\u00df-Stammzellen - Cell Bio","isPartOf":{"@id":"https:\/\/cell-bio.life\/de\/#website"},"datePublished":"2025-12-05T00:38:44+00:00","dateModified":"2026-02-10T07:51:49+00:00","breadcrumb":{"@id":"https:\/\/cell-bio.life\/de\/products\/stem-cells\/umbilical-cord-vessel-stem-cells\/#breadcrumb"},"inLanguage":"de","potentialAction":[{"@type":"ReadAction","target":[["https:\/\/cell-bio.life\/de\/products\/stem-cells\/umbilical-cord-vessel-stem-cells\/"]]}]},{"@type":"BreadcrumbList","@id":"https:\/\/cell-bio.life\/de\/products\/stem-cells\/umbilical-cord-vessel-stem-cells\/#breadcrumb","itemListElement":[{"@type":"ListItem","position":1,"name":"Home","item":"https:\/\/cell-bio.life\/de\/"},{"@type":"ListItem","position":2,"name":"Products","item":"https:\/\/cell-bio.life\/de\/products\/"},{"@type":"ListItem","position":3,"name":"Stem cells","item":"https:\/\/cell-bio.life\/de\/products\/stem-cells\/"},{"@type":"ListItem","position":4,"name":"Umbilical cord vessel Stem cells"}]},{"@type":"WebSite","@id":"https:\/\/cell-bio.life\/de\/#website","url":"https:\/\/cell-bio.life\/de\/","name":"Cell Bio","description":"[:en]Cell Energy for the Life of Living[:de]Zellenergie f&uuml;r ein langes Leben[:fr]L'&eacute;nergie cellulaire pour la vie[:ja]\u751f\u547d\u306e\u305f\u3081\u306e\u7d30\u80de\u30a8\u30cd\u30eb\u30ae\u30fc[:ko]\uc0dd\uba85\uc758 \uc0b6\uc744 \uc704\ud55c \uc138\ud3ec \uc5d0\ub108\uc9c0[:]","potentialAction":[{"@type":"SearchAction","target":{"@type":"EntryPoint","urlTemplate":"https:\/\/cell-bio.life\/de\/?s={search_term_string}"},"query-input":{"@type":"PropertyValueSpecification","valueRequired":true,"valueName":"search_term_string"}}],"inLanguage":"de"}]}},"_links":{"self":[{"href":"https:\/\/cell-bio.life\/de\/wp-json\/wp\/v2\/pages\/836","targetHints":{"allow":["GET"]}}],"collection":[{"href":"https:\/\/cell-bio.life\/de\/wp-json\/wp\/v2\/pages"}],"about":[{"href":"https:\/\/cell-bio.life\/de\/wp-json\/wp\/v2\/types\/page"}],"author":[{"embeddable":true,"href":"https:\/\/cell-bio.life\/de\/wp-json\/wp\/v2\/users\/1"}],"replies":[{"embeddable":true,"href":"https:\/\/cell-bio.life\/de\/wp-json\/wp\/v2\/comments?post=836"}],"version-history":[{"count":13,"href":"https:\/\/cell-bio.life\/de\/wp-json\/wp\/v2\/pages\/836\/revisions"}],"predecessor-version":[{"id":1412,"href":"https:\/\/cell-bio.life\/de\/wp-json\/wp\/v2\/pages\/836\/revisions\/1412"}],"up":[{"embeddable":true,"href":"https:\/\/cell-bio.life\/de\/wp-json\/wp\/v2\/pages\/400"}],"wp:attachment":[{"href":"https:\/\/cell-bio.life\/de\/wp-json\/wp\/v2\/media?parent=836"}],"curies":[{"name":"wp","href":"https:\/\/api.w.org\/{rel}","templated":true}]}}