{"id":840,"date":"2025-12-05T03:39:54","date_gmt":"2025-12-05T00:39:54","guid":{"rendered":"https:\/\/cell-bio.life\/?page_id=840"},"modified":"2026-02-10T10:50:32","modified_gmt":"2026-02-10T07:50:32","slug":"neural-crest-stem-cells","status":"publish","type":"page","link":"https:\/\/cell-bio.life\/de\/products\/stem-cells\/neural-crest-stem-cells\/","title":{"rendered":"Neuralleisten-Stammzellen"},"content":{"rendered":"<div class=\"wpb-content-wrapper\"><p>[vc_row wrap_container=\"yes\" content_placement=\"middle\" parallax=\"content-moving\" parallax_image=\"469\" parallax_speed_bg=\"1.4\" conditional_render=\"%5B%7B%22value_role%22%3A%22administrator%22%7D%5D\" css_params=\"\" el_class=\"ptopm pbotm form-block\" css=\".vc_custom_1765306545764{background-image: url(https:\/\/cell-bio.life\/wp-content\/uploads\/2025\/12\/back-1-scaled.webp?id=468) !important;background-position: center;background-repeat: no-repeat !important;background-size: cover !important;}\"][vc_column width=\"1\/5\"][\/vc_column][vc_column width=\"3\/5\"][vc_custom_heading text=\"Haben Sie Fragen zu unseren Produkten oder Dienstleistungen?\" font_container=\"tag:h2|text_align:center|color:%23ffffff\" use_theme_fonts=\"yes\" css_params=\"\"][vc_custom_heading text=\"Cell Bio entwickelt und optimiert L\u00f6sungen f\u00fcr jeden Kunden, um dessen Bed\u00fcrfnisse schnell und kosteneffizient zu erf\u00fcllen.\" font_container=\"tag:h4|text_align:center|color:%23ffffff\" use_theme_fonts=\"yes\" css_params=\"\"][vc_row_inner][vc_column_inner width=\"1\/2\"][vc_btn title=\"Anruf buchen\" style=\"outline\" shape=\"round\" color=\"blue\" size=\"xl\" align=\"right\" link=\"url:%23\" css_params=\"\" el_class=\"book-call-modal\"][\/vc_column_inner][vc_column_inner width=\"1\/2\"][vc_btn title=\"Bestellanfrage\" shape=\"round\" color=\"white\" size=\"xl\" align=\"left\" link=\"url:%2Fexpertise%2F\" css_params=\"\"][\/vc_column_inner][\/vc_row_inner][\/vc_column][vc_column width=\"1\/5\"][\/vc_column][\/vc_row]<\/div>[\/vc_column][\/vc_row][vc_row full_width_css=&#8220;stretch_row_css&#8220; wrap_container=&#8220;yes&#8220; el_class=&#8220;banner-top ptopm pbotm&#8220; css=&#8220;.vc_custom_1764896024504{background-image: url(https:\/\/cell-bio.life\/wp-content\/uploads\/2025\/12\/up-pic-Stem-cells-2-scaled.webp?id=679) !important;background-position: center !important;background-repeat: no-repeat !important;background-size: cover !important;}&#8220; conditional_render=&#8220;%5B%7B%22value_role%22%3A%22administrator%22%7D%5D&#8220; css_params=&#8220;&#8220;][vc_column width=&#8220;1\/3&#8243;][\/vc_column][vc_column width=&#8220;2\/3&#8243;][vc_custom_heading text=&#8220;Neuralleisten-Stammzellen&#8220; font_container=&#8220;tag:h1|text_align:right&#8220; use_theme_fonts=&#8220;yes&#8220; css_params=&#8220;&#8220;][vc_btn title=&#8220;Inventar ansehen&#8220; shape=&#8220;round&#8220; color=&#8220;white&#8220; size=&#8220;xl&#8220; align=&#8220;right&#8220; link=&#8220;url:%2Fproducts%2Finventory%2F&#8220; css_params=&#8220;&#8220;][\/vc_column][\/vc_row][vc_row full_width_css=&#8220;stretch_row_css&#8220; wrap_container=&#8220;yes&#8220; el_class=&#8220;ptopm pbot&#8220; conditional_render=&#8220;%5B%7B%22value_role%22%3A%22administrator%22%7D%5D&#8220; css_params=&#8220;&#8220; css=&#8220;.vc_custom_1764894416498{background-image: url(https:\/\/cell-bio.life\/wp-content\/uploads\/2025\/12\/back-3-scaled.webp?id=470) !important;background-position: center !important;background-repeat: no-repeat !important;background-size: cover !important;}&#8220;][vc_column][vc_row_inner el_class=&#8220;pbotm&#8220; css_params=&#8220;&#8220;][vc_column_inner][vc_column_text css=&#8220;&#8220; css_params=&#8220;&#8220;]Neuralleistenstammzellen aus der Haut (NCSCs) sind multipotente Zellen, die in der Haut von Erwachsenen vorkommen und das Entwicklungspotenzial embryonaler Neuralleistenzellen beibehalten. Sie stellen eine leicht zug\u00e4ngliche, autologe Quelle f\u00fcr die regenerative Medizin und die Krankheitsmodellierung dar.[\/vc_column_text][\/vc_column_inner][\/vc_row_inner]<div class=\"porto-toggles wpb_content_element \">[vc_toggle title=&#8220;Wichtigste Merkmale und Quellen&#8220; css=&#8220;&#8220; css_params=&#8220;&#8220;]<strong>Lokalisation:<\/strong><br \/>\nDiese Zellen befinden sich vorwiegend in spezifischen Nischen:<\/p>\n<ul>\n<li>Haarfollikelwulst: Hier befinden sich epidermale neurale Stammzellen (EPI-NCSCs), die aus dem Ektoderm hervorgehen.<\/li>\n<li>Dermis: Enth\u00e4lt Hautvorl\u00e4uferzellen (SKPs), multipotente Zellen neuraler Abstammung.<\/li>\n<li>Interfollikul\u00e4re Epidermis: NCSCs k\u00f6nnen auch aus Keratinozytenkulturen neonataler und adulter Haut gewonnen werden.<\/li>\n<\/ul>\n<p><strong>Marker:<\/strong><br \/>\nDiese Zellen exprimieren typischerweise Marker wie p75NTR, SOX10, SOX2 und Nestin.<\/p>\n<p><strong>Expansion:<\/strong><br \/>\nSie werden h\u00e4ufig als Sph\u00e4roide (Hautsph\u00e4roide) in serumfreiem Medium mit EGF und FGF2 kultiviert.[\/vc_toggle][vc_toggle title=&#8220;Differenzierungspotenzial&#8220; css=&#8220;&#8220; css_params=&#8220;&#8220;]Hautstammzellen (NCSCs) k\u00f6nnen sich sowohl in vitro als auch in vivo in verschiedene Zelltypen differenzieren:<\/p>\n<ul>\n<li>Neuronale Zelllinien: Funktionelle sensorische Neuronen, Schwann-Zellen und Gliazellen.<\/li>\n<li>Pigmentzellen: Reife Melanozyten.<\/li>\n<li>Mesenchymale Zelllinien: Glatte Muskelzellen, Adipozyten (Fettzellen) und Chondrozyten (Knorpelzellen).<\/li>\n<\/ul>\n<p>[\/vc_toggle]<\/div>[\/vc_column][\/vc_row][vc_row full_width_css=&#8220;stretch_row_css&#8220; wrap_container=&#8220;yes&#8220; content_placement=&#8220;middle&#8220; conditional_render=&#8220;%5B%7B%22value_role%22%3A%22administrator%22%7D%5D&#8220; css_params=&#8220;&#8220; el_class=&#8220;pbot&#8220; css=&#8220;.vc_custom_1764890264879{background-position: center !important;background-repeat: no-repeat !important;background-size: cover !important;}&#8220;][vc_column]<div class=\"porto-block\" data-id=\"794\"><style>.vc_custom_1765306545764{background-image: url(https:\/\/cell-bio.life\/wp-content\/uploads\/2025\/12\/back-1-scaled.webp?id=468) !important;background-position: center;background-repeat: no-repeat !important;background-size: cover !important;}.vc_custom_1765306545764{background-image: url(https:\/\/cell-bio.life\/wp-content\/uploads\/2025\/12\/back-1-scaled.webp?id=468) !important;background-position: center;background-repeat: no-repeat !important;background-size: cover !important;}.vc_custom_1765306545764{background-image: url(https:\/\/cell-bio.life\/wp-content\/uploads\/2025\/12\/back-1-scaled.webp?id=468) !important;background-position: center;background-repeat: no-repeat !important;background-size: cover !important;}.vc_custom_1765306545764{background-image: url(https:\/\/cell-bio.life\/wp-content\/uploads\/2025\/12\/back-1-scaled.webp?id=468) !important;background-position: center;background-repeat: no-repeat !important;background-size: cover !important;}.vc_custom_1765306545764{background-image: url(https:\/\/cell-bio.life\/wp-content\/uploads\/2025\/12\/back-1-scaled.webp?id=468) !important;background-position: center;background-repeat: no-repeat !important;background-size: cover !important;}<\/style>[vc_row wrap_container=\"yes\" content_placement=\"middle\" parallax=\"content-moving\" parallax_image=\"469\" parallax_speed_bg=\"1.4\" conditional_render=\"%5B%7B%22value_role%22%3A%22administrator%22%7D%5D\" css_params=\"\" el_class=\"ptopm pbotm form-block\" css=\".vc_custom_1765306545764{background-image: url(https:\/\/cell-bio.life\/wp-content\/uploads\/2025\/12\/back-1-scaled.webp?id=468) !important;background-position: center;background-repeat: no-repeat !important;background-size: cover !important;}\"][vc_column width=\"1\/5\"][\/vc_column][vc_column width=\"3\/5\"][vc_custom_heading text=\"Haben Sie Fragen zu unseren Produkten oder Dienstleistungen?\" font_container=\"tag:h2|text_align:center|color:%23ffffff\" use_theme_fonts=\"yes\" css_params=\"\"][vc_custom_heading text=\"Cell Bio entwickelt und optimiert L\u00f6sungen f\u00fcr jeden Kunden, um dessen Bed\u00fcrfnisse schnell und kosteneffizient zu erf\u00fcllen.\" font_container=\"tag:h4|text_align:center|color:%23ffffff\" use_theme_fonts=\"yes\" css_params=\"\"][vc_row_inner][vc_column_inner width=\"1\/2\"][vc_btn title=\"Anruf buchen\" style=\"outline\" shape=\"round\" color=\"blue\" size=\"xl\" align=\"right\" link=\"url:%23\" css_params=\"\" el_class=\"book-call-modal\"][\/vc_column_inner][vc_column_inner width=\"1\/2\"][vc_btn title=\"Bestellanfrage\" shape=\"round\" color=\"white\" size=\"xl\" align=\"left\" link=\"url:%2Fexpertise%2F\" css_params=\"\"][\/vc_column_inner][\/vc_row_inner][\/vc_column][vc_column width=\"1\/5\"][\/vc_column][\/vc_row]<\/div>[\/vc_column][\/vc_row][vc_row wrap_container=\"yes\" content_placement=\"middle\" parallax=\"content-moving\" parallax_image=\"469\" parallax_speed_bg=\"1.4\" conditional_render=\"%5B%7B%22value_role%22%3A%22administrator%22%7D%5D\" css_params=\"\" el_class=\"ptopm pbotm form-block\" css=\".vc_custom_1765306545764{background-image: url(https:\/\/cell-bio.life\/wp-content\/uploads\/2025\/12\/back-1-scaled.webp?id=468) !important;background-position: center;background-repeat: no-repeat !important;background-size: cover !important;}\"][vc_column width=\"1\/5\"][\/vc_column][vc_column width=\"3\/5\"][vc_custom_heading text=\"Haben Sie Fragen zu unseren Produkten oder Dienstleistungen?\" font_container=\"tag:h2|text_align:center|color:%23ffffff\" use_theme_fonts=\"yes\" css_params=\"\"][vc_custom_heading text=\"Cell Bio entwickelt und optimiert L\u00f6sungen f\u00fcr jeden Kunden, um dessen Bed\u00fcrfnisse schnell und kosteneffizient zu erf\u00fcllen.\" font_container=\"tag:h4|text_align:center|color:%23ffffff\" use_theme_fonts=\"yes\" css_params=\"\"][vc_row_inner][vc_column_inner width=\"1\/2\"][vc_btn title=\"Anruf buchen\" style=\"outline\" shape=\"round\" color=\"blue\" size=\"xl\" align=\"right\" link=\"url:%23\" css_params=\"\" el_class=\"book-call-modal\"][\/vc_column_inner][vc_column_inner width=\"1\/2\"][vc_btn title=\"Bestellanfrage\" shape=\"round\" color=\"white\" size=\"xl\" align=\"left\" link=\"url:%2Fexpertise%2F\" css_params=\"\"][\/vc_column_inner][\/vc_row_inner][\/vc_column][vc_column width=\"1\/5\"][\/vc_column][\/vc_row]<\/div>[\/vc_column][\/vc_row][vc_row wrap_container=\"yes\" content_placement=\"middle\" parallax=\"content-moving\" parallax_image=\"469\" parallax_speed_bg=\"1.4\" conditional_render=\"%5B%7B%22value_role%22%3A%22administrator%22%7D%5D\" css_params=\"\" el_class=\"ptopm pbotm form-block\" css=\".vc_custom_1765306545764{background-image: url(https:\/\/cell-bio.life\/wp-content\/uploads\/2025\/12\/back-1-scaled.webp?id=468) !important;background-position: center;background-repeat: no-repeat !important;background-size: cover !important;}\"][vc_column width=\"1\/5\"][\/vc_column][vc_column width=\"3\/5\"][vc_custom_heading text=\"Haben Sie Fragen zu unseren Produkten oder Dienstleistungen?\" font_container=\"tag:h2|text_align:center|color:%23ffffff\" use_theme_fonts=\"yes\" css_params=\"\"][vc_custom_heading text=\"Cell Bio entwickelt und optimiert L\u00f6sungen f\u00fcr jeden Kunden, um dessen Bed\u00fcrfnisse schnell und kosteneffizient zu erf\u00fcllen.\" font_container=\"tag:h4|text_align:center|color:%23ffffff\" use_theme_fonts=\"yes\" css_params=\"\"][vc_row_inner][vc_column_inner width=\"1\/2\"][vc_btn title=\"Anruf buchen\" style=\"outline\" shape=\"round\" color=\"blue\" size=\"xl\" align=\"right\" link=\"url:%23\" css_params=\"\" el_class=\"book-call-modal\"][\/vc_column_inner][vc_column_inner width=\"1\/2\"][vc_btn title=\"Bestellanfrage\" shape=\"round\" color=\"white\" size=\"xl\" align=\"left\" link=\"url:%2Fexpertise%2F\" css_params=\"\"][\/vc_column_inner][\/vc_row_inner][\/vc_column][vc_column width=\"1\/5\"][\/vc_column][\/vc_row]<\/div>[\/vc_column][\/vc_row][vc_row wrap_container=\"yes\" content_placement=\"middle\" parallax=\"content-moving\" parallax_image=\"469\" parallax_speed_bg=\"1.4\" conditional_render=\"%5B%7B%22value_role%22%3A%22administrator%22%7D%5D\" css_params=\"\" el_class=\"ptopm pbotm form-block\" css=\".vc_custom_1765306545764{background-image: url(https:\/\/cell-bio.life\/wp-content\/uploads\/2025\/12\/back-1-scaled.webp?id=468) !important;background-position: center;background-repeat: no-repeat !important;background-size: cover !important;}\"][vc_column width=\"1\/5\"][\/vc_column][vc_column width=\"3\/5\"][vc_custom_heading text=\"Haben Sie Fragen zu unseren Produkten oder Dienstleistungen?\" font_container=\"tag:h2|text_align:center|color:%23ffffff\" use_theme_fonts=\"yes\" css_params=\"\"][vc_custom_heading text=\"Cell Bio entwickelt und optimiert L\u00f6sungen f\u00fcr jeden Kunden, um dessen Bed\u00fcrfnisse schnell und kosteneffizient zu erf\u00fcllen.\" font_container=\"tag:h4|text_align:center|color:%23ffffff\" use_theme_fonts=\"yes\" css_params=\"\"][vc_row_inner][vc_column_inner width=\"1\/2\"][vc_btn title=\"Anruf buchen\" style=\"outline\" shape=\"round\" color=\"blue\" size=\"xl\" align=\"right\" link=\"url:%23\" css_params=\"\" el_class=\"book-call-modal\"][\/vc_column_inner][vc_column_inner width=\"1\/2\"][vc_btn title=\"Bestellanfrage\" shape=\"round\" color=\"white\" size=\"xl\" align=\"left\" link=\"url:%2Fexpertise%2F\" css_params=\"\"][\/vc_column_inner][\/vc_row_inner][\/vc_column][vc_column width=\"1\/5\"][\/vc_column][\/vc_row]<\/div>[\/vc_column][\/vc_row]<\/p>\n<\/div>","protected":false},"excerpt":{"rendered":"<p>[vc_row full_width_css=&#8220;stretch_row_css&#8220; wrap_container=&#8220;yes&#8220; el_class=&#8220;banner-top ptopm pbotm&#8220; css=&#8220;.vc_custom_1764896024504{background-image: url(https:\/\/cell-bio.life\/wp-content\/uploads\/2025\/12\/up-pic-Stem-cells-2-scaled.webp?id=679) !important;background-position: center !important;background-repeat: no-repeat !important;background-size: cover !important;}&#8220; conditional_render=&#8220;%5B%7B%22value_role%22%3A%22administrator%22%7D%5D&#8220; css_params=&#8220;&#8220;][vc_column width=&#8220;1\/3&#8243;][\/vc_column][vc_column width=&#8220;2\/3&#8243;][vc_custom_heading text=&#8220;Neuralleisten-Stammzellen&#8220; font_container=&#8220;tag:h1|text_align:right&#8220; use_theme_fonts=&#8220;yes&#8220; css_params=&#8220;&#8220;][vc_btn title=&#8220;Inventar ansehen&#8220; shape=&#8220;round&#8220; color=&#8220;white&#8220; size=&#8220;xl&#8220; align=&#8220;right&#8220; link=&#8220;url:%2Fproducts%2Finventory%2F&#8220; css_params=&#8220;&#8220;][\/vc_column][\/vc_row][vc_row full_width_css=&#8220;stretch_row_css&#8220; wrap_container=&#8220;yes&#8220; el_class=&#8220;ptopm pbot&#8220; conditional_render=&#8220;%5B%7B%22value_role%22%3A%22administrator%22%7D%5D&#8220; css_params=&#8220;&#8220; css=&#8220;.vc_custom_1764894416498{background-image: url(https:\/\/cell-bio.life\/wp-content\/uploads\/2025\/12\/back-3-scaled.webp?id=470) !important;background-position: center !important;background-repeat: no-repeat !important;background-size: cover !important;}&#8220;][vc_column][vc_row_inner el_class=&#8220;pbotm&#8220; css_params=&#8220;&#8220;][vc_column_inner][vc_column_text css=&#8220;&#8220; css_params=&#8220;&#8220;]Neuralleistenstammzellen aus der Haut (NCSCs) sind [&hellip;]<\/p>\n","protected":false},"author":1,"featured_media":0,"parent":400,"menu_order":0,"comment_status":"closed","ping_status":"closed","template":"","meta":{"footnotes":""},"class_list":["post-840","page","type-page","status-publish","hentry"],"yoast_head":"<!-- This site is optimized with the Yoast SEO plugin v27.5 - https:\/\/yoast.com\/product\/yoast-seo-wordpress\/ -->\n<title>Neuralleisten-Stammzellen - Cell Bio<\/title>\n<meta name=\"robots\" content=\"index, follow, max-snippet:-1, max-image-preview:large, max-video-preview:-1\" \/>\n<link rel=\"canonical\" href=\"https:\/\/cell-bio.life\/de\/products\/stem-cells\/neural-crest-stem-cells\/\" \/>\n<meta property=\"og:locale\" content=\"de_DE\" \/>\n<meta property=\"og:type\" content=\"article\" \/>\n<meta property=\"og:title\" content=\"Neuralleisten-Stammzellen - Cell Bio\" \/>\n<meta property=\"og:description\" content=\"[vc_row full_width_css=&#8220;stretch_row_css&#8220; wrap_container=&#8220;yes&#8220; el_class=&#8220;banner-top ptopm pbotm&#8220; css=&#8220;.vc_custom_1764896024504{background-image: url(https:\/\/cell-bio.life\/wp-content\/uploads\/2025\/12\/up-pic-Stem-cells-2-scaled.webp?id=679) !important;background-position: center !important;background-repeat: no-repeat !important;background-size: cover !important;}&#8220; conditional_render=&#8220;%5B%7B%22value_role%22%3A%22administrator%22%7D%5D&#8220; css_params=&#8220;&#8220;][vc_column width=&#8220;1\/3&#8243;][\/vc_column][vc_column width=&#8220;2\/3&#8243;][vc_custom_heading text=&#8220;Neuralleisten-Stammzellen&#8220; font_container=&#8220;tag:h1|text_align:right&#8220; use_theme_fonts=&#8220;yes&#8220; css_params=&#8220;&#8220;][vc_btn title=&#8220;Inventar ansehen&#8220; shape=&#8220;round&#8220; color=&#8220;white&#8220; size=&#8220;xl&#8220; align=&#8220;right&#8220; link=&#8220;url:%2Fproducts%2Finventory%2F&#8220; css_params=&#8220;&#8220;][\/vc_column][\/vc_row][vc_row full_width_css=&#8220;stretch_row_css&#8220; wrap_container=&#8220;yes&#8220; el_class=&#8220;ptopm pbot&#8220; conditional_render=&#8220;%5B%7B%22value_role%22%3A%22administrator%22%7D%5D&#8220; css_params=&#8220;&#8220; css=&#8220;.vc_custom_1764894416498{background-image: url(https:\/\/cell-bio.life\/wp-content\/uploads\/2025\/12\/back-3-scaled.webp?id=470) !important;background-position: center !important;background-repeat: no-repeat !important;background-size: cover !important;}&#8220;][vc_column][vc_row_inner el_class=&#8220;pbotm&#8220; css_params=&#8220;&#8220;][vc_column_inner][vc_column_text css=&#8220;&#8220; css_params=&#8220;&#8220;]Neuralleistenstammzellen aus der Haut (NCSCs) sind [&hellip;]\" \/>\n<meta property=\"og:url\" content=\"https:\/\/cell-bio.life\/de\/products\/stem-cells\/neural-crest-stem-cells\/\" \/>\n<meta property=\"og:site_name\" content=\"Cell Bio\" \/>\n<meta property=\"article:modified_time\" content=\"2026-02-10T07:50:32+00:00\" \/>\n<meta name=\"twitter:card\" content=\"summary_large_image\" \/>\n<meta name=\"twitter:label1\" content=\"Gesch\u00e4tzte Lesezeit\" \/>\n\t<meta name=\"twitter:data1\" content=\"9\u00a0Minuten\" \/>\n<script type=\"application\/ld+json\" class=\"yoast-schema-graph\">{\"@context\":\"https:\\\/\\\/schema.org\",\"@graph\":[{\"@type\":\"WebPage\",\"@id\":\"https:\\\/\\\/cell-bio.life\\\/de\\\/products\\\/stem-cells\\\/neural-crest-stem-cells\\\/\",\"url\":\"https:\\\/\\\/cell-bio.life\\\/de\\\/products\\\/stem-cells\\\/neural-crest-stem-cells\\\/\",\"name\":\"Neuralleisten-Stammzellen - Cell Bio\",\"isPartOf\":{\"@id\":\"https:\\\/\\\/cell-bio.life\\\/de\\\/#website\"},\"datePublished\":\"2025-12-05T00:39:54+00:00\",\"dateModified\":\"2026-02-10T07:50:32+00:00\",\"breadcrumb\":{\"@id\":\"https:\\\/\\\/cell-bio.life\\\/de\\\/products\\\/stem-cells\\\/neural-crest-stem-cells\\\/#breadcrumb\"},\"inLanguage\":\"de\",\"potentialAction\":[{\"@type\":\"ReadAction\",\"target\":[[\"https:\\\/\\\/cell-bio.life\\\/de\\\/products\\\/stem-cells\\\/neural-crest-stem-cells\\\/\"]]}]},{\"@type\":\"BreadcrumbList\",\"@id\":\"https:\\\/\\\/cell-bio.life\\\/de\\\/products\\\/stem-cells\\\/neural-crest-stem-cells\\\/#breadcrumb\",\"itemListElement\":[{\"@type\":\"ListItem\",\"position\":1,\"name\":\"Home\",\"item\":\"https:\\\/\\\/cell-bio.life\\\/de\\\/\"},{\"@type\":\"ListItem\",\"position\":2,\"name\":\"Products\",\"item\":\"https:\\\/\\\/cell-bio.life\\\/de\\\/products\\\/\"},{\"@type\":\"ListItem\",\"position\":3,\"name\":\"Stem cells\",\"item\":\"https:\\\/\\\/cell-bio.life\\\/de\\\/products\\\/stem-cells\\\/\"},{\"@type\":\"ListItem\",\"position\":4,\"name\":\"Neural crest Stem cells\"}]},{\"@type\":\"WebSite\",\"@id\":\"https:\\\/\\\/cell-bio.life\\\/de\\\/#website\",\"url\":\"https:\\\/\\\/cell-bio.life\\\/de\\\/\",\"name\":\"Cell Bio\",\"description\":\"[:en]Cell Energy for the Life of Living[:de]Zellenergie f&uuml;r ein langes Leben[:fr]L'&eacute;nergie cellulaire pour la vie[:ja]\u751f\u547d\u306e\u305f\u3081\u306e\u7d30\u80de\u30a8\u30cd\u30eb\u30ae\u30fc[:ko]\uc0dd\uba85\uc758 \uc0b6\uc744 \uc704\ud55c \uc138\ud3ec \uc5d0\ub108\uc9c0[:]\",\"potentialAction\":[{\"@type\":\"SearchAction\",\"target\":{\"@type\":\"EntryPoint\",\"urlTemplate\":\"https:\\\/\\\/cell-bio.life\\\/de\\\/?s={search_term_string}\"},\"query-input\":{\"@type\":\"PropertyValueSpecification\",\"valueRequired\":true,\"valueName\":\"search_term_string\"}}],\"inLanguage\":\"de\"}]}<\/script>\n<!-- \/ Yoast SEO plugin. -->","yoast_head_json":{"title":"Neuralleisten-Stammzellen - Cell Bio","robots":{"index":"index","follow":"follow","max-snippet":"max-snippet:-1","max-image-preview":"max-image-preview:large","max-video-preview":"max-video-preview:-1"},"canonical":"https:\/\/cell-bio.life\/de\/products\/stem-cells\/neural-crest-stem-cells\/","og_locale":"de_DE","og_type":"article","og_title":"Neuralleisten-Stammzellen - Cell Bio","og_description":"[vc_row full_width_css=&#8220;stretch_row_css&#8220; wrap_container=&#8220;yes&#8220; el_class=&#8220;banner-top ptopm pbotm&#8220; css=&#8220;.vc_custom_1764896024504{background-image: url(https:\/\/cell-bio.life\/wp-content\/uploads\/2025\/12\/up-pic-Stem-cells-2-scaled.webp?id=679) !important;background-position: center !important;background-repeat: no-repeat !important;background-size: cover !important;}&#8220; conditional_render=&#8220;%5B%7B%22value_role%22%3A%22administrator%22%7D%5D&#8220; css_params=&#8220;&#8220;][vc_column width=&#8220;1\/3&#8243;][\/vc_column][vc_column width=&#8220;2\/3&#8243;][vc_custom_heading text=&#8220;Neuralleisten-Stammzellen&#8220; font_container=&#8220;tag:h1|text_align:right&#8220; use_theme_fonts=&#8220;yes&#8220; css_params=&#8220;&#8220;][vc_btn title=&#8220;Inventar ansehen&#8220; shape=&#8220;round&#8220; color=&#8220;white&#8220; size=&#8220;xl&#8220; align=&#8220;right&#8220; link=&#8220;url:%2Fproducts%2Finventory%2F&#8220; css_params=&#8220;&#8220;][\/vc_column][\/vc_row][vc_row full_width_css=&#8220;stretch_row_css&#8220; wrap_container=&#8220;yes&#8220; el_class=&#8220;ptopm pbot&#8220; conditional_render=&#8220;%5B%7B%22value_role%22%3A%22administrator%22%7D%5D&#8220; css_params=&#8220;&#8220; css=&#8220;.vc_custom_1764894416498{background-image: url(https:\/\/cell-bio.life\/wp-content\/uploads\/2025\/12\/back-3-scaled.webp?id=470) !important;background-position: center !important;background-repeat: no-repeat !important;background-size: cover !important;}&#8220;][vc_column][vc_row_inner el_class=&#8220;pbotm&#8220; css_params=&#8220;&#8220;][vc_column_inner][vc_column_text css=&#8220;&#8220; css_params=&#8220;&#8220;]Neuralleistenstammzellen aus der Haut (NCSCs) sind [&hellip;]","og_url":"https:\/\/cell-bio.life\/de\/products\/stem-cells\/neural-crest-stem-cells\/","og_site_name":"Cell Bio","article_modified_time":"2026-02-10T07:50:32+00:00","twitter_card":"summary_large_image","twitter_misc":{"Gesch\u00e4tzte Lesezeit":"9\u00a0Minuten"},"schema":{"@context":"https:\/\/schema.org","@graph":[{"@type":"WebPage","@id":"https:\/\/cell-bio.life\/de\/products\/stem-cells\/neural-crest-stem-cells\/","url":"https:\/\/cell-bio.life\/de\/products\/stem-cells\/neural-crest-stem-cells\/","name":"Neuralleisten-Stammzellen - Cell Bio","isPartOf":{"@id":"https:\/\/cell-bio.life\/de\/#website"},"datePublished":"2025-12-05T00:39:54+00:00","dateModified":"2026-02-10T07:50:32+00:00","breadcrumb":{"@id":"https:\/\/cell-bio.life\/de\/products\/stem-cells\/neural-crest-stem-cells\/#breadcrumb"},"inLanguage":"de","potentialAction":[{"@type":"ReadAction","target":[["https:\/\/cell-bio.life\/de\/products\/stem-cells\/neural-crest-stem-cells\/"]]}]},{"@type":"BreadcrumbList","@id":"https:\/\/cell-bio.life\/de\/products\/stem-cells\/neural-crest-stem-cells\/#breadcrumb","itemListElement":[{"@type":"ListItem","position":1,"name":"Home","item":"https:\/\/cell-bio.life\/de\/"},{"@type":"ListItem","position":2,"name":"Products","item":"https:\/\/cell-bio.life\/de\/products\/"},{"@type":"ListItem","position":3,"name":"Stem cells","item":"https:\/\/cell-bio.life\/de\/products\/stem-cells\/"},{"@type":"ListItem","position":4,"name":"Neural crest Stem cells"}]},{"@type":"WebSite","@id":"https:\/\/cell-bio.life\/de\/#website","url":"https:\/\/cell-bio.life\/de\/","name":"Cell Bio","description":"[:en]Cell Energy for the Life of Living[:de]Zellenergie f&uuml;r ein langes Leben[:fr]L'&eacute;nergie cellulaire pour la vie[:ja]\u751f\u547d\u306e\u305f\u3081\u306e\u7d30\u80de\u30a8\u30cd\u30eb\u30ae\u30fc[:ko]\uc0dd\uba85\uc758 \uc0b6\uc744 \uc704\ud55c \uc138\ud3ec \uc5d0\ub108\uc9c0[:]","potentialAction":[{"@type":"SearchAction","target":{"@type":"EntryPoint","urlTemplate":"https:\/\/cell-bio.life\/de\/?s={search_term_string}"},"query-input":{"@type":"PropertyValueSpecification","valueRequired":true,"valueName":"search_term_string"}}],"inLanguage":"de"}]}},"_links":{"self":[{"href":"https:\/\/cell-bio.life\/de\/wp-json\/wp\/v2\/pages\/840","targetHints":{"allow":["GET"]}}],"collection":[{"href":"https:\/\/cell-bio.life\/de\/wp-json\/wp\/v2\/pages"}],"about":[{"href":"https:\/\/cell-bio.life\/de\/wp-json\/wp\/v2\/types\/page"}],"author":[{"embeddable":true,"href":"https:\/\/cell-bio.life\/de\/wp-json\/wp\/v2\/users\/1"}],"replies":[{"embeddable":true,"href":"https:\/\/cell-bio.life\/de\/wp-json\/wp\/v2\/comments?post=840"}],"version-history":[{"count":10,"href":"https:\/\/cell-bio.life\/de\/wp-json\/wp\/v2\/pages\/840\/revisions"}],"predecessor-version":[{"id":1411,"href":"https:\/\/cell-bio.life\/de\/wp-json\/wp\/v2\/pages\/840\/revisions\/1411"}],"up":[{"embeddable":true,"href":"https:\/\/cell-bio.life\/de\/wp-json\/wp\/v2\/pages\/400"}],"wp:attachment":[{"href":"https:\/\/cell-bio.life\/de\/wp-json\/wp\/v2\/media?parent=840"}],"curies":[{"name":"wp","href":"https:\/\/api.w.org\/{rel}","templated":true}]}}