{"id":848,"date":"2025-12-05T03:42:05","date_gmt":"2025-12-05T00:42:05","guid":{"rendered":"https:\/\/cell-bio.life\/?page_id=848"},"modified":"2026-02-10T10:49:23","modified_gmt":"2026-02-10T07:49:23","slug":"adipose-derived-stem-cells","status":"publish","type":"page","link":"https:\/\/cell-bio.life\/de\/products\/stem-cells\/adipose-derived-stem-cells\/","title":{"rendered":"Fettgewebe-Stammzellen"},"content":{"rendered":"<div class=\"wpb-content-wrapper\"><p>[vc_row wrap_container=\"yes\" content_placement=\"middle\" parallax=\"content-moving\" parallax_image=\"469\" parallax_speed_bg=\"1.4\" conditional_render=\"%5B%7B%22value_role%22%3A%22administrator%22%7D%5D\" css_params=\"\" el_class=\"ptopm pbotm form-block\" css=\".vc_custom_1765306545764{background-image: url(https:\/\/cell-bio.life\/wp-content\/uploads\/2025\/12\/back-1-scaled.webp?id=468) !important;background-position: center;background-repeat: no-repeat !important;background-size: cover !important;}\"][vc_column width=\"1\/5\"][\/vc_column][vc_column width=\"3\/5\"][vc_custom_heading text=\"Haben Sie Fragen zu unseren Produkten oder Dienstleistungen?\" font_container=\"tag:h2|text_align:center|color:%23ffffff\" use_theme_fonts=\"yes\" css_params=\"\"][vc_custom_heading text=\"Cell Bio entwickelt und optimiert L\u00f6sungen f\u00fcr jeden Kunden, um dessen Bed\u00fcrfnisse schnell und kosteneffizient zu erf\u00fcllen.\" font_container=\"tag:h4|text_align:center|color:%23ffffff\" use_theme_fonts=\"yes\" css_params=\"\"][vc_row_inner][vc_column_inner width=\"1\/2\"][vc_btn title=\"Anruf buchen\" style=\"outline\" shape=\"round\" color=\"blue\" size=\"xl\" align=\"right\" link=\"url:%23\" css_params=\"\" el_class=\"book-call-modal\"][\/vc_column_inner][vc_column_inner width=\"1\/2\"][vc_btn title=\"Bestellanfrage\" shape=\"round\" color=\"white\" size=\"xl\" align=\"left\" link=\"url:%2Fexpertise%2F\" css_params=\"\"][\/vc_column_inner][\/vc_row_inner][\/vc_column][vc_column width=\"1\/5\"][\/vc_column][\/vc_row]<\/div>[\/vc_column][\/vc_row][vc_row full_width_css=&#8220;stretch_row_css&#8220; wrap_container=&#8220;yes&#8220; el_class=&#8220;banner-top ptopm pbotm&#8220; css=&#8220;.vc_custom_1764896024504{background-image: url(https:\/\/cell-bio.life\/wp-content\/uploads\/2025\/12\/up-pic-Stem-cells-2-scaled.webp?id=679) !important;background-position: center !important;background-repeat: no-repeat !important;background-size: cover !important;}&#8220; conditional_render=&#8220;%5B%7B%22value_role%22%3A%22administrator%22%7D%5D&#8220; css_params=&#8220;&#8220;][vc_column width=&#8220;1\/3&#8243;][\/vc_column][vc_column width=&#8220;2\/3&#8243;][vc_custom_heading text=&#8220;Fettgewebe-Stammzellen&#8220; font_container=&#8220;tag:h1|text_align:right&#8220; use_theme_fonts=&#8220;yes&#8220; css_params=&#8220;&#8220;][vc_btn title=&#8220;Inventar ansehen&#8220; shape=&#8220;round&#8220; color=&#8220;white&#8220; size=&#8220;xl&#8220; align=&#8220;right&#8220; link=&#8220;url:%2Fproducts%2Finventory%2F&#8220; css_params=&#8220;&#8220;][\/vc_column][\/vc_row][vc_row full_width_css=&#8220;stretch_row_css&#8220; wrap_container=&#8220;yes&#8220; el_class=&#8220;ptopm pbot&#8220; conditional_render=&#8220;%5B%7B%22value_role%22%3A%22administrator%22%7D%5D&#8220; css_params=&#8220;&#8220; css=&#8220;.vc_custom_1764894416498{background-image: url(https:\/\/cell-bio.life\/wp-content\/uploads\/2025\/12\/back-3-scaled.webp?id=470) !important;background-position: center !important;background-repeat: no-repeat !important;background-size: cover !important;}&#8220;][vc_column][vc_row_inner equal_height=&#8220;yes&#8220; content_placement=&#8220;middle&#8220; el_class=&#8220;pbotm&#8220; css_params=&#8220;&#8220;][vc_column_inner width=&#8220;2\/3&#8243;][vc_column_text css=&#8220;&#8220; css_params=&#8220;&#8220;]Adipozyten-abgeleitete Stammzellen (ASCs oder ADSCs) sind eine Untergruppe der mesenchymalen Stammzellen (MSCs), die aus Fettgewebe gewonnen werden. Aufgrund ihrer H\u00e4ufigkeit, ihrer leichten Verf\u00fcgbarkeit und ihres Potenzials zur Differenzierung in verschiedene Zelllinien stellen sie bis 2026 eine entscheidende Ressource f\u00fcr die regenerative Medizin dar.[\/vc_column_text][\/vc_column_inner][vc_column_inner width=&#8220;1\/3&#8243;][vc_masonry_media_grid element_width=&#8220;12&#8243; css=&#8220;&#8220; grid_id=&#8220;vc_gid:1769651534297-8a6b47a2-6c9c-6&#8243; include=&#8220;1149&#8243; css_params=&#8220;&#8220;][\/vc_column_inner][\/vc_row_inner]<div class=\"porto-toggles wpb_content_element \">[vc_toggle title=&#8220;Hauptmerkmale&#8220; css=&#8220;&#8220; css_params=&#8220;&#8220;]<strong>Multipotenz:<\/strong><br \/>\nASCs k\u00f6nnen sich in verschiedene Zelltypen differenzieren, darunter Adipozyten (Fettzellen), Osteoblasten (Knochenzellen), Chondrozyten (Knorpelzellen), Myozyten (Muskelzellen) und sogar Neurozyten (Nervenzellen).<\/p>\n<p><strong>Minimalinvasiv:<\/strong><br \/>\nIm Gegensatz zu aus dem Knochenmark gewonnenen Stammzellen lassen sich ASCs einfach durch Fettabsaugung oder direkte Fettexzision gewinnen. Dies erm\u00f6glicht eine h\u00f6here Stammzellausbeute bei geringerer Belastung f\u00fcr den Patienten.<\/p>\n<p><strong>Immunmodulation:<\/strong><br \/>\nSie besitzen entz\u00fcndungshemmende und immunsuppressive Eigenschaften und eignen sich daher zur Behandlung von Autoimmunerkrankungen wie Morbus Crohn und rheumatoider Arthritis.<\/p>\n<p><strong>Parakrine Aktivit\u00e4t:<\/strong><br \/>\nASCs sezernieren Wachstumsfaktoren und Exosomen (das \u201eSekretom\u201c), die die Heilung und Gewebereparatur f\u00f6rdern, ohne dass die Zellen selbst langfristig \u00fcberleben m\u00fcssen.[\/vc_toggle][vc_toggle title=&#8220;Therapeutische Anwendungen&#8220; css=&#8220;&#8220; css_params=&#8220;&#8220;]Forschung und klinische Studien konzentrieren sich auf mehrere Hauptbereiche:<\/p>\n<ul>\n<li><strong>Orthop\u00e4die:<\/strong><br \/>\nBehandlung von Gelenkarthrose, Frakturen und degenerativen Bandscheibenvorf\u00e4llen.<\/li>\n<li><strong>Kardiologie:<\/strong><br \/>\nReparatur von Herzgewebe nach einem Herzinfarkt.<\/li>\n<li><strong>Wundheilung:<\/strong><br \/>\nBeschleunigung der Heilung von diabetischen Geschw\u00fcren und strahlenbedingten Hautverletzungen.<\/li>\n<li><strong>Neurologie:<\/strong><br \/>\nUntersuchung des Potenzials in der Schlaganfallrehabilitation und bei neurodegenerativen Erkrankungen.<\/li>\n<\/ul>\n<p>[\/vc_toggle][vc_toggle title=&#8220;Aktueller Status und Sicherheit&#8220; css=&#8220;&#8220; css_params=&#8220;&#8220;]Anfang 2026 befanden sich viele ASC-basierte Therapien noch in der Erprobungsphase. Obwohl fr\u00fche klinische Studien Sicherheit und vielversprechende Ergebnisse zeigten, gelten sie von der FDA und anderen Zulassungsbeh\u00f6rden im Allgemeinen als nicht f\u00fcr die Behandlung der meisten Krankheiten zugelassen. Patienten sollten sich bewusst sein, dass Stammzellkliniken m\u00f6glicherweise Behandlungen anbieten, die noch nicht vollst\u00e4ndig klinisch validiert wurden.[\/vc_toggle]<\/div>[\/vc_column][\/vc_row][vc_row full_width_css=&#8220;stretch_row_css&#8220; wrap_container=&#8220;yes&#8220; content_placement=&#8220;middle&#8220; conditional_render=&#8220;%5B%7B%22value_role%22%3A%22administrator%22%7D%5D&#8220; css_params=&#8220;&#8220; el_class=&#8220;pbot&#8220; css=&#8220;.vc_custom_1764890264879{background-position: center !important;background-repeat: no-repeat !important;background-size: cover !important;}&#8220;][vc_column]<div class=\"porto-block\" data-id=\"794\"><style>.vc_custom_1765306545764{background-image: url(https:\/\/cell-bio.life\/wp-content\/uploads\/2025\/12\/back-1-scaled.webp?id=468) !important;background-position: center;background-repeat: no-repeat !important;background-size: cover !important;}.vc_custom_1765306545764{background-image: url(https:\/\/cell-bio.life\/wp-content\/uploads\/2025\/12\/back-1-scaled.webp?id=468) !important;background-position: center;background-repeat: no-repeat !important;background-size: cover !important;}.vc_custom_1765306545764{background-image: url(https:\/\/cell-bio.life\/wp-content\/uploads\/2025\/12\/back-1-scaled.webp?id=468) !important;background-position: center;background-repeat: no-repeat !important;background-size: cover !important;}.vc_custom_1765306545764{background-image: url(https:\/\/cell-bio.life\/wp-content\/uploads\/2025\/12\/back-1-scaled.webp?id=468) !important;background-position: center;background-repeat: no-repeat !important;background-size: cover !important;}.vc_custom_1765306545764{background-image: url(https:\/\/cell-bio.life\/wp-content\/uploads\/2025\/12\/back-1-scaled.webp?id=468) !important;background-position: center;background-repeat: no-repeat !important;background-size: cover !important;}<\/style>[vc_row wrap_container=\"yes\" content_placement=\"middle\" parallax=\"content-moving\" parallax_image=\"469\" parallax_speed_bg=\"1.4\" conditional_render=\"%5B%7B%22value_role%22%3A%22administrator%22%7D%5D\" css_params=\"\" el_class=\"ptopm pbotm form-block\" css=\".vc_custom_1765306545764{background-image: url(https:\/\/cell-bio.life\/wp-content\/uploads\/2025\/12\/back-1-scaled.webp?id=468) !important;background-position: center;background-repeat: no-repeat !important;background-size: cover !important;}\"][vc_column width=\"1\/5\"][\/vc_column][vc_column width=\"3\/5\"][vc_custom_heading text=\"Haben Sie Fragen zu unseren Produkten oder Dienstleistungen?\" font_container=\"tag:h2|text_align:center|color:%23ffffff\" use_theme_fonts=\"yes\" css_params=\"\"][vc_custom_heading text=\"Cell Bio entwickelt und optimiert L\u00f6sungen f\u00fcr jeden Kunden, um dessen Bed\u00fcrfnisse schnell und kosteneffizient zu erf\u00fcllen.\" font_container=\"tag:h4|text_align:center|color:%23ffffff\" use_theme_fonts=\"yes\" css_params=\"\"][vc_row_inner][vc_column_inner width=\"1\/2\"][vc_btn title=\"Anruf buchen\" style=\"outline\" shape=\"round\" color=\"blue\" size=\"xl\" align=\"right\" link=\"url:%23\" css_params=\"\" el_class=\"book-call-modal\"][\/vc_column_inner][vc_column_inner width=\"1\/2\"][vc_btn title=\"Bestellanfrage\" shape=\"round\" color=\"white\" size=\"xl\" align=\"left\" link=\"url:%2Fexpertise%2F\" css_params=\"\"][\/vc_column_inner][\/vc_row_inner][\/vc_column][vc_column width=\"1\/5\"][\/vc_column][\/vc_row]<\/div>[\/vc_column][\/vc_row][vc_row wrap_container=\"yes\" content_placement=\"middle\" parallax=\"content-moving\" parallax_image=\"469\" parallax_speed_bg=\"1.4\" conditional_render=\"%5B%7B%22value_role%22%3A%22administrator%22%7D%5D\" css_params=\"\" el_class=\"ptopm pbotm form-block\" css=\".vc_custom_1765306545764{background-image: url(https:\/\/cell-bio.life\/wp-content\/uploads\/2025\/12\/back-1-scaled.webp?id=468) !important;background-position: center;background-repeat: no-repeat !important;background-size: cover !important;}\"][vc_column width=\"1\/5\"][\/vc_column][vc_column width=\"3\/5\"][vc_custom_heading text=\"Haben Sie Fragen zu unseren Produkten oder Dienstleistungen?\" font_container=\"tag:h2|text_align:center|color:%23ffffff\" use_theme_fonts=\"yes\" css_params=\"\"][vc_custom_heading text=\"Cell Bio entwickelt und optimiert L\u00f6sungen f\u00fcr jeden Kunden, um dessen Bed\u00fcrfnisse schnell und kosteneffizient zu erf\u00fcllen.\" font_container=\"tag:h4|text_align:center|color:%23ffffff\" use_theme_fonts=\"yes\" css_params=\"\"][vc_row_inner][vc_column_inner width=\"1\/2\"][vc_btn title=\"Anruf buchen\" style=\"outline\" shape=\"round\" color=\"blue\" size=\"xl\" align=\"right\" link=\"url:%23\" css_params=\"\" el_class=\"book-call-modal\"][\/vc_column_inner][vc_column_inner width=\"1\/2\"][vc_btn title=\"Bestellanfrage\" shape=\"round\" color=\"white\" size=\"xl\" align=\"left\" link=\"url:%2Fexpertise%2F\" css_params=\"\"][\/vc_column_inner][\/vc_row_inner][\/vc_column][vc_column width=\"1\/5\"][\/vc_column][\/vc_row]<\/div>[\/vc_column][\/vc_row][vc_row wrap_container=\"yes\" content_placement=\"middle\" parallax=\"content-moving\" parallax_image=\"469\" parallax_speed_bg=\"1.4\" conditional_render=\"%5B%7B%22value_role%22%3A%22administrator%22%7D%5D\" css_params=\"\" el_class=\"ptopm pbotm form-block\" css=\".vc_custom_1765306545764{background-image: url(https:\/\/cell-bio.life\/wp-content\/uploads\/2025\/12\/back-1-scaled.webp?id=468) !important;background-position: center;background-repeat: no-repeat !important;background-size: cover !important;}\"][vc_column width=\"1\/5\"][\/vc_column][vc_column width=\"3\/5\"][vc_custom_heading text=\"Haben Sie Fragen zu unseren Produkten oder Dienstleistungen?\" font_container=\"tag:h2|text_align:center|color:%23ffffff\" use_theme_fonts=\"yes\" css_params=\"\"][vc_custom_heading text=\"Cell Bio entwickelt und optimiert L\u00f6sungen f\u00fcr jeden Kunden, um dessen Bed\u00fcrfnisse schnell und kosteneffizient zu erf\u00fcllen.\" font_container=\"tag:h4|text_align:center|color:%23ffffff\" use_theme_fonts=\"yes\" css_params=\"\"][vc_row_inner][vc_column_inner width=\"1\/2\"][vc_btn title=\"Anruf buchen\" style=\"outline\" shape=\"round\" color=\"blue\" size=\"xl\" align=\"right\" link=\"url:%23\" css_params=\"\" el_class=\"book-call-modal\"][\/vc_column_inner][vc_column_inner width=\"1\/2\"][vc_btn title=\"Bestellanfrage\" shape=\"round\" color=\"white\" size=\"xl\" align=\"left\" link=\"url:%2Fexpertise%2F\" css_params=\"\"][\/vc_column_inner][\/vc_row_inner][\/vc_column][vc_column width=\"1\/5\"][\/vc_column][\/vc_row]<\/div>[\/vc_column][\/vc_row][vc_row wrap_container=\"yes\" content_placement=\"middle\" parallax=\"content-moving\" parallax_image=\"469\" parallax_speed_bg=\"1.4\" conditional_render=\"%5B%7B%22value_role%22%3A%22administrator%22%7D%5D\" css_params=\"\" el_class=\"ptopm pbotm form-block\" css=\".vc_custom_1765306545764{background-image: url(https:\/\/cell-bio.life\/wp-content\/uploads\/2025\/12\/back-1-scaled.webp?id=468) !important;background-position: center;background-repeat: no-repeat !important;background-size: cover !important;}\"][vc_column width=\"1\/5\"][\/vc_column][vc_column width=\"3\/5\"][vc_custom_heading text=\"Haben Sie Fragen zu unseren Produkten oder Dienstleistungen?\" font_container=\"tag:h2|text_align:center|color:%23ffffff\" use_theme_fonts=\"yes\" css_params=\"\"][vc_custom_heading text=\"Cell Bio entwickelt und optimiert L\u00f6sungen f\u00fcr jeden Kunden, um dessen Bed\u00fcrfnisse schnell und kosteneffizient zu erf\u00fcllen.\" font_container=\"tag:h4|text_align:center|color:%23ffffff\" use_theme_fonts=\"yes\" css_params=\"\"][vc_row_inner][vc_column_inner width=\"1\/2\"][vc_btn title=\"Anruf buchen\" style=\"outline\" shape=\"round\" color=\"blue\" size=\"xl\" align=\"right\" link=\"url:%23\" css_params=\"\" el_class=\"book-call-modal\"][\/vc_column_inner][vc_column_inner width=\"1\/2\"][vc_btn title=\"Bestellanfrage\" shape=\"round\" color=\"white\" size=\"xl\" align=\"left\" link=\"url:%2Fexpertise%2F\" css_params=\"\"][\/vc_column_inner][\/vc_row_inner][\/vc_column][vc_column width=\"1\/5\"][\/vc_column][\/vc_row]<\/div>[\/vc_column][\/vc_row]<\/p>\n<\/div>","protected":false},"excerpt":{"rendered":"<p>[vc_row full_width_css=&#8220;stretch_row_css&#8220; wrap_container=&#8220;yes&#8220; el_class=&#8220;banner-top ptopm pbotm&#8220; css=&#8220;.vc_custom_1764896024504{background-image: url(https:\/\/cell-bio.life\/wp-content\/uploads\/2025\/12\/up-pic-Stem-cells-2-scaled.webp?id=679) !important;background-position: center !important;background-repeat: no-repeat !important;background-size: cover !important;}&#8220; conditional_render=&#8220;%5B%7B%22value_role%22%3A%22administrator%22%7D%5D&#8220; css_params=&#8220;&#8220;][vc_column width=&#8220;1\/3&#8243;][\/vc_column][vc_column width=&#8220;2\/3&#8243;][vc_custom_heading text=&#8220;Fettgewebe-Stammzellen&#8220; font_container=&#8220;tag:h1|text_align:right&#8220; use_theme_fonts=&#8220;yes&#8220; css_params=&#8220;&#8220;][vc_btn title=&#8220;Inventar ansehen&#8220; shape=&#8220;round&#8220; color=&#8220;white&#8220; size=&#8220;xl&#8220; align=&#8220;right&#8220; link=&#8220;url:%2Fproducts%2Finventory%2F&#8220; css_params=&#8220;&#8220;][\/vc_column][\/vc_row][vc_row full_width_css=&#8220;stretch_row_css&#8220; wrap_container=&#8220;yes&#8220; el_class=&#8220;ptopm pbot&#8220; conditional_render=&#8220;%5B%7B%22value_role%22%3A%22administrator%22%7D%5D&#8220; css_params=&#8220;&#8220; css=&#8220;.vc_custom_1764894416498{background-image: url(https:\/\/cell-bio.life\/wp-content\/uploads\/2025\/12\/back-3-scaled.webp?id=470) !important;background-position: center !important;background-repeat: no-repeat !important;background-size: cover !important;}&#8220;][vc_column][vc_row_inner equal_height=&#8220;yes&#8220; content_placement=&#8220;middle&#8220; el_class=&#8220;pbotm&#8220; css_params=&#8220;&#8220;][vc_column_inner width=&#8220;2\/3&#8243;][vc_column_text css=&#8220;&#8220; css_params=&#8220;&#8220;]Adipozyten-abgeleitete Stammzellen (ASCs [&hellip;]<\/p>\n","protected":false},"author":1,"featured_media":0,"parent":400,"menu_order":0,"comment_status":"closed","ping_status":"closed","template":"","meta":{"footnotes":""},"class_list":["post-848","page","type-page","status-publish","hentry"],"yoast_head":"<!-- This site is optimized with the Yoast SEO plugin v27.5 - https:\/\/yoast.com\/product\/yoast-seo-wordpress\/ -->\n<title>Fettgewebe-Stammzellen - Cell Bio<\/title>\n<meta name=\"robots\" content=\"index, follow, max-snippet:-1, max-image-preview:large, max-video-preview:-1\" \/>\n<link rel=\"canonical\" href=\"https:\/\/cell-bio.life\/de\/products\/stem-cells\/adipose-derived-stem-cells\/\" \/>\n<meta property=\"og:locale\" content=\"de_DE\" \/>\n<meta property=\"og:type\" content=\"article\" \/>\n<meta property=\"og:title\" content=\"Fettgewebe-Stammzellen - Cell Bio\" \/>\n<meta property=\"og:description\" content=\"[vc_row full_width_css=&#8220;stretch_row_css&#8220; wrap_container=&#8220;yes&#8220; el_class=&#8220;banner-top ptopm pbotm&#8220; css=&#8220;.vc_custom_1764896024504{background-image: url(https:\/\/cell-bio.life\/wp-content\/uploads\/2025\/12\/up-pic-Stem-cells-2-scaled.webp?id=679) !important;background-position: center !important;background-repeat: no-repeat !important;background-size: cover !important;}&#8220; conditional_render=&#8220;%5B%7B%22value_role%22%3A%22administrator%22%7D%5D&#8220; css_params=&#8220;&#8220;][vc_column width=&#8220;1\/3&#8243;][\/vc_column][vc_column width=&#8220;2\/3&#8243;][vc_custom_heading text=&#8220;Fettgewebe-Stammzellen&#8220; font_container=&#8220;tag:h1|text_align:right&#8220; use_theme_fonts=&#8220;yes&#8220; css_params=&#8220;&#8220;][vc_btn title=&#8220;Inventar ansehen&#8220; shape=&#8220;round&#8220; color=&#8220;white&#8220; size=&#8220;xl&#8220; align=&#8220;right&#8220; link=&#8220;url:%2Fproducts%2Finventory%2F&#8220; css_params=&#8220;&#8220;][\/vc_column][\/vc_row][vc_row full_width_css=&#8220;stretch_row_css&#8220; wrap_container=&#8220;yes&#8220; el_class=&#8220;ptopm pbot&#8220; conditional_render=&#8220;%5B%7B%22value_role%22%3A%22administrator%22%7D%5D&#8220; css_params=&#8220;&#8220; css=&#8220;.vc_custom_1764894416498{background-image: url(https:\/\/cell-bio.life\/wp-content\/uploads\/2025\/12\/back-3-scaled.webp?id=470) !important;background-position: center !important;background-repeat: no-repeat !important;background-size: cover !important;}&#8220;][vc_column][vc_row_inner equal_height=&#8220;yes&#8220; content_placement=&#8220;middle&#8220; el_class=&#8220;pbotm&#8220; css_params=&#8220;&#8220;][vc_column_inner width=&#8220;2\/3&#8243;][vc_column_text css=&#8220;&#8220; css_params=&#8220;&#8220;]Adipozyten-abgeleitete Stammzellen (ASCs [&hellip;]\" \/>\n<meta property=\"og:url\" content=\"https:\/\/cell-bio.life\/de\/products\/stem-cells\/adipose-derived-stem-cells\/\" \/>\n<meta property=\"og:site_name\" content=\"Cell Bio\" \/>\n<meta property=\"article:modified_time\" content=\"2026-02-10T07:49:23+00:00\" \/>\n<meta name=\"twitter:card\" content=\"summary_large_image\" \/>\n<meta name=\"twitter:label1\" content=\"Gesch\u00e4tzte Lesezeit\" \/>\n\t<meta name=\"twitter:data1\" content=\"12\u00a0Minuten\" \/>\n<script type=\"application\/ld+json\" class=\"yoast-schema-graph\">{\"@context\":\"https:\\\/\\\/schema.org\",\"@graph\":[{\"@type\":\"WebPage\",\"@id\":\"https:\\\/\\\/cell-bio.life\\\/de\\\/products\\\/stem-cells\\\/adipose-derived-stem-cells\\\/\",\"url\":\"https:\\\/\\\/cell-bio.life\\\/de\\\/products\\\/stem-cells\\\/adipose-derived-stem-cells\\\/\",\"name\":\"Fettgewebe-Stammzellen - Cell Bio\",\"isPartOf\":{\"@id\":\"https:\\\/\\\/cell-bio.life\\\/de\\\/#website\"},\"datePublished\":\"2025-12-05T00:42:05+00:00\",\"dateModified\":\"2026-02-10T07:49:23+00:00\",\"breadcrumb\":{\"@id\":\"https:\\\/\\\/cell-bio.life\\\/de\\\/products\\\/stem-cells\\\/adipose-derived-stem-cells\\\/#breadcrumb\"},\"inLanguage\":\"de\",\"potentialAction\":[{\"@type\":\"ReadAction\",\"target\":[[\"https:\\\/\\\/cell-bio.life\\\/de\\\/products\\\/stem-cells\\\/adipose-derived-stem-cells\\\/\"]]}]},{\"@type\":\"BreadcrumbList\",\"@id\":\"https:\\\/\\\/cell-bio.life\\\/de\\\/products\\\/stem-cells\\\/adipose-derived-stem-cells\\\/#breadcrumb\",\"itemListElement\":[{\"@type\":\"ListItem\",\"position\":1,\"name\":\"Home\",\"item\":\"https:\\\/\\\/cell-bio.life\\\/de\\\/\"},{\"@type\":\"ListItem\",\"position\":2,\"name\":\"Products\",\"item\":\"https:\\\/\\\/cell-bio.life\\\/de\\\/products\\\/\"},{\"@type\":\"ListItem\",\"position\":3,\"name\":\"Stem cells\",\"item\":\"https:\\\/\\\/cell-bio.life\\\/de\\\/products\\\/stem-cells\\\/\"},{\"@type\":\"ListItem\",\"position\":4,\"name\":\"Adipose derived Stem cells\"}]},{\"@type\":\"WebSite\",\"@id\":\"https:\\\/\\\/cell-bio.life\\\/de\\\/#website\",\"url\":\"https:\\\/\\\/cell-bio.life\\\/de\\\/\",\"name\":\"Cell Bio\",\"description\":\"[:en]Cell Energy for the Life of Living[:de]Zellenergie f&uuml;r ein langes Leben[:fr]L'&eacute;nergie cellulaire pour la vie[:ja]\u751f\u547d\u306e\u305f\u3081\u306e\u7d30\u80de\u30a8\u30cd\u30eb\u30ae\u30fc[:ko]\uc0dd\uba85\uc758 \uc0b6\uc744 \uc704\ud55c \uc138\ud3ec \uc5d0\ub108\uc9c0[:]\",\"potentialAction\":[{\"@type\":\"SearchAction\",\"target\":{\"@type\":\"EntryPoint\",\"urlTemplate\":\"https:\\\/\\\/cell-bio.life\\\/de\\\/?s={search_term_string}\"},\"query-input\":{\"@type\":\"PropertyValueSpecification\",\"valueRequired\":true,\"valueName\":\"search_term_string\"}}],\"inLanguage\":\"de\"}]}<\/script>\n<!-- \/ Yoast SEO plugin. -->","yoast_head_json":{"title":"Fettgewebe-Stammzellen - Cell Bio","robots":{"index":"index","follow":"follow","max-snippet":"max-snippet:-1","max-image-preview":"max-image-preview:large","max-video-preview":"max-video-preview:-1"},"canonical":"https:\/\/cell-bio.life\/de\/products\/stem-cells\/adipose-derived-stem-cells\/","og_locale":"de_DE","og_type":"article","og_title":"Fettgewebe-Stammzellen - Cell Bio","og_description":"[vc_row full_width_css=&#8220;stretch_row_css&#8220; wrap_container=&#8220;yes&#8220; el_class=&#8220;banner-top ptopm pbotm&#8220; css=&#8220;.vc_custom_1764896024504{background-image: url(https:\/\/cell-bio.life\/wp-content\/uploads\/2025\/12\/up-pic-Stem-cells-2-scaled.webp?id=679) !important;background-position: center !important;background-repeat: no-repeat !important;background-size: cover !important;}&#8220; conditional_render=&#8220;%5B%7B%22value_role%22%3A%22administrator%22%7D%5D&#8220; css_params=&#8220;&#8220;][vc_column width=&#8220;1\/3&#8243;][\/vc_column][vc_column width=&#8220;2\/3&#8243;][vc_custom_heading text=&#8220;Fettgewebe-Stammzellen&#8220; font_container=&#8220;tag:h1|text_align:right&#8220; use_theme_fonts=&#8220;yes&#8220; css_params=&#8220;&#8220;][vc_btn title=&#8220;Inventar ansehen&#8220; shape=&#8220;round&#8220; color=&#8220;white&#8220; size=&#8220;xl&#8220; align=&#8220;right&#8220; link=&#8220;url:%2Fproducts%2Finventory%2F&#8220; css_params=&#8220;&#8220;][\/vc_column][\/vc_row][vc_row full_width_css=&#8220;stretch_row_css&#8220; wrap_container=&#8220;yes&#8220; el_class=&#8220;ptopm pbot&#8220; conditional_render=&#8220;%5B%7B%22value_role%22%3A%22administrator%22%7D%5D&#8220; css_params=&#8220;&#8220; css=&#8220;.vc_custom_1764894416498{background-image: url(https:\/\/cell-bio.life\/wp-content\/uploads\/2025\/12\/back-3-scaled.webp?id=470) !important;background-position: center !important;background-repeat: no-repeat !important;background-size: cover !important;}&#8220;][vc_column][vc_row_inner equal_height=&#8220;yes&#8220; content_placement=&#8220;middle&#8220; el_class=&#8220;pbotm&#8220; css_params=&#8220;&#8220;][vc_column_inner width=&#8220;2\/3&#8243;][vc_column_text css=&#8220;&#8220; css_params=&#8220;&#8220;]Adipozyten-abgeleitete Stammzellen (ASCs [&hellip;]","og_url":"https:\/\/cell-bio.life\/de\/products\/stem-cells\/adipose-derived-stem-cells\/","og_site_name":"Cell Bio","article_modified_time":"2026-02-10T07:49:23+00:00","twitter_card":"summary_large_image","twitter_misc":{"Gesch\u00e4tzte Lesezeit":"12\u00a0Minuten"},"schema":{"@context":"https:\/\/schema.org","@graph":[{"@type":"WebPage","@id":"https:\/\/cell-bio.life\/de\/products\/stem-cells\/adipose-derived-stem-cells\/","url":"https:\/\/cell-bio.life\/de\/products\/stem-cells\/adipose-derived-stem-cells\/","name":"Fettgewebe-Stammzellen - Cell Bio","isPartOf":{"@id":"https:\/\/cell-bio.life\/de\/#website"},"datePublished":"2025-12-05T00:42:05+00:00","dateModified":"2026-02-10T07:49:23+00:00","breadcrumb":{"@id":"https:\/\/cell-bio.life\/de\/products\/stem-cells\/adipose-derived-stem-cells\/#breadcrumb"},"inLanguage":"de","potentialAction":[{"@type":"ReadAction","target":[["https:\/\/cell-bio.life\/de\/products\/stem-cells\/adipose-derived-stem-cells\/"]]}]},{"@type":"BreadcrumbList","@id":"https:\/\/cell-bio.life\/de\/products\/stem-cells\/adipose-derived-stem-cells\/#breadcrumb","itemListElement":[{"@type":"ListItem","position":1,"name":"Home","item":"https:\/\/cell-bio.life\/de\/"},{"@type":"ListItem","position":2,"name":"Products","item":"https:\/\/cell-bio.life\/de\/products\/"},{"@type":"ListItem","position":3,"name":"Stem cells","item":"https:\/\/cell-bio.life\/de\/products\/stem-cells\/"},{"@type":"ListItem","position":4,"name":"Adipose derived Stem cells"}]},{"@type":"WebSite","@id":"https:\/\/cell-bio.life\/de\/#website","url":"https:\/\/cell-bio.life\/de\/","name":"Cell Bio","description":"[:en]Cell Energy for the Life of Living[:de]Zellenergie f&uuml;r ein langes Leben[:fr]L'&eacute;nergie cellulaire pour la vie[:ja]\u751f\u547d\u306e\u305f\u3081\u306e\u7d30\u80de\u30a8\u30cd\u30eb\u30ae\u30fc[:ko]\uc0dd\uba85\uc758 \uc0b6\uc744 \uc704\ud55c \uc138\ud3ec \uc5d0\ub108\uc9c0[:]","potentialAction":[{"@type":"SearchAction","target":{"@type":"EntryPoint","urlTemplate":"https:\/\/cell-bio.life\/de\/?s={search_term_string}"},"query-input":{"@type":"PropertyValueSpecification","valueRequired":true,"valueName":"search_term_string"}}],"inLanguage":"de"}]}},"_links":{"self":[{"href":"https:\/\/cell-bio.life\/de\/wp-json\/wp\/v2\/pages\/848","targetHints":{"allow":["GET"]}}],"collection":[{"href":"https:\/\/cell-bio.life\/de\/wp-json\/wp\/v2\/pages"}],"about":[{"href":"https:\/\/cell-bio.life\/de\/wp-json\/wp\/v2\/types\/page"}],"author":[{"embeddable":true,"href":"https:\/\/cell-bio.life\/de\/wp-json\/wp\/v2\/users\/1"}],"replies":[{"embeddable":true,"href":"https:\/\/cell-bio.life\/de\/wp-json\/wp\/v2\/comments?post=848"}],"version-history":[{"count":12,"href":"https:\/\/cell-bio.life\/de\/wp-json\/wp\/v2\/pages\/848\/revisions"}],"predecessor-version":[{"id":1409,"href":"https:\/\/cell-bio.life\/de\/wp-json\/wp\/v2\/pages\/848\/revisions\/1409"}],"up":[{"embeddable":true,"href":"https:\/\/cell-bio.life\/de\/wp-json\/wp\/v2\/pages\/400"}],"wp:attachment":[{"href":"https:\/\/cell-bio.life\/de\/wp-json\/wp\/v2\/media?parent=848"}],"curies":[{"name":"wp","href":"https:\/\/api.w.org\/{rel}","templated":true}]}}