{"id":394,"date":"2025-12-03T16:10:53","date_gmt":"2025-12-03T13:10:53","guid":{"rendered":"https:\/\/cell-bio.life\/?page_id=394"},"modified":"2026-02-10T10:29:58","modified_gmt":"2026-02-10T07:29:58","slug":"products","status":"publish","type":"page","link":"https:\/\/cell-bio.life\/fr\/products\/","title":{"rendered":"Produits"},"content":{"rendered":"<div class=\"wpb-content-wrapper\"><p>[vc_row wrap_container=\"yes\" content_placement=\"middle\" parallax=\"content-moving\" parallax_image=\"469\" parallax_speed_bg=\"1.4\" conditional_render=\"%5B%7B%22value_role%22%3A%22administrator%22%7D%5D\" css_params=\"\" el_class=\"ptopm pbotm form-block\" css=\".vc_custom_1765306545764{background-image: url(https:\/\/cell-bio.life\/wp-content\/uploads\/2025\/12\/back-1-scaled.webp?id=468) !important;background-position: center;background-repeat: no-repeat !important;background-size: cover !important;}\"][vc_column width=\"1\/5\"][\/vc_column][vc_column width=\"3\/5\"][vc_custom_heading text=\"Des questions ou des informations sur nos produits et services\u00a0?\" font_container=\"tag:h2|text_align:center|color:%23ffffff\" use_theme_fonts=\"yes\" css_params=\"\"][vc_custom_heading text=\"Cell Bio con\u00e7oit, d\u00e9veloppe et optimise des solutions pour chaque client afin de r\u00e9pondre \u00e0 ses besoins rapidement et efficacement.\" font_container=\"tag:h4|text_align:center|color:%23ffffff\" use_theme_fonts=\"yes\" css_params=\"\"][vc_row_inner][vc_column_inner width=\"1\/2\"][vc_btn title=\"Prendre rendez-vous\" style=\"outline\" shape=\"round\" color=\"blue\" size=\"xl\" align=\"right\" link=\"url:%23\" css_params=\"\" el_class=\"book-call-modal\"][\/vc_column_inner][vc_column_inner width=\"1\/2\"][vc_btn title=\"Demande de commande\" shape=\"round\" color=\"white\" size=\"xl\" align=\"left\" link=\"url:%2Fexpertise%2F\" css_params=\"\"][\/vc_column_inner][\/vc_row_inner][\/vc_column][vc_column width=\"1\/5\"][\/vc_column][\/vc_row]<\/div>[\/vc_column][\/vc_row][vc_row wrap_container=\"yes\" content_placement=\"middle\" parallax=\"content-moving\" parallax_image=\"469\" parallax_speed_bg=\"1.4\" conditional_render=\"%5B%7B%22value_role%22%3A%22administrator%22%7D%5D\" css_params=\"\" el_class=\"ptopm pbotm form-block\" css=\".vc_custom_1765306545764{background-image: url(https:\/\/cell-bio.life\/wp-content\/uploads\/2025\/12\/back-1-scaled.webp?id=468) !important;background-position: center;background-repeat: no-repeat !important;background-size: cover !important;}\"][vc_column width=\"1\/5\"][\/vc_column][vc_column width=\"3\/5\"][vc_custom_heading text=\"Des questions ou des informations sur nos produits et services\u00a0?\" font_container=\"tag:h2|text_align:center|color:%23ffffff\" use_theme_fonts=\"yes\" css_params=\"\"][vc_custom_heading text=\"Cell Bio con\u00e7oit, d\u00e9veloppe et optimise des solutions pour chaque client afin de r\u00e9pondre \u00e0 ses besoins rapidement et efficacement.\" font_container=\"tag:h4|text_align:center|color:%23ffffff\" use_theme_fonts=\"yes\" css_params=\"\"][vc_row_inner][vc_column_inner width=\"1\/2\"][vc_btn title=\"Prendre rendez-vous\" style=\"outline\" shape=\"round\" color=\"blue\" size=\"xl\" align=\"right\" link=\"url:%23\" css_params=\"\" el_class=\"book-call-modal\"][\/vc_column_inner][vc_column_inner width=\"1\/2\"][vc_btn title=\"Demande de commande\" shape=\"round\" color=\"white\" size=\"xl\" align=\"left\" link=\"url:%2Fexpertise%2F\" css_params=\"\"][\/vc_column_inner][\/vc_row_inner][\/vc_column][vc_column width=\"1\/5\"][\/vc_column][\/vc_row]<\/div>[\/vc_column][\/vc_row][vc_row full_width_css=\u00a0\u00bbstretch_row_css\u00a0\u00bb wrap_container=\u00a0\u00bbyes\u00a0\u00bb el_class=\u00a0\u00bbbanner-top ptopm pbotm\u00a0\u00bb css=\u00a0\u00bb.vc_custom_1764873438110{background-image: url(https:\/\/cell-bio.life\/wp-content\/uploads\/2025\/12\/up-pic-Products-scaled.webp?id=671) !important;background-position: center !important;background-repeat: no-repeat !important;background-size: cover !important;}\u00a0\u00bb conditional_render=\u00a0\u00bb%5B%7B%22value_role%22%3A%22administrator%22%7D%5D\u00a0\u00bb css_params=\u00a0\u00bb\u00a0\u00bb][vc_column width=\u00a0\u00bb1\/3&Prime;][\/vc_column][vc_column width=\u00a0\u00bb2\/3&Prime;][vc_custom_heading text=\u00a0\u00bbProduits\u00a0\u00bb font_container=\u00a0\u00bbtag:h1|text_align:right\u00a0\u00bb use_theme_fonts=\u00a0\u00bbyes\u00a0\u00bb css_params=\u00a0\u00bb\u00a0\u00bb][vc_custom_heading text=\u00a0\u00bbUnissez vos forces \u00e0 celles de Cell Bio, leader dans la fourniture de valeur exceptionnelle gr\u00e2ce \u00e0 son expertise en approvisionnement de biosp\u00e9cifiques humains et \u00e0 ses partenariats collaboratifs. Avec nos biospecimens de qualit\u00e9 sup\u00e9rieure \u00e0 votre disposition, vous pouvez obtenir des r\u00e9sultats transformateurs en m\u00e9decine r\u00e9g\u00e9n\u00e9rative ou en recherche sur le cancer.\u00a0\u00bb font_container=\u00a0\u00bbtag:h4|text_align:right|color:%23ffffff\u00a0\u00bb use_theme_fonts=\u00a0\u00bbyes\u00a0\u00bb css_params=\u00a0\u00bb\u00a0\u00bb][\/vc_column][\/vc_row][vc_row full_width_css=\u00a0\u00bbstretch_row_css\u00a0\u00bb wrap_container=\u00a0\u00bbyes\u00a0\u00bb equal_height=\u00a0\u00bbyes\u00a0\u00bb el_class=\u00a0\u00bbptopm pbot products-block\u00a0\u00bb conditional_render=\u00a0\u00bb%5B%7B%22value_role%22%3A%22administrator%22%7D%5D\u00a0\u00bb css_params=\u00a0\u00bb\u00a0\u00bb css=\u00a0\u00bb.vc_custom_1766550357609{background-image: url(https:\/\/cell-bio.life\/wp-content\/uploads\/2025\/12\/back-3-scaled.webp?id=470) !important;background-position: center !important;background-repeat: no-repeat !important;background-size: cover !important;}\u00a0\u00bb][vc_column width=\u00a0\u00bb1\/3&Prime;]<div class=\"porto-sicon-box  wpb_custom_1e0cf844b66c63079f25e51e76278898 style_1 default-icon flex-wrap\"><div class=\"porto-sicon-default\"><div class=\"porto-just-icon-wrapper porto-sicon-img  porto-icon-9f5d1cfb45d27d96b50bf473aebba227\" style=\"font-size: 90px;\"><img loading=\"lazy\" decoding=\"async\" class=\"img-icon\" alt=\"\" src=\"https:\/\/cell-bio.life\/wp-content\/uploads\/2025\/12\/icon-1-Biospecimen-collection.svg\" width=\"90\" height=\"90\" \/><\/div><\/div><div class=\"porto-sicon-header\"><h3 class=\"porto-sicon-title\" style=\"\">Collecte d'\u00e9chantillons biologiques<\/h3><\/div> <!-- header --><div class=\"porto-sicon-description\" style=\"color:#333333;\">\n<ul role=\"list\">\n<li>Biofluides et tissus humains de haute qualit\u00e9, obtenus avec consentement.<\/li>\n<li>Acc\u00e8s \u00e0 plus d&rsquo;un million d&rsquo;\u00e9chantillons.<\/li>\n<li>Collecte prospective rapide et fiable.<\/li>\n<li>\u00c9chantillons biologiques provenant d&rsquo;une biobanque.<\/li>\n<li>Conception d&rsquo;\u00e9tude personnalis\u00e9e.<\/li>\n<li>Personnel m\u00e9dical form\u00e9 aux BPC.<\/li>\n<li>Les investigateurs principaux des sites poss\u00e8dent plus de 5 ans d&rsquo;exp\u00e9rience dans les essais pr\u00e9cliniques et cliniques.<\/li>\n<li>Notre personnel, fort d&rsquo;une formation m\u00e9dicale et d&rsquo;une exp\u00e9rience en recherche, vous accompagne dans la r\u00e9alisation de vos projets de recherche en vous proposant la population de patients la plus adapt\u00e9e.<\/li>\n<li>Appuyez pour plus de d\u00e9tails.<\/li>\n<\/ul>\n<p><\/div> <!-- description --><\/div><!-- porto-sicon-box -->[vc_btn title=\u00a0\u00bbPlus de d\u00e9tails\u00a0\u00bb size=\u00a0\u00bbxl\u00a0\u00bb align=\u00a0\u00bbright\u00a0\u00bb i_align=\u00a0\u00bbright\u00a0\u00bb i_icon_fontawesome=\u00a0\u00bbfas fa-arrow-right\u00a0\u00bb hover_effect=\u00a0\u00bbhover-icon-right\u00a0\u00bb add_icon=\u00a0\u00bbtrue\u00a0\u00bb link=\u00a0\u00bburl:%2Fproducts%2Fbiospecimen-collection%2F\u00a0\u00bb css_params=\u00a0\u00bb\u00a0\u00bb][\/vc_column][vc_column width=\u00a0\u00bb1\/3&Prime;]<div class=\"porto-sicon-box  wpb_custom_5cc25c0dbf3fc35b3cbb1cced38b5b93 style_1 default-icon flex-wrap\"><div class=\"porto-sicon-default\"><div class=\"porto-just-icon-wrapper porto-sicon-img  porto-icon-9f5d1cfb45d27d96b50bf473aebba227\" style=\"font-size: 90px;\"><img loading=\"lazy\" decoding=\"async\" class=\"img-icon\" alt=\"\" src=\"https:\/\/cell-bio.life\/wp-content\/uploads\/2025\/12\/icon-2-Primary-human-cell.svg\" width=\"90\" height=\"90\" \/><\/div><\/div><div class=\"porto-sicon-header\"><h3 class=\"porto-sicon-title\" style=\"\">Lign\u00e9es cellulaires humaines primaires et mod\u00e8les d'explants<\/h3><\/div> <!-- header --><div class=\"porto-sicon-description\" style=\"color:#333333;\">\n<ul role=\"list\">\n<li>Acc\u00e8s anticip\u00e9s et tardifs disponibles<\/li>\n<li>Collection personnalis\u00e9e<\/li>\n<li>Appuyez pour plus de d\u00e9tails<\/li>\n<\/ul>\n<p><\/div> <!-- description --><\/div><!-- porto-sicon-box -->[vc_btn title=\u00a0\u00bbPlus de d\u00e9tails\u00a0\u00bb size=\u00a0\u00bbxl\u00a0\u00bb align=\u00a0\u00bbright\u00a0\u00bb i_align=\u00a0\u00bbright\u00a0\u00bb i_icon_fontawesome=\u00a0\u00bbfas fa-arrow-right\u00a0\u00bb hover_effect=\u00a0\u00bbhover-icon-right\u00a0\u00bb add_icon=\u00a0\u00bbtrue\u00a0\u00bb link=\u00a0\u00bburl:%2Fproducts%2Fprimary-human-cell-lines-explant-models%2F\u00a0\u00bb css_params=\u00a0\u00bb\u00a0\u00bb][\/vc_column][vc_column width=\u00a0\u00bb1\/3&Prime;]<div class=\"porto-sicon-box  wpb_custom_1de03787ee7fe34d160c2708aebd9877 style_1 default-icon flex-wrap\"><div class=\"porto-sicon-default\"><div class=\"porto-just-icon-wrapper porto-sicon-img  porto-icon-9f5d1cfb45d27d96b50bf473aebba227\" style=\"font-size: 90px;\"><img loading=\"lazy\" decoding=\"async\" class=\"img-icon\" alt=\"\" src=\"https:\/\/cell-bio.life\/wp-content\/uploads\/2025\/12\/icon-3-Stem-cells.svg\" width=\"90\" height=\"90\" \/><\/div><\/div><div class=\"porto-sicon-header\"><h3 class=\"porto-sicon-title\" style=\"\">Cellules souches<\/h3><\/div> <!-- header --><div class=\"porto-sicon-description\" style=\"color:#333333;\">\n<ul role=\"list\">\n<li>Cellules souches m\u00e9senchymateuses pour vos recherches et validations<\/li>\n<li>Sources vari\u00e9es de CSM<\/li>\n<li>CSM d\u00e9riv\u00e9es d&rsquo;adultes disponibles<\/li>\n<li>Appuyez pour plus de d\u00e9tails<\/li>\n<\/ul>\n<p><\/div> <!-- description --><\/div><!-- porto-sicon-box -->[vc_btn title=\u00a0\u00bbPlus de d\u00e9tails\u00a0\u00bb size=\u00a0\u00bbxl\u00a0\u00bb align=\u00a0\u00bbright\u00a0\u00bb i_align=\u00a0\u00bbright\u00a0\u00bb i_icon_fontawesome=\u00a0\u00bbfas fa-arrow-right\u00a0\u00bb hover_effect=\u00a0\u00bbhover-icon-right\u00a0\u00bb add_icon=\u00a0\u00bbtrue\u00a0\u00bb link=\u00a0\u00bburl:%2Fproducts%2Fstem-cells%2F\u00a0\u00bb css_params=\u00a0\u00bb\u00a0\u00bb][\/vc_column][\/vc_row][vc_row wrap_container=\u00a0\u00bbyes\u00a0\u00bb conditional_render=\u00a0\u00bb%5B%7B%22value_role%22%3A%22administrator%22%7D%5D\u00a0\u00bb css_params=\u00a0\u00bb\u00a0\u00bb el_class=\u00a0\u00bbpbot\u00a0\u00bb][vc_column]<div class=\"porto-block\" data-id=\"794\"><style>.vc_custom_1765306545764{background-image: url(https:\/\/cell-bio.life\/wp-content\/uploads\/2025\/12\/back-1-scaled.webp?id=468) !important;background-position: center;background-repeat: no-repeat !important;background-size: cover !important;}.vc_custom_1765306545764{background-image: url(https:\/\/cell-bio.life\/wp-content\/uploads\/2025\/12\/back-1-scaled.webp?id=468) !important;background-position: center;background-repeat: no-repeat !important;background-size: cover !important;}.vc_custom_1765306545764{background-image: url(https:\/\/cell-bio.life\/wp-content\/uploads\/2025\/12\/back-1-scaled.webp?id=468) !important;background-position: center;background-repeat: no-repeat !important;background-size: cover !important;}.vc_custom_1765306545764{background-image: url(https:\/\/cell-bio.life\/wp-content\/uploads\/2025\/12\/back-1-scaled.webp?id=468) !important;background-position: center;background-repeat: no-repeat !important;background-size: cover !important;}.vc_custom_1765306545764{background-image: url(https:\/\/cell-bio.life\/wp-content\/uploads\/2025\/12\/back-1-scaled.webp?id=468) !important;background-position: center;background-repeat: no-repeat !important;background-size: cover !important;}<\/style>[vc_row wrap_container=\"yes\" content_placement=\"middle\" parallax=\"content-moving\" parallax_image=\"469\" parallax_speed_bg=\"1.4\" conditional_render=\"%5B%7B%22value_role%22%3A%22administrator%22%7D%5D\" css_params=\"\" el_class=\"ptopm pbotm form-block\" css=\".vc_custom_1765306545764{background-image: url(https:\/\/cell-bio.life\/wp-content\/uploads\/2025\/12\/back-1-scaled.webp?id=468) !important;background-position: center;background-repeat: no-repeat !important;background-size: cover !important;}\"][vc_column width=\"1\/5\"][\/vc_column][vc_column width=\"3\/5\"][vc_custom_heading text=\"Des questions ou des informations sur nos produits et services\u00a0?\" font_container=\"tag:h2|text_align:center|color:%23ffffff\" use_theme_fonts=\"yes\" css_params=\"\"][vc_custom_heading text=\"Cell Bio con\u00e7oit, d\u00e9veloppe et optimise des solutions pour chaque client afin de r\u00e9pondre \u00e0 ses besoins rapidement et efficacement.\" font_container=\"tag:h4|text_align:center|color:%23ffffff\" use_theme_fonts=\"yes\" css_params=\"\"][vc_row_inner][vc_column_inner width=\"1\/2\"][vc_btn title=\"Prendre rendez-vous\" style=\"outline\" shape=\"round\" color=\"blue\" size=\"xl\" align=\"right\" link=\"url:%23\" css_params=\"\" el_class=\"book-call-modal\"][\/vc_column_inner][vc_column_inner width=\"1\/2\"][vc_btn title=\"Demande de commande\" shape=\"round\" color=\"white\" size=\"xl\" align=\"left\" link=\"url:%2Fexpertise%2F\" css_params=\"\"][\/vc_column_inner][\/vc_row_inner][\/vc_column][vc_column width=\"1\/5\"][\/vc_column][\/vc_row]<\/div>[\/vc_column][\/vc_row][vc_row wrap_container=\"yes\" content_placement=\"middle\" parallax=\"content-moving\" parallax_image=\"469\" parallax_speed_bg=\"1.4\" conditional_render=\"%5B%7B%22value_role%22%3A%22administrator%22%7D%5D\" css_params=\"\" el_class=\"ptopm pbotm form-block\" css=\".vc_custom_1765306545764{background-image: url(https:\/\/cell-bio.life\/wp-content\/uploads\/2025\/12\/back-1-scaled.webp?id=468) !important;background-position: center;background-repeat: no-repeat !important;background-size: cover !important;}\"][vc_column width=\"1\/5\"][\/vc_column][vc_column width=\"3\/5\"][vc_custom_heading text=\"Des questions ou des informations sur nos produits et services\u00a0?\" font_container=\"tag:h2|text_align:center|color:%23ffffff\" use_theme_fonts=\"yes\" css_params=\"\"][vc_custom_heading text=\"Cell Bio con\u00e7oit, d\u00e9veloppe et optimise des solutions pour chaque client afin de r\u00e9pondre \u00e0 ses besoins rapidement et efficacement.\" font_container=\"tag:h4|text_align:center|color:%23ffffff\" use_theme_fonts=\"yes\" css_params=\"\"][vc_row_inner][vc_column_inner width=\"1\/2\"][vc_btn title=\"Prendre rendez-vous\" style=\"outline\" shape=\"round\" color=\"blue\" size=\"xl\" align=\"right\" link=\"url:%23\" css_params=\"\" el_class=\"book-call-modal\"][\/vc_column_inner][vc_column_inner width=\"1\/2\"][vc_btn title=\"Demande de commande\" shape=\"round\" color=\"white\" size=\"xl\" align=\"left\" link=\"url:%2Fexpertise%2F\" css_params=\"\"][\/vc_column_inner][\/vc_row_inner][\/vc_column][vc_column width=\"1\/5\"][\/vc_column][\/vc_row]<\/div>[\/vc_column][\/vc_row][vc_row wrap_container=\"yes\" content_placement=\"middle\" parallax=\"content-moving\" parallax_image=\"469\" parallax_speed_bg=\"1.4\" conditional_render=\"%5B%7B%22value_role%22%3A%22administrator%22%7D%5D\" css_params=\"\" el_class=\"ptopm pbotm form-block\" css=\".vc_custom_1765306545764{background-image: url(https:\/\/cell-bio.life\/wp-content\/uploads\/2025\/12\/back-1-scaled.webp?id=468) !important;background-position: center;background-repeat: no-repeat !important;background-size: cover !important;}\"][vc_column width=\"1\/5\"][\/vc_column][vc_column width=\"3\/5\"][vc_custom_heading text=\"Des questions ou des informations sur nos produits et services\u00a0?\" font_container=\"tag:h2|text_align:center|color:%23ffffff\" use_theme_fonts=\"yes\" css_params=\"\"][vc_custom_heading text=\"Cell Bio con\u00e7oit, d\u00e9veloppe et optimise des solutions pour chaque client afin de r\u00e9pondre \u00e0 ses besoins rapidement et efficacement.\" font_container=\"tag:h4|text_align:center|color:%23ffffff\" use_theme_fonts=\"yes\" css_params=\"\"][vc_row_inner][vc_column_inner width=\"1\/2\"][vc_btn title=\"Prendre rendez-vous\" style=\"outline\" shape=\"round\" color=\"blue\" size=\"xl\" align=\"right\" link=\"url:%23\" css_params=\"\" el_class=\"book-call-modal\"][\/vc_column_inner][vc_column_inner width=\"1\/2\"][vc_btn title=\"Demande de commande\" shape=\"round\" color=\"white\" size=\"xl\" align=\"left\" link=\"url:%2Fexpertise%2F\" css_params=\"\"][\/vc_column_inner][\/vc_row_inner][\/vc_column][vc_column width=\"1\/5\"][\/vc_column][\/vc_row]<\/div>[\/vc_column][\/vc_row]<\/p>\n<\/div>","protected":false},"excerpt":{"rendered":"<p>[vc_row full_width_css=\u00a0\u00bbstretch_row_css\u00a0\u00bb wrap_container=\u00a0\u00bbyes\u00a0\u00bb el_class=\u00a0\u00bbbanner-top ptopm pbotm\u00a0\u00bb css=\u00a0\u00bb.vc_custom_1764873438110{background-image: url(https:\/\/cell-bio.life\/wp-content\/uploads\/2025\/12\/up-pic-Products-scaled.webp?id=671) !important;background-position: center !important;background-repeat: no-repeat !important;background-size: cover !important;}\u00a0\u00bb conditional_render=\u00a0\u00bb%5B%7B%22value_role%22%3A%22administrator%22%7D%5D\u00a0\u00bb css_params=\u00a0\u00bb\u00a0\u00bb][vc_column width=\u00a0\u00bb1\/3&Prime;][\/vc_column][vc_column width=\u00a0\u00bb2\/3&Prime;][vc_custom_heading text=\u00a0\u00bbProduits\u00a0\u00bb font_container=\u00a0\u00bbtag:h1|text_align:right\u00a0\u00bb use_theme_fonts=\u00a0\u00bbyes\u00a0\u00bb css_params=\u00a0\u00bb\u00a0\u00bb][vc_custom_heading text=\u00a0\u00bbUnissez vos forces \u00e0 celles de Cell Bio, leader dans la fourniture de valeur exceptionnelle gr\u00e2ce \u00e0 son expertise en approvisionnement de biosp\u00e9cifiques humains et \u00e0 ses partenariats collaboratifs. Avec nos biospecimens [&hellip;]<\/p>\n","protected":false},"author":1,"featured_media":0,"parent":0,"menu_order":0,"comment_status":"closed","ping_status":"closed","template":"","meta":{"footnotes":""},"class_list":["post-394","page","type-page","status-publish","hentry"],"yoast_head":"<!-- This site is optimized with the Yoast SEO plugin v27.5 - https:\/\/yoast.com\/product\/yoast-seo-wordpress\/ -->\n<title>Produits - Cell Bio<\/title>\n<meta name=\"robots\" content=\"index, follow, max-snippet:-1, max-image-preview:large, max-video-preview:-1\" \/>\n<link rel=\"canonical\" href=\"https:\/\/cell-bio.life\/fr\/products\/\" \/>\n<meta property=\"og:locale\" content=\"fr_FR\" \/>\n<meta property=\"og:type\" content=\"article\" \/>\n<meta property=\"og:title\" content=\"Produits - Cell Bio\" \/>\n<meta property=\"og:description\" content=\"[vc_row full_width_css=\u00a0\u00bbstretch_row_css\u00a0\u00bb wrap_container=\u00a0\u00bbyes\u00a0\u00bb el_class=\u00a0\u00bbbanner-top ptopm pbotm\u00a0\u00bb css=\u00a0\u00bb.vc_custom_1764873438110{background-image: url(https:\/\/cell-bio.life\/wp-content\/uploads\/2025\/12\/up-pic-Products-scaled.webp?id=671) !important;background-position: center !important;background-repeat: no-repeat !important;background-size: cover !important;}\u00a0\u00bb conditional_render=\u00a0\u00bb%5B%7B%22value_role%22%3A%22administrator%22%7D%5D\u00a0\u00bb css_params=\u00a0\u00bb\u00a0\u00bb][vc_column width=\u00a0\u00bb1\/3&Prime;][\/vc_column][vc_column width=\u00a0\u00bb2\/3&Prime;][vc_custom_heading text=\u00a0\u00bbProduits\u00a0\u00bb font_container=\u00a0\u00bbtag:h1|text_align:right\u00a0\u00bb use_theme_fonts=\u00a0\u00bbyes\u00a0\u00bb css_params=\u00a0\u00bb\u00a0\u00bb][vc_custom_heading text=\u00a0\u00bbUnissez vos forces \u00e0 celles de Cell Bio, leader dans la fourniture de valeur exceptionnelle gr\u00e2ce \u00e0 son expertise en approvisionnement de biosp\u00e9cifiques humains et \u00e0 ses partenariats collaboratifs. Avec nos biospecimens [&hellip;]\" \/>\n<meta property=\"og:url\" content=\"https:\/\/cell-bio.life\/fr\/products\/\" \/>\n<meta property=\"og:site_name\" content=\"Cell Bio\" \/>\n<meta property=\"article:modified_time\" content=\"2026-02-10T07:29:58+00:00\" \/>\n<meta name=\"twitter:card\" content=\"summary_large_image\" \/>\n<meta name=\"twitter:label1\" content=\"Dur\u00e9e de lecture estim\u00e9e\" \/>\n\t<meta name=\"twitter:data1\" content=\"16 minutes\" \/>\n<script type=\"application\/ld+json\" class=\"yoast-schema-graph\">{\"@context\":\"https:\\\/\\\/schema.org\",\"@graph\":[{\"@type\":\"WebPage\",\"@id\":\"https:\\\/\\\/cell-bio.life\\\/fr\\\/products\\\/\",\"url\":\"https:\\\/\\\/cell-bio.life\\\/fr\\\/products\\\/\",\"name\":\"Produits - Cell Bio\",\"isPartOf\":{\"@id\":\"https:\\\/\\\/cell-bio.life\\\/fr\\\/#website\"},\"datePublished\":\"2025-12-03T13:10:53+00:00\",\"dateModified\":\"2026-02-10T07:29:58+00:00\",\"breadcrumb\":{\"@id\":\"https:\\\/\\\/cell-bio.life\\\/fr\\\/products\\\/#breadcrumb\"},\"inLanguage\":\"fr-FR\",\"potentialAction\":[{\"@type\":\"ReadAction\",\"target\":[[\"https:\\\/\\\/cell-bio.life\\\/fr\\\/products\\\/\"]]}]},{\"@type\":\"BreadcrumbList\",\"@id\":\"https:\\\/\\\/cell-bio.life\\\/fr\\\/products\\\/#breadcrumb\",\"itemListElement\":[{\"@type\":\"ListItem\",\"position\":1,\"name\":\"Home\",\"item\":\"https:\\\/\\\/cell-bio.life\\\/fr\\\/\"},{\"@type\":\"ListItem\",\"position\":2,\"name\":\"Products\"}]},{\"@type\":\"WebSite\",\"@id\":\"https:\\\/\\\/cell-bio.life\\\/fr\\\/#website\",\"url\":\"https:\\\/\\\/cell-bio.life\\\/fr\\\/\",\"name\":\"Cell Bio\",\"description\":\"[:en]Cell Energy for the Life of Living[:de]Zellenergie f&uuml;r ein langes Leben[:fr]L'&eacute;nergie cellulaire pour la vie[:ja]\u751f\u547d\u306e\u305f\u3081\u306e\u7d30\u80de\u30a8\u30cd\u30eb\u30ae\u30fc[:ko]\uc0dd\uba85\uc758 \uc0b6\uc744 \uc704\ud55c \uc138\ud3ec \uc5d0\ub108\uc9c0[:]\",\"potentialAction\":[{\"@type\":\"SearchAction\",\"target\":{\"@type\":\"EntryPoint\",\"urlTemplate\":\"https:\\\/\\\/cell-bio.life\\\/fr\\\/?s={search_term_string}\"},\"query-input\":{\"@type\":\"PropertyValueSpecification\",\"valueRequired\":true,\"valueName\":\"search_term_string\"}}],\"inLanguage\":\"fr-FR\"}]}<\/script>\n<!-- \/ Yoast SEO plugin. -->","yoast_head_json":{"title":"Produits - Cell Bio","robots":{"index":"index","follow":"follow","max-snippet":"max-snippet:-1","max-image-preview":"max-image-preview:large","max-video-preview":"max-video-preview:-1"},"canonical":"https:\/\/cell-bio.life\/fr\/products\/","og_locale":"fr_FR","og_type":"article","og_title":"Produits - Cell Bio","og_description":"[vc_row full_width_css=\u00a0\u00bbstretch_row_css\u00a0\u00bb wrap_container=\u00a0\u00bbyes\u00a0\u00bb el_class=\u00a0\u00bbbanner-top ptopm pbotm\u00a0\u00bb css=\u00a0\u00bb.vc_custom_1764873438110{background-image: url(https:\/\/cell-bio.life\/wp-content\/uploads\/2025\/12\/up-pic-Products-scaled.webp?id=671) !important;background-position: center !important;background-repeat: no-repeat !important;background-size: cover !important;}\u00a0\u00bb conditional_render=\u00a0\u00bb%5B%7B%22value_role%22%3A%22administrator%22%7D%5D\u00a0\u00bb css_params=\u00a0\u00bb\u00a0\u00bb][vc_column width=\u00a0\u00bb1\/3&Prime;][\/vc_column][vc_column width=\u00a0\u00bb2\/3&Prime;][vc_custom_heading text=\u00a0\u00bbProduits\u00a0\u00bb font_container=\u00a0\u00bbtag:h1|text_align:right\u00a0\u00bb use_theme_fonts=\u00a0\u00bbyes\u00a0\u00bb css_params=\u00a0\u00bb\u00a0\u00bb][vc_custom_heading text=\u00a0\u00bbUnissez vos forces \u00e0 celles de Cell Bio, leader dans la fourniture de valeur exceptionnelle gr\u00e2ce \u00e0 son expertise en approvisionnement de biosp\u00e9cifiques humains et \u00e0 ses partenariats collaboratifs. Avec nos biospecimens [&hellip;]","og_url":"https:\/\/cell-bio.life\/fr\/products\/","og_site_name":"Cell Bio","article_modified_time":"2026-02-10T07:29:58+00:00","twitter_card":"summary_large_image","twitter_misc":{"Dur\u00e9e de lecture estim\u00e9e":"16 minutes"},"schema":{"@context":"https:\/\/schema.org","@graph":[{"@type":"WebPage","@id":"https:\/\/cell-bio.life\/fr\/products\/","url":"https:\/\/cell-bio.life\/fr\/products\/","name":"Produits - Cell Bio","isPartOf":{"@id":"https:\/\/cell-bio.life\/fr\/#website"},"datePublished":"2025-12-03T13:10:53+00:00","dateModified":"2026-02-10T07:29:58+00:00","breadcrumb":{"@id":"https:\/\/cell-bio.life\/fr\/products\/#breadcrumb"},"inLanguage":"fr-FR","potentialAction":[{"@type":"ReadAction","target":[["https:\/\/cell-bio.life\/fr\/products\/"]]}]},{"@type":"BreadcrumbList","@id":"https:\/\/cell-bio.life\/fr\/products\/#breadcrumb","itemListElement":[{"@type":"ListItem","position":1,"name":"Home","item":"https:\/\/cell-bio.life\/fr\/"},{"@type":"ListItem","position":2,"name":"Products"}]},{"@type":"WebSite","@id":"https:\/\/cell-bio.life\/fr\/#website","url":"https:\/\/cell-bio.life\/fr\/","name":"Cell Bio","description":"[:en]Cell Energy for the Life of Living[:de]Zellenergie f&uuml;r ein langes Leben[:fr]L'&eacute;nergie cellulaire pour la vie[:ja]\u751f\u547d\u306e\u305f\u3081\u306e\u7d30\u80de\u30a8\u30cd\u30eb\u30ae\u30fc[:ko]\uc0dd\uba85\uc758 \uc0b6\uc744 \uc704\ud55c \uc138\ud3ec \uc5d0\ub108\uc9c0[:]","potentialAction":[{"@type":"SearchAction","target":{"@type":"EntryPoint","urlTemplate":"https:\/\/cell-bio.life\/fr\/?s={search_term_string}"},"query-input":{"@type":"PropertyValueSpecification","valueRequired":true,"valueName":"search_term_string"}}],"inLanguage":"fr-FR"}]}},"_links":{"self":[{"href":"https:\/\/cell-bio.life\/fr\/wp-json\/wp\/v2\/pages\/394","targetHints":{"allow":["GET"]}}],"collection":[{"href":"https:\/\/cell-bio.life\/fr\/wp-json\/wp\/v2\/pages"}],"about":[{"href":"https:\/\/cell-bio.life\/fr\/wp-json\/wp\/v2\/types\/page"}],"author":[{"embeddable":true,"href":"https:\/\/cell-bio.life\/fr\/wp-json\/wp\/v2\/users\/1"}],"replies":[{"embeddable":true,"href":"https:\/\/cell-bio.life\/fr\/wp-json\/wp\/v2\/comments?post=394"}],"version-history":[{"count":16,"href":"https:\/\/cell-bio.life\/fr\/wp-json\/wp\/v2\/pages\/394\/revisions"}],"predecessor-version":[{"id":1402,"href":"https:\/\/cell-bio.life\/fr\/wp-json\/wp\/v2\/pages\/394\/revisions\/1402"}],"wp:attachment":[{"href":"https:\/\/cell-bio.life\/fr\/wp-json\/wp\/v2\/media?parent=394"}],"curies":[{"name":"wp","href":"https:\/\/api.w.org\/{rel}","templated":true}]}}