{"id":502,"date":"2025-12-03T16:59:21","date_gmt":"2025-12-03T13:59:21","guid":{"rendered":"https:\/\/cell-bio.life\/?page_id=502"},"modified":"2026-02-10T11:01:42","modified_gmt":"2026-02-10T08:01:42","slug":"cookie-policy","status":"publish","type":"page","link":"https:\/\/cell-bio.life\/fr\/cookie-policy\/","title":{"rendered":"Politique relative aux cookies"},"content":{"rendered":"<div class=\"wpb-content-wrapper\"><p>[vc_row full_width_css=\u00a0\u00bbstretch_row_css\u00a0\u00bb wrap_container=\u00a0\u00bbyes\u00a0\u00bb el_class=\u00a0\u00bbbanner-top ptopm pbotm\u00a0\u00bb css=\u00a0\u00bb.vc_custom_1764865968776{background-image: url(https:\/\/cell-bio.life\/wp-content\/uploads\/2025\/12\/up-pic-Cookie-Policy-scaled.webp?id=662) !important;background-position: center !important;background-repeat: no-repeat !important;background-size: cover !important;}\u00a0\u00bb conditional_render=\u00a0\u00bb%5B%7B%22value_role%22%3A%22administrator%22%7D%5D\u00a0\u00bb css_params=\u00a0\u00bb\u00a0\u00bb][vc_column width=\u00a0\u00bb1\/3&Prime;][\/vc_column][vc_column width=\u00a0\u00bb2\/3&Prime;][vc_custom_heading text=\u00a0\u00bbPolitique relative aux cookies\u00a0\u00bb font_container=\u00a0\u00bbtag:h1|text_align:right\u00a0\u00bb use_theme_fonts=\u00a0\u00bbyes\u00a0\u00bb css_params=\u00a0\u00bb\u00a0\u00bb][vc_custom_heading text=\u00a0\u00bbCette politique relative aux cookies a \u00e9t\u00e9 mise \u00e0 jour le 1er juillet 2025 et s&rsquo;applique aux citoyens et r\u00e9sidents permanents l\u00e9gaux d&rsquo;Ukraine.\u00a0\u00bb font_container=\u00a0\u00bbtag:h4|text_align:right|color:%23ffffff\u00a0\u00bb use_theme_fonts=\u00a0\u00bbyes\u00a0\u00bb css_params=\u00a0\u00bb\u00a0\u00bb][\/vc_column][\/vc_row][vc_row wrap_container=\u00a0\u00bbyes\u00a0\u00bb el_class=\u00a0\u00bbptopm pbot\u00a0\u00bb conditional_render=\u00a0\u00bb%5B%7B%22value_role%22%3A%22administrator%22%7D%5D\u00a0\u00bb css_params=\u00a0\u00bb\u00a0\u00bb][vc_column][vc_row_inner][vc_column_inner][vc_custom_heading text=\u00a0\u00bb1. Introduction\u00a0\u00bb font_container=\u00a0\u00bbtag:h3|text_align:left|color:var(&#8211;porto-primary-color)\u00a0\u00bb use_theme_fonts=\u00a0\u00bbyes\u00a0\u00bb css_params=\u00a0\u00bb\u00a0\u00bb][vc_column_text css=\u00a0\u00bb\u00a0\u00bb css_params=\u00a0\u00bb\u00a0\u00bb]Notre site web, <a href=\"https:\/\/www.cell-bio.life\/\"><strong>cell-bio.life<\/strong><\/a> (ci-apr\u00e8s&nbsp;: \u00ab&nbsp;le site web&nbsp;\u00bb), utilise des cookies et d&rsquo;autres technologies similaires (d\u00e9sign\u00e9es collectivement par le terme \u00ab&nbsp;cookies&nbsp;\u00bb). Des cookies sont \u00e9galement d\u00e9pos\u00e9s par des tiers avec lesquels nous collaborons. Ce document vous informe sur l&rsquo;utilisation des cookies sur notre site web.[\/vc_column_text][\/vc_column_inner][\/vc_row_inner][vc_row_inner][vc_column_inner][vc_custom_heading text=\u00a0\u00bb2. Que sont les cookies?\u00a0\u00bb font_container=\u00a0\u00bbtag:h3|text_align:left|color:var(&#8211;porto-primary-color)\u00a0\u00bb use_theme_fonts=\u00a0\u00bbyes\u00a0\u00bb css_params=\u00a0\u00bb\u00a0\u00bb][vc_column_text css=\u00a0\u00bb\u00a0\u00bb css_params=\u00a0\u00bb\u00a0\u00bb]Un cookie est un petit fichier texte envoy\u00e9 avec les pages de ce site web et stock\u00e9 par votre navigateur sur le disque dur de votre ordinateur ou autre appareil. Les informations qu&rsquo;il contient peuvent \u00eatre renvoy\u00e9es \u00e0 nos serveurs ou aux serveurs des tiers concern\u00e9s lors d&rsquo;une visite ult\u00e9rieure.[\/vc_column_text][\/vc_column_inner][\/vc_row_inner][vc_row_inner][vc_column_inner][vc_custom_heading text=\u00a0\u00bb3. Que sont les scripts?\u00a0\u00bb font_container=\u00a0\u00bbtag:h3|text_align:left|color:var(&#8211;porto-primary-color)\u00a0\u00bb use_theme_fonts=\u00a0\u00bbyes\u00a0\u00bb css_params=\u00a0\u00bb\u00a0\u00bb][vc_column_text css=\u00a0\u00bb\u00a0\u00bb css_params=\u00a0\u00bb\u00a0\u00bb]Un script est un fragment de code informatique utilis\u00e9 pour assurer le bon fonctionnement et l&rsquo;interactivit\u00e9 de notre site web. Ce code est ex\u00e9cut\u00e9 sur notre serveur ou sur votre appareil.[\/vc_column_text][\/vc_column_inner][\/vc_row_inner][vc_row_inner][vc_column_inner][vc_custom_heading text=\u00a0\u00bb4. Qu&rsquo;est-ce qu&rsquo;une balise web?\u00a0\u00bb font_container=\u00a0\u00bbtag:h3|text_align:left|color:var(&#8211;porto-primary-color)\u00a0\u00bb use_theme_fonts=\u00a0\u00bbyes\u00a0\u00bb css_params=\u00a0\u00bb\u00a0\u00bb][vc_column_text css=\u00a0\u00bb\u00a0\u00bb css_params=\u00a0\u00bb\u00a0\u00bb]Une balise Web (ou pixel espion) est un petit \u00e9l\u00e9ment invisible (texte ou image) int\u00e9gr\u00e9 \u00e0 une page Web et utilis\u00e9 pour analyser le trafic. Pour ce faire, diverses donn\u00e9es vous concernant sont collect\u00e9es gr\u00e2ce \u00e0 ces balises.[\/vc_column_text][\/vc_column_inner][\/vc_row_inner][vc_row_inner][vc_column_inner][vc_custom_heading text=\u00a0\u00bb5. Cookies\u00a0\u00bb font_container=\u00a0\u00bbtag:h3|text_align:left|color:var(&#8211;porto-primary-color)\u00a0\u00bb use_theme_fonts=\u00a0\u00bbyes\u00a0\u00bb css_params=\u00a0\u00bb\u00a0\u00bb][vc_custom_heading text=\u00a0\u00bb5.1 Cookies techniques ou fonctionnels\u00a0\u00bb font_container=\u00a0\u00bbtag:h4|font_size:20px|text_align:left|color:var(&#8211;porto-quaternary-color)\u00a0\u00bb use_theme_fonts=\u00a0\u00bbyes\u00a0\u00bb font_weight=\u00a0\u00bb700&Prime; css_params=\u00a0\u00bb\u00a0\u00bb][vc_column_text css=\u00a0\u00bb\u00a0\u00bb css_params=\u00a0\u00bb\u00a0\u00bb]Une balise Web (ou pixel espion) est un petit \u00e9l\u00e9ment invisible (texte ou image) int\u00e9gr\u00e9 \u00e0 une page Web et utilis\u00e9 pour analyser le trafic. Pour ce faire, diverses donn\u00e9es vous concernant sont collect\u00e9es gr\u00e2ce \u00e0 ces balises.[\/vc_column_text][vc_custom_heading text=\u00a0\u00bb5.2 Cookies de statistiques\u00a0\u00bb font_container=\u00a0\u00bbtag:h4|font_size:20px|text_align:left|color:var(&#8211;porto-quaternary-color)\u00a0\u00bb use_theme_fonts=\u00a0\u00bbyes\u00a0\u00bb font_weight=\u00a0\u00bb700&Prime; css_params=\u00a0\u00bb\u00a0\u00bb][vc_column_text css=\u00a0\u00bb\u00a0\u00bb css_params=\u00a0\u00bb\u00a0\u00bb]Nous utilisons des cookies de statistiques afin d&rsquo;optimiser votre exp\u00e9rience sur notre site Web. Ces cookies nous permettent d&rsquo;analyser l&rsquo;utilisation de notre site. Nous vous demandons votre autorisation pour le d\u00e9p\u00f4t de ces cookies.[\/vc_column_text][vc_custom_heading text=\u00a0\u00bb5.3 Cookies publicitaires\u00a0\u00bb font_container=\u00a0\u00bbtag:h4|font_size:20px|text_align:left|color:var(&#8211;porto-quaternary-color)\u00a0\u00bb use_theme_fonts=\u00a0\u00bbyes\u00a0\u00bb font_weight=\u00a0\u00bb700&Prime; css_params=\u00a0\u00bb\u00a0\u00bb][vc_column_text css=\u00a0\u00bb\u00a0\u00bb css_params=\u00a0\u00bb\u00a0\u00bb]Sur ce site Web, nous utilisons des cookies publicitaires qui nous permettent d&rsquo;analyser les r\u00e9sultats de nos campagnes. Cette analyse repose sur un profil que nous cr\u00e9ons \u00e0 partir de votre navigation sur cell-bio.life. Gr\u00e2ce \u00e0 ces cookies, vous \u00eates associ\u00e9, en tant que visiteur du site, \u00e0 un identifiant unique, mais ils ne permettent pas de profiler votre comportement ni vos centres d&rsquo;int\u00e9r\u00eat afin de vous proposer des publicit\u00e9s personnalis\u00e9es.<\/p>\n<p>Ces cookies \u00e9tant consid\u00e9r\u00e9s comme des cookies de suivi, nous vous demandons votre autorisation pour les d\u00e9poser.[\/vc_column_text][vc_custom_heading text=\u00a0\u00bb5.4 Cookies marketing\/de suivi\u00a0\u00bb font_container=\u00a0\u00bbtag:h4|font_size:20px|text_align:left|color:var(&#8211;porto-quaternary-color)\u00a0\u00bb use_theme_fonts=\u00a0\u00bbyes\u00a0\u00bb font_weight=\u00a0\u00bb700&Prime; css_params=\u00a0\u00bb\u00a0\u00bb][vc_column_text css=\u00a0\u00bb\u00a0\u00bb css_params=\u00a0\u00bb\u00a0\u00bb]Les cookies marketing\/de suivi sont des cookies ou toute autre forme de stockage local utilis\u00e9s pour cr\u00e9er des profils d&rsquo;utilisateurs afin d&rsquo;afficher des publicit\u00e9s ou de suivre l&rsquo;utilisateur sur ce site web ou sur plusieurs sites web \u00e0 des fins marketing similaires.[\/vc_column_text][\/vc_column_inner][\/vc_row_inner][vc_row_inner][vc_column_inner][vc_custom_heading text=\u00a0\u00bb6. Consentement\u00a0\u00bb font_container=\u00a0\u00bbtag:h3|text_align:left|color:var(&#8211;porto-primary-color)\u00a0\u00bb use_theme_fonts=\u00a0\u00bbyes\u00a0\u00bb css_params=\u00a0\u00bb\u00a0\u00bb][vc_column_text css=\u00a0\u00bb\u00a0\u00bb css_params=\u00a0\u00bb\u00a0\u00bb]Lors de votre premi\u00e8re visite sur notre site web, une fen\u00eatre contextuelle vous expliquera l&rsquo;utilisation des cookies. En cliquant sur \u00ab\u00a0Enregistrer les pr\u00e9f\u00e9rences\u00a0\u00bb, vous consentez \u00e0 ce que nous utilisions les cat\u00e9gories de cookies et de modules compl\u00e9mentaires que vous avez s\u00e9lectionn\u00e9es dans cette fen\u00eatre, conform\u00e9ment \u00e0 la pr\u00e9sente Politique relative aux cookies. Vous pouvez d\u00e9sactiver l&rsquo;utilisation des cookies via votre navigateur, mais veuillez noter que notre site web risque alors de ne plus fonctionner correctement.[\/vc_column_text][\/vc_column_inner][\/vc_row_inner][vc_row_inner][vc_column_inner][vc_custom_heading text=\u00a0\u00bb7. Activation\/d\u00e9sactivation et suppression des cookies\u00a0\u00bb font_container=\u00a0\u00bbtag:h3|text_align:left|color:var(&#8211;porto-primary-color)\u00a0\u00bb use_theme_fonts=\u00a0\u00bbyes\u00a0\u00bb css_params=\u00a0\u00bb\u00a0\u00bb][vc_column_text css=\u00a0\u00bb\u00a0\u00bb css_params=\u00a0\u00bb\u00a0\u00bb]Vous pouvez utiliser votre navigateur internet pour supprimer automatiquement ou manuellement les cookies. Vous pouvez \u00e9galement sp\u00e9cifier que certains cookies ne doivent pas \u00eatre d\u00e9pos\u00e9s. Vous pouvez aussi modifier les param\u00e8tres de votre navigateur internet afin de recevoir un message \u00e0 chaque fois qu&rsquo;un cookie est d\u00e9pos\u00e9. Pour plus d&rsquo;informations sur ces options, veuillez consulter la section Aide de votre navigateur.<\/p>\n<p>Veuillez noter que notre site web risque de ne pas fonctionner correctement si tous les cookies sont d\u00e9sactiv\u00e9s. Si vous supprimez les cookies de votre navigateur, ils seront r\u00e9install\u00e9s apr\u00e8s votre consentement lors de votre prochaine visite sur notre site web.[\/vc_column_text][\/vc_column_inner][\/vc_row_inner][vc_row_inner][vc_column_inner][vc_custom_heading text=\u00a0\u00bb8. Vos droits concernant vos donn\u00e9es personnelles\u00a0\u00bb font_container=\u00a0\u00bbtag:h3|text_align:left|color:var(&#8211;porto-primary-color)\u00a0\u00bb use_theme_fonts=\u00a0\u00bbyes\u00a0\u00bb css_params=\u00a0\u00bb\u00a0\u00bb][vc_column_text css=\u00a0\u00bb\u00a0\u00bb css_params=\u00a0\u00bb\u00a0\u00bb]Vous disposez des droits suivants concernant vos donn\u00e9es personnelles&nbsp;:<\/p>\n<ul>\n<li>Vous avez le droit de savoir pourquoi vos donn\u00e9es personnelles sont n\u00e9cessaires, ce qu&rsquo;il adviendra de ces donn\u00e9es et pendant combien de temps elles seront conserv\u00e9es.<\/li>\n<li>Droit d&rsquo;acc\u00e8s&nbsp;: Vous avez le droit d&rsquo;acc\u00e9der \u00e0 vos donn\u00e9es personnelles que nous d\u00e9tenons.<\/li>\n<li>Droit de rectification&nbsp;: Vous avez le droit de compl\u00e9ter, corriger, supprimer ou bloquer vos donn\u00e9es personnelles \u00e0 tout moment.<\/li>\n<li>Si vous nous donnez votre consentement pour le traitement de vos donn\u00e9es, vous avez le droit de retirer ce consentement et de demander la suppression de vos donn\u00e9es personnelles.<\/li>\n<li>Droit \u00e0 la portabilit\u00e9 des donn\u00e9es&nbsp;: Vous avez le droit de demander au responsable du traitement de vous communiquer toutes vos donn\u00e9es personnelles et de les transf\u00e9rer int\u00e9gralement \u00e0 un autre responsable du traitement.<\/li>\n<li>Droit d&rsquo;opposition&nbsp;: Vous pouvez vous opposer au traitement de vos donn\u00e9es. Nous respectons cette politique, sauf en cas de motifs l\u00e9gitimes de traitement.<\/li>\n<\/ul>\n<p>Pour exercer vos droits, veuillez nous contacter. Vous trouverez nos coordonn\u00e9es au bas de la pr\u00e9sente Politique relative aux cookies. Si vous avez une r\u00e9clamation concernant le traitement de vos donn\u00e9es, nous vous invitons \u00e0 nous en faire part. Vous avez \u00e9galement le droit de d\u00e9poser une plainte aupr\u00e8s de l&rsquo;autorit\u00e9 de contr\u00f4le comp\u00e9tente (le Bureau du Commissaire \u00e0 l&rsquo;information \u2013 ICO).[\/vc_column_text][\/vc_column_inner][\/vc_row_inner][vc_row_inner][vc_column_inner][vc_custom_heading text=\u00a0\u00bb9. Coordonn\u00e9es\u00a0\u00bb font_container=\u00a0\u00bbtag:h3|text_align:left|color:var(&#8211;porto-primary-color)\u00a0\u00bb use_theme_fonts=\u00a0\u00bbyes\u00a0\u00bb css_params=\u00a0\u00bb\u00a0\u00bb][vc_column_text css=\u00a0\u00bb\u00a0\u00bb css_params=\u00a0\u00bb\u00a0\u00bb]Pour toute question ou remarque concernant notre Politique relative aux cookies et la pr\u00e9sente d\u00e9claration, veuillez nous contacter aux coordonn\u00e9es suivantes&nbsp;:<\/p>\n<p>Cell Bio<br \/>\nUkraine, Kyiv<\/p>\n<p>Site web: <strong><a href=\"https:\/\/www.cell-bio.life\/\">cell-bio.life\u2028<\/a><\/strong><\/p>\n<p>Courriel: <a href=\"mailto:bd@cell-bio.life\"><strong>bd@cell-bio.life<\/strong><\/a><\/p>\n<p>T\u00e9l\u00e9phone: +380 (67) 781 85 74[\/vc_column_text][\/vc_column_inner][\/vc_row_inner][\/vc_column][\/vc_row]<\/p>\n<\/div>","protected":false},"excerpt":{"rendered":"<p>[vc_row full_width_css=\u00a0\u00bbstretch_row_css\u00a0\u00bb wrap_container=\u00a0\u00bbyes\u00a0\u00bb el_class=\u00a0\u00bbbanner-top ptopm pbotm\u00a0\u00bb css=\u00a0\u00bb.vc_custom_1764865968776{background-image: url(https:\/\/cell-bio.life\/wp-content\/uploads\/2025\/12\/up-pic-Cookie-Policy-scaled.webp?id=662) !important;background-position: center !important;background-repeat: no-repeat !important;background-size: cover !important;}\u00a0\u00bb conditional_render=\u00a0\u00bb%5B%7B%22value_role%22%3A%22administrator%22%7D%5D\u00a0\u00bb css_params=\u00a0\u00bb\u00a0\u00bb][vc_column width=\u00a0\u00bb1\/3&Prime;][\/vc_column][vc_column width=\u00a0\u00bb2\/3&Prime;][vc_custom_heading text=\u00a0\u00bbPolitique relative aux cookies\u00a0\u00bb font_container=\u00a0\u00bbtag:h1|text_align:right\u00a0\u00bb use_theme_fonts=\u00a0\u00bbyes\u00a0\u00bb css_params=\u00a0\u00bb\u00a0\u00bb][vc_custom_heading text=\u00a0\u00bbCette politique relative aux cookies a \u00e9t\u00e9 mise \u00e0 jour le 1er juillet 2025 et s&rsquo;applique aux citoyens et r\u00e9sidents permanents l\u00e9gaux d&rsquo;Ukraine.\u00a0\u00bb font_container=\u00a0\u00bbtag:h4|text_align:right|color:%23ffffff\u00a0\u00bb use_theme_fonts=\u00a0\u00bbyes\u00a0\u00bb css_params=\u00a0\u00bb\u00a0\u00bb][\/vc_column][\/vc_row][vc_row wrap_container=\u00a0\u00bbyes\u00a0\u00bb el_class=\u00a0\u00bbptopm pbot\u00a0\u00bb [&hellip;]<\/p>\n","protected":false},"author":1,"featured_media":0,"parent":0,"menu_order":0,"comment_status":"closed","ping_status":"closed","template":"","meta":{"footnotes":""},"class_list":["post-502","page","type-page","status-publish","hentry"],"yoast_head":"<!-- This site is optimized with the Yoast SEO plugin v27.5 - https:\/\/yoast.com\/product\/yoast-seo-wordpress\/ -->\n<title>Politique relative aux cookies - Cell Bio<\/title>\n<meta name=\"robots\" content=\"index, follow, max-snippet:-1, max-image-preview:large, max-video-preview:-1\" \/>\n<link rel=\"canonical\" href=\"https:\/\/cell-bio.life\/fr\/cookie-policy\/\" \/>\n<meta property=\"og:locale\" content=\"fr_FR\" \/>\n<meta property=\"og:type\" content=\"article\" \/>\n<meta property=\"og:title\" content=\"Politique relative aux cookies - Cell Bio\" \/>\n<meta property=\"og:description\" content=\"[vc_row full_width_css=\u00a0\u00bbstretch_row_css\u00a0\u00bb wrap_container=\u00a0\u00bbyes\u00a0\u00bb el_class=\u00a0\u00bbbanner-top ptopm pbotm\u00a0\u00bb css=\u00a0\u00bb.vc_custom_1764865968776{background-image: url(https:\/\/cell-bio.life\/wp-content\/uploads\/2025\/12\/up-pic-Cookie-Policy-scaled.webp?id=662) !important;background-position: center !important;background-repeat: no-repeat !important;background-size: cover !important;}\u00a0\u00bb conditional_render=\u00a0\u00bb%5B%7B%22value_role%22%3A%22administrator%22%7D%5D\u00a0\u00bb css_params=\u00a0\u00bb\u00a0\u00bb][vc_column width=\u00a0\u00bb1\/3&Prime;][\/vc_column][vc_column width=\u00a0\u00bb2\/3&Prime;][vc_custom_heading text=\u00a0\u00bbPolitique relative aux cookies\u00a0\u00bb font_container=\u00a0\u00bbtag:h1|text_align:right\u00a0\u00bb use_theme_fonts=\u00a0\u00bbyes\u00a0\u00bb css_params=\u00a0\u00bb\u00a0\u00bb][vc_custom_heading text=\u00a0\u00bbCette politique relative aux cookies a \u00e9t\u00e9 mise \u00e0 jour le 1er juillet 2025 et s&rsquo;applique aux citoyens et r\u00e9sidents permanents l\u00e9gaux d&rsquo;Ukraine.\u00a0\u00bb font_container=\u00a0\u00bbtag:h4|text_align:right|color:%23ffffff\u00a0\u00bb use_theme_fonts=\u00a0\u00bbyes\u00a0\u00bb css_params=\u00a0\u00bb\u00a0\u00bb][\/vc_column][\/vc_row][vc_row wrap_container=\u00a0\u00bbyes\u00a0\u00bb el_class=\u00a0\u00bbptopm pbot\u00a0\u00bb [&hellip;]\" \/>\n<meta property=\"og:url\" content=\"https:\/\/cell-bio.life\/fr\/cookie-policy\/\" \/>\n<meta property=\"og:site_name\" content=\"Cell Bio\" \/>\n<meta property=\"article:modified_time\" content=\"2026-02-10T08:01:42+00:00\" \/>\n<meta name=\"twitter:card\" content=\"summary_large_image\" \/>\n<meta name=\"twitter:label1\" content=\"Dur\u00e9e de lecture estim\u00e9e\" \/>\n\t<meta name=\"twitter:data1\" content=\"29 minutes\" \/>\n<script type=\"application\/ld+json\" class=\"yoast-schema-graph\">{\"@context\":\"https:\\\/\\\/schema.org\",\"@graph\":[{\"@type\":\"WebPage\",\"@id\":\"https:\\\/\\\/cell-bio.life\\\/fr\\\/cookie-policy\\\/\",\"url\":\"https:\\\/\\\/cell-bio.life\\\/fr\\\/cookie-policy\\\/\",\"name\":\"Politique relative aux cookies - Cell Bio\",\"isPartOf\":{\"@id\":\"https:\\\/\\\/cell-bio.life\\\/fr\\\/#website\"},\"datePublished\":\"2025-12-03T13:59:21+00:00\",\"dateModified\":\"2026-02-10T08:01:42+00:00\",\"breadcrumb\":{\"@id\":\"https:\\\/\\\/cell-bio.life\\\/fr\\\/cookie-policy\\\/#breadcrumb\"},\"inLanguage\":\"fr-FR\",\"potentialAction\":[{\"@type\":\"ReadAction\",\"target\":[[\"https:\\\/\\\/cell-bio.life\\\/fr\\\/cookie-policy\\\/\"]]}]},{\"@type\":\"BreadcrumbList\",\"@id\":\"https:\\\/\\\/cell-bio.life\\\/fr\\\/cookie-policy\\\/#breadcrumb\",\"itemListElement\":[{\"@type\":\"ListItem\",\"position\":1,\"name\":\"Home\",\"item\":\"https:\\\/\\\/cell-bio.life\\\/fr\\\/\"},{\"@type\":\"ListItem\",\"position\":2,\"name\":\"Cookie Policy\"}]},{\"@type\":\"WebSite\",\"@id\":\"https:\\\/\\\/cell-bio.life\\\/fr\\\/#website\",\"url\":\"https:\\\/\\\/cell-bio.life\\\/fr\\\/\",\"name\":\"Cell Bio\",\"description\":\"[:en]Cell Energy for the Life of Living[:de]Zellenergie f&uuml;r ein langes Leben[:fr]L'&eacute;nergie cellulaire pour la vie[:ja]\u751f\u547d\u306e\u305f\u3081\u306e\u7d30\u80de\u30a8\u30cd\u30eb\u30ae\u30fc[:ko]\uc0dd\uba85\uc758 \uc0b6\uc744 \uc704\ud55c \uc138\ud3ec \uc5d0\ub108\uc9c0[:]\",\"potentialAction\":[{\"@type\":\"SearchAction\",\"target\":{\"@type\":\"EntryPoint\",\"urlTemplate\":\"https:\\\/\\\/cell-bio.life\\\/fr\\\/?s={search_term_string}\"},\"query-input\":{\"@type\":\"PropertyValueSpecification\",\"valueRequired\":true,\"valueName\":\"search_term_string\"}}],\"inLanguage\":\"fr-FR\"}]}<\/script>\n<!-- \/ Yoast SEO plugin. -->","yoast_head_json":{"title":"Politique relative aux cookies - Cell Bio","robots":{"index":"index","follow":"follow","max-snippet":"max-snippet:-1","max-image-preview":"max-image-preview:large","max-video-preview":"max-video-preview:-1"},"canonical":"https:\/\/cell-bio.life\/fr\/cookie-policy\/","og_locale":"fr_FR","og_type":"article","og_title":"Politique relative aux cookies - Cell Bio","og_description":"[vc_row full_width_css=\u00a0\u00bbstretch_row_css\u00a0\u00bb wrap_container=\u00a0\u00bbyes\u00a0\u00bb el_class=\u00a0\u00bbbanner-top ptopm pbotm\u00a0\u00bb css=\u00a0\u00bb.vc_custom_1764865968776{background-image: url(https:\/\/cell-bio.life\/wp-content\/uploads\/2025\/12\/up-pic-Cookie-Policy-scaled.webp?id=662) !important;background-position: center !important;background-repeat: no-repeat !important;background-size: cover !important;}\u00a0\u00bb conditional_render=\u00a0\u00bb%5B%7B%22value_role%22%3A%22administrator%22%7D%5D\u00a0\u00bb css_params=\u00a0\u00bb\u00a0\u00bb][vc_column width=\u00a0\u00bb1\/3&Prime;][\/vc_column][vc_column width=\u00a0\u00bb2\/3&Prime;][vc_custom_heading text=\u00a0\u00bbPolitique relative aux cookies\u00a0\u00bb font_container=\u00a0\u00bbtag:h1|text_align:right\u00a0\u00bb use_theme_fonts=\u00a0\u00bbyes\u00a0\u00bb css_params=\u00a0\u00bb\u00a0\u00bb][vc_custom_heading text=\u00a0\u00bbCette politique relative aux cookies a \u00e9t\u00e9 mise \u00e0 jour le 1er juillet 2025 et s&rsquo;applique aux citoyens et r\u00e9sidents permanents l\u00e9gaux d&rsquo;Ukraine.\u00a0\u00bb font_container=\u00a0\u00bbtag:h4|text_align:right|color:%23ffffff\u00a0\u00bb use_theme_fonts=\u00a0\u00bbyes\u00a0\u00bb css_params=\u00a0\u00bb\u00a0\u00bb][\/vc_column][\/vc_row][vc_row wrap_container=\u00a0\u00bbyes\u00a0\u00bb el_class=\u00a0\u00bbptopm pbot\u00a0\u00bb [&hellip;]","og_url":"https:\/\/cell-bio.life\/fr\/cookie-policy\/","og_site_name":"Cell Bio","article_modified_time":"2026-02-10T08:01:42+00:00","twitter_card":"summary_large_image","twitter_misc":{"Dur\u00e9e de lecture estim\u00e9e":"29 minutes"},"schema":{"@context":"https:\/\/schema.org","@graph":[{"@type":"WebPage","@id":"https:\/\/cell-bio.life\/fr\/cookie-policy\/","url":"https:\/\/cell-bio.life\/fr\/cookie-policy\/","name":"Politique relative aux cookies - Cell Bio","isPartOf":{"@id":"https:\/\/cell-bio.life\/fr\/#website"},"datePublished":"2025-12-03T13:59:21+00:00","dateModified":"2026-02-10T08:01:42+00:00","breadcrumb":{"@id":"https:\/\/cell-bio.life\/fr\/cookie-policy\/#breadcrumb"},"inLanguage":"fr-FR","potentialAction":[{"@type":"ReadAction","target":[["https:\/\/cell-bio.life\/fr\/cookie-policy\/"]]}]},{"@type":"BreadcrumbList","@id":"https:\/\/cell-bio.life\/fr\/cookie-policy\/#breadcrumb","itemListElement":[{"@type":"ListItem","position":1,"name":"Home","item":"https:\/\/cell-bio.life\/fr\/"},{"@type":"ListItem","position":2,"name":"Cookie Policy"}]},{"@type":"WebSite","@id":"https:\/\/cell-bio.life\/fr\/#website","url":"https:\/\/cell-bio.life\/fr\/","name":"Cell Bio","description":"[:en]Cell Energy for the Life of Living[:de]Zellenergie f&uuml;r ein langes Leben[:fr]L'&eacute;nergie cellulaire pour la vie[:ja]\u751f\u547d\u306e\u305f\u3081\u306e\u7d30\u80de\u30a8\u30cd\u30eb\u30ae\u30fc[:ko]\uc0dd\uba85\uc758 \uc0b6\uc744 \uc704\ud55c \uc138\ud3ec \uc5d0\ub108\uc9c0[:]","potentialAction":[{"@type":"SearchAction","target":{"@type":"EntryPoint","urlTemplate":"https:\/\/cell-bio.life\/fr\/?s={search_term_string}"},"query-input":{"@type":"PropertyValueSpecification","valueRequired":true,"valueName":"search_term_string"}}],"inLanguage":"fr-FR"}]}},"_links":{"self":[{"href":"https:\/\/cell-bio.life\/fr\/wp-json\/wp\/v2\/pages\/502","targetHints":{"allow":["GET"]}}],"collection":[{"href":"https:\/\/cell-bio.life\/fr\/wp-json\/wp\/v2\/pages"}],"about":[{"href":"https:\/\/cell-bio.life\/fr\/wp-json\/wp\/v2\/types\/page"}],"author":[{"embeddable":true,"href":"https:\/\/cell-bio.life\/fr\/wp-json\/wp\/v2\/users\/1"}],"replies":[{"embeddable":true,"href":"https:\/\/cell-bio.life\/fr\/wp-json\/wp\/v2\/comments?post=502"}],"version-history":[{"count":16,"href":"https:\/\/cell-bio.life\/fr\/wp-json\/wp\/v2\/pages\/502\/revisions"}],"predecessor-version":[{"id":1258,"href":"https:\/\/cell-bio.life\/fr\/wp-json\/wp\/v2\/pages\/502\/revisions\/1258"}],"wp:attachment":[{"href":"https:\/\/cell-bio.life\/fr\/wp-json\/wp\/v2\/media?parent=502"}],"curies":[{"name":"wp","href":"https:\/\/api.w.org\/{rel}","templated":true}]}}