{"id":840,"date":"2025-12-05T03:39:54","date_gmt":"2025-12-05T00:39:54","guid":{"rendered":"https:\/\/cell-bio.life\/?page_id=840"},"modified":"2026-02-10T10:50:32","modified_gmt":"2026-02-10T07:50:32","slug":"neural-crest-stem-cells","status":"publish","type":"page","link":"https:\/\/cell-bio.life\/fr\/products\/stem-cells\/neural-crest-stem-cells\/","title":{"rendered":"Cellules souches de la cr\u00eate neurale"},"content":{"rendered":"<div class=\"wpb-content-wrapper\"><p>[vc_row wrap_container=\"yes\" content_placement=\"middle\" parallax=\"content-moving\" parallax_image=\"469\" parallax_speed_bg=\"1.4\" conditional_render=\"%5B%7B%22value_role%22%3A%22administrator%22%7D%5D\" css_params=\"\" el_class=\"ptopm pbotm form-block\" css=\".vc_custom_1765306545764{background-image: url(https:\/\/cell-bio.life\/wp-content\/uploads\/2025\/12\/back-1-scaled.webp?id=468) !important;background-position: center;background-repeat: no-repeat !important;background-size: cover !important;}\"][vc_column width=\"1\/5\"][\/vc_column][vc_column width=\"3\/5\"][vc_custom_heading text=\"Des questions ou des informations sur nos produits et services\u00a0?\" font_container=\"tag:h2|text_align:center|color:%23ffffff\" use_theme_fonts=\"yes\" css_params=\"\"][vc_custom_heading text=\"Cell Bio con\u00e7oit, d\u00e9veloppe et optimise des solutions pour chaque client afin de r\u00e9pondre \u00e0 ses besoins rapidement et efficacement.\" font_container=\"tag:h4|text_align:center|color:%23ffffff\" use_theme_fonts=\"yes\" css_params=\"\"][vc_row_inner][vc_column_inner width=\"1\/2\"][vc_btn title=\"Prendre rendez-vous\" style=\"outline\" shape=\"round\" color=\"blue\" size=\"xl\" align=\"right\" link=\"url:%23\" css_params=\"\" el_class=\"book-call-modal\"][\/vc_column_inner][vc_column_inner width=\"1\/2\"][vc_btn title=\"Demande de commande\" shape=\"round\" color=\"white\" size=\"xl\" align=\"left\" link=\"url:%2Fexpertise%2F\" css_params=\"\"][\/vc_column_inner][\/vc_row_inner][\/vc_column][vc_column width=\"1\/5\"][\/vc_column][\/vc_row]<\/div>[\/vc_column][\/vc_row][vc_row wrap_container=\"yes\" content_placement=\"middle\" parallax=\"content-moving\" parallax_image=\"469\" parallax_speed_bg=\"1.4\" conditional_render=\"%5B%7B%22value_role%22%3A%22administrator%22%7D%5D\" css_params=\"\" el_class=\"ptopm pbotm form-block\" css=\".vc_custom_1765306545764{background-image: url(https:\/\/cell-bio.life\/wp-content\/uploads\/2025\/12\/back-1-scaled.webp?id=468) !important;background-position: center;background-repeat: no-repeat !important;background-size: cover !important;}\"][vc_column width=\"1\/5\"][\/vc_column][vc_column width=\"3\/5\"][vc_custom_heading text=\"Des questions ou des informations sur nos produits et services\u00a0?\" font_container=\"tag:h2|text_align:center|color:%23ffffff\" use_theme_fonts=\"yes\" css_params=\"\"][vc_custom_heading text=\"Cell Bio con\u00e7oit, d\u00e9veloppe et optimise des solutions pour chaque client afin de r\u00e9pondre \u00e0 ses besoins rapidement et efficacement.\" font_container=\"tag:h4|text_align:center|color:%23ffffff\" use_theme_fonts=\"yes\" css_params=\"\"][vc_row_inner][vc_column_inner width=\"1\/2\"][vc_btn title=\"Prendre rendez-vous\" style=\"outline\" shape=\"round\" color=\"blue\" size=\"xl\" align=\"right\" link=\"url:%23\" css_params=\"\" el_class=\"book-call-modal\"][\/vc_column_inner][vc_column_inner width=\"1\/2\"][vc_btn title=\"Demande de commande\" shape=\"round\" color=\"white\" size=\"xl\" align=\"left\" link=\"url:%2Fexpertise%2F\" css_params=\"\"][\/vc_column_inner][\/vc_row_inner][\/vc_column][vc_column width=\"1\/5\"][\/vc_column][\/vc_row]<\/div>[\/vc_column][\/vc_row][vc_row full_width_css=\u00a0\u00bbstretch_row_css\u00a0\u00bb wrap_container=\u00a0\u00bbyes\u00a0\u00bb el_class=\u00a0\u00bbbanner-top ptopm pbotm\u00a0\u00bb css=\u00a0\u00bb.vc_custom_1764896024504{background-image: url(https:\/\/cell-bio.life\/wp-content\/uploads\/2025\/12\/up-pic-Stem-cells-2-scaled.webp?id=679) !important;background-position: center !important;background-repeat: no-repeat !important;background-size: cover !important;}\u00a0\u00bb conditional_render=\u00a0\u00bb%5B%7B%22value_role%22%3A%22administrator%22%7D%5D\u00a0\u00bb css_params=\u00a0\u00bb\u00a0\u00bb][vc_column width=\u00a0\u00bb1\/3&Prime;][\/vc_column][vc_column width=\u00a0\u00bb2\/3&Prime;][vc_custom_heading text=\u00a0\u00bbCellules souches de la cr\u00eate neurale\u00a0\u00bb font_container=\u00a0\u00bbtag:h1|text_align:right\u00a0\u00bb use_theme_fonts=\u00a0\u00bbyes\u00a0\u00bb css_params=\u00a0\u00bb\u00a0\u00bb][vc_btn title=\u00a0\u00bbConsulter notre inventaire\u00a0\u00bb shape=\u00a0\u00bbround\u00a0\u00bb color=\u00a0\u00bbwhite\u00a0\u00bb size=\u00a0\u00bbxl\u00a0\u00bb align=\u00a0\u00bbright\u00a0\u00bb link=\u00a0\u00bburl:%2Fproducts%2Finventory%2F\u00a0\u00bb css_params=\u00a0\u00bb\u00a0\u00bb][\/vc_column][\/vc_row][vc_row full_width_css=\u00a0\u00bbstretch_row_css\u00a0\u00bb wrap_container=\u00a0\u00bbyes\u00a0\u00bb el_class=\u00a0\u00bbptopm pbot\u00a0\u00bb conditional_render=\u00a0\u00bb%5B%7B%22value_role%22%3A%22administrator%22%7D%5D\u00a0\u00bb css_params=\u00a0\u00bb\u00a0\u00bb css=\u00a0\u00bb.vc_custom_1764894416498{background-image: url(https:\/\/cell-bio.life\/wp-content\/uploads\/2025\/12\/back-3-scaled.webp?id=470) !important;background-position: center !important;background-repeat: no-repeat !important;background-size: cover !important;}\u00a0\u00bb][vc_column][vc_row_inner el_class=\u00a0\u00bbpbotm\u00a0\u00bb css_params=\u00a0\u00bb\u00a0\u00bb][vc_column_inner][vc_column_text css=\u00a0\u00bb\u00a0\u00bb css_params=\u00a0\u00bb\u00a0\u00bb]Les cellules souches de la cr\u00eate neurale d\u00e9riv\u00e9es de la peau (CSCN) sont des cellules multipotentes pr\u00e9sentes dans la peau adulte qui conservent le potentiel de d\u00e9veloppement des cellules de la cr\u00eate neurale embryonnaire. Elles constituent une source autologue accessible pour la m\u00e9decine r\u00e9g\u00e9n\u00e9rative et la mod\u00e9lisation des maladies.[\/vc_column_text][\/vc_column_inner][\/vc_row_inner]<div class=\"porto-toggles wpb_content_element \">[vc_toggle title=\u00a0\u00bbCaract\u00e9ristiques et sources cl\u00e9s\u00a0\u00bb css=\u00a0\u00bb\u00a0\u00bb css_params=\u00a0\u00bb\u00a0\u00bb]<strong>Localisation:<br \/>\n<\/strong>Ces cellules r\u00e9sident principalement dans des niches sp\u00e9cifiques&nbsp;:<\/p>\n<ul>\n<li>Renflement du follicule pileux: Il abrite les cellules souches neurales \u00e9pidermiques (EPI-NCSC) issues de l\u2019ectoderme.<\/li>\n<li>Derme: Il contient les pr\u00e9curseurs d\u00e9riv\u00e9s de la peau (SKP), des cellules multipotentes apparent\u00e9es \u00e0 la cr\u00eate neurale.<\/li>\n<li>\u00c9piderme interfolliculaire: Les NCSC peuvent \u00e9galement \u00eatre obtenues \u00e0 partir de cultures de k\u00e9ratinocytes de peau n\u00e9onatale et adulte.<\/li>\n<\/ul>\n<p><strong>Marqueurs:<br \/>\n<\/strong>Ces cellules expriment g\u00e9n\u00e9ralement des marqueurs tels que p75NTR, SOX10, SOX2 et la nestine.<\/p>\n<p><strong>Culture:<br \/>\n<\/strong>Elles sont souvent cultiv\u00e9es sous forme de sph\u00e9ro\u00efdes (sph\u00e8res cutan\u00e9es) dans un milieu sans s\u00e9rum suppl\u00e9ment\u00e9 en EGF et FGF2.[\/vc_toggle][vc_toggle title=\u00a0\u00bbPotentiel de diff\u00e9renciation\u00a0\u00bb css=\u00a0\u00bb\u00a0\u00bb css_params=\u00a0\u00bb\u00a0\u00bb]Les cellules souches neurales d\u00e9riv\u00e9es de la peau peuvent se diff\u00e9rencier en divers types cellulaires, in vitro et in vivo&nbsp;:<\/p>\n<ul>\n<li>Lign\u00e9es neurales: neurones sensoriels fonctionnels, cellules de Schwann et cellules gliales.<\/li>\n<li>Cellules pigmentaires: m\u00e9lanocytes matures.<\/li>\n<li>Lign\u00e9es m\u00e9senchymateuses: cellules musculaires lisses, adipocytes (tissu adipeux) et chondrocytes (cartilage).<\/li>\n<\/ul>\n<p>[\/vc_toggle]<\/div>[\/vc_column][\/vc_row][vc_row full_width_css=\u00a0\u00bbstretch_row_css\u00a0\u00bb wrap_container=\u00a0\u00bbyes\u00a0\u00bb content_placement=\u00a0\u00bbmiddle\u00a0\u00bb conditional_render=\u00a0\u00bb%5B%7B%22value_role%22%3A%22administrator%22%7D%5D\u00a0\u00bb css_params=\u00a0\u00bb\u00a0\u00bb el_class=\u00a0\u00bbpbot\u00a0\u00bb css=\u00a0\u00bb.vc_custom_1764890264879{background-position: center !important;background-repeat: no-repeat !important;background-size: cover !important;}\u00a0\u00bb][vc_column]<div class=\"porto-block\" data-id=\"794\"><style>.vc_custom_1765306545764{background-image: url(https:\/\/cell-bio.life\/wp-content\/uploads\/2025\/12\/back-1-scaled.webp?id=468) !important;background-position: center;background-repeat: no-repeat !important;background-size: cover !important;}.vc_custom_1765306545764{background-image: url(https:\/\/cell-bio.life\/wp-content\/uploads\/2025\/12\/back-1-scaled.webp?id=468) !important;background-position: center;background-repeat: no-repeat !important;background-size: cover !important;}.vc_custom_1765306545764{background-image: url(https:\/\/cell-bio.life\/wp-content\/uploads\/2025\/12\/back-1-scaled.webp?id=468) !important;background-position: center;background-repeat: no-repeat !important;background-size: cover !important;}.vc_custom_1765306545764{background-image: url(https:\/\/cell-bio.life\/wp-content\/uploads\/2025\/12\/back-1-scaled.webp?id=468) !important;background-position: center;background-repeat: no-repeat !important;background-size: cover !important;}.vc_custom_1765306545764{background-image: url(https:\/\/cell-bio.life\/wp-content\/uploads\/2025\/12\/back-1-scaled.webp?id=468) !important;background-position: center;background-repeat: no-repeat !important;background-size: cover !important;}<\/style>[vc_row wrap_container=\"yes\" content_placement=\"middle\" parallax=\"content-moving\" parallax_image=\"469\" parallax_speed_bg=\"1.4\" conditional_render=\"%5B%7B%22value_role%22%3A%22administrator%22%7D%5D\" css_params=\"\" el_class=\"ptopm pbotm form-block\" css=\".vc_custom_1765306545764{background-image: url(https:\/\/cell-bio.life\/wp-content\/uploads\/2025\/12\/back-1-scaled.webp?id=468) !important;background-position: center;background-repeat: no-repeat !important;background-size: cover !important;}\"][vc_column width=\"1\/5\"][\/vc_column][vc_column width=\"3\/5\"][vc_custom_heading text=\"Des questions ou des informations sur nos produits et services\u00a0?\" font_container=\"tag:h2|text_align:center|color:%23ffffff\" use_theme_fonts=\"yes\" css_params=\"\"][vc_custom_heading text=\"Cell Bio con\u00e7oit, d\u00e9veloppe et optimise des solutions pour chaque client afin de r\u00e9pondre \u00e0 ses besoins rapidement et efficacement.\" font_container=\"tag:h4|text_align:center|color:%23ffffff\" use_theme_fonts=\"yes\" css_params=\"\"][vc_row_inner][vc_column_inner width=\"1\/2\"][vc_btn title=\"Prendre rendez-vous\" style=\"outline\" shape=\"round\" color=\"blue\" size=\"xl\" align=\"right\" link=\"url:%23\" css_params=\"\" el_class=\"book-call-modal\"][\/vc_column_inner][vc_column_inner width=\"1\/2\"][vc_btn title=\"Demande de commande\" shape=\"round\" color=\"white\" size=\"xl\" align=\"left\" link=\"url:%2Fexpertise%2F\" css_params=\"\"][\/vc_column_inner][\/vc_row_inner][\/vc_column][vc_column width=\"1\/5\"][\/vc_column][\/vc_row]<\/div>[\/vc_column][\/vc_row][vc_row wrap_container=\"yes\" content_placement=\"middle\" parallax=\"content-moving\" parallax_image=\"469\" parallax_speed_bg=\"1.4\" conditional_render=\"%5B%7B%22value_role%22%3A%22administrator%22%7D%5D\" css_params=\"\" el_class=\"ptopm pbotm form-block\" css=\".vc_custom_1765306545764{background-image: url(https:\/\/cell-bio.life\/wp-content\/uploads\/2025\/12\/back-1-scaled.webp?id=468) !important;background-position: center;background-repeat: no-repeat !important;background-size: cover !important;}\"][vc_column width=\"1\/5\"][\/vc_column][vc_column width=\"3\/5\"][vc_custom_heading text=\"Des questions ou des informations sur nos produits et services\u00a0?\" font_container=\"tag:h2|text_align:center|color:%23ffffff\" use_theme_fonts=\"yes\" css_params=\"\"][vc_custom_heading text=\"Cell Bio con\u00e7oit, d\u00e9veloppe et optimise des solutions pour chaque client afin de r\u00e9pondre \u00e0 ses besoins rapidement et efficacement.\" font_container=\"tag:h4|text_align:center|color:%23ffffff\" use_theme_fonts=\"yes\" css_params=\"\"][vc_row_inner][vc_column_inner width=\"1\/2\"][vc_btn title=\"Prendre rendez-vous\" style=\"outline\" shape=\"round\" color=\"blue\" size=\"xl\" align=\"right\" link=\"url:%23\" css_params=\"\" el_class=\"book-call-modal\"][\/vc_column_inner][vc_column_inner width=\"1\/2\"][vc_btn title=\"Demande de commande\" shape=\"round\" color=\"white\" size=\"xl\" align=\"left\" link=\"url:%2Fexpertise%2F\" css_params=\"\"][\/vc_column_inner][\/vc_row_inner][\/vc_column][vc_column width=\"1\/5\"][\/vc_column][\/vc_row]<\/div>[\/vc_column][\/vc_row][vc_row wrap_container=\"yes\" content_placement=\"middle\" parallax=\"content-moving\" parallax_image=\"469\" parallax_speed_bg=\"1.4\" conditional_render=\"%5B%7B%22value_role%22%3A%22administrator%22%7D%5D\" css_params=\"\" el_class=\"ptopm pbotm form-block\" css=\".vc_custom_1765306545764{background-image: url(https:\/\/cell-bio.life\/wp-content\/uploads\/2025\/12\/back-1-scaled.webp?id=468) !important;background-position: center;background-repeat: no-repeat !important;background-size: cover !important;}\"][vc_column width=\"1\/5\"][\/vc_column][vc_column width=\"3\/5\"][vc_custom_heading text=\"Des questions ou des informations sur nos produits et services\u00a0?\" font_container=\"tag:h2|text_align:center|color:%23ffffff\" use_theme_fonts=\"yes\" css_params=\"\"][vc_custom_heading text=\"Cell Bio con\u00e7oit, d\u00e9veloppe et optimise des solutions pour chaque client afin de r\u00e9pondre \u00e0 ses besoins rapidement et efficacement.\" font_container=\"tag:h4|text_align:center|color:%23ffffff\" use_theme_fonts=\"yes\" css_params=\"\"][vc_row_inner][vc_column_inner width=\"1\/2\"][vc_btn title=\"Prendre rendez-vous\" style=\"outline\" shape=\"round\" color=\"blue\" size=\"xl\" align=\"right\" link=\"url:%23\" css_params=\"\" el_class=\"book-call-modal\"][\/vc_column_inner][vc_column_inner width=\"1\/2\"][vc_btn title=\"Demande de commande\" shape=\"round\" color=\"white\" size=\"xl\" align=\"left\" link=\"url:%2Fexpertise%2F\" css_params=\"\"][\/vc_column_inner][\/vc_row_inner][\/vc_column][vc_column width=\"1\/5\"][\/vc_column][\/vc_row]<\/div>[\/vc_column][\/vc_row]<\/p>\n<\/div>","protected":false},"excerpt":{"rendered":"<p>[vc_row full_width_css=\u00a0\u00bbstretch_row_css\u00a0\u00bb wrap_container=\u00a0\u00bbyes\u00a0\u00bb el_class=\u00a0\u00bbbanner-top ptopm pbotm\u00a0\u00bb css=\u00a0\u00bb.vc_custom_1764896024504{background-image: url(https:\/\/cell-bio.life\/wp-content\/uploads\/2025\/12\/up-pic-Stem-cells-2-scaled.webp?id=679) !important;background-position: center !important;background-repeat: no-repeat !important;background-size: cover !important;}\u00a0\u00bb conditional_render=\u00a0\u00bb%5B%7B%22value_role%22%3A%22administrator%22%7D%5D\u00a0\u00bb css_params=\u00a0\u00bb\u00a0\u00bb][vc_column width=\u00a0\u00bb1\/3&Prime;][\/vc_column][vc_column width=\u00a0\u00bb2\/3&Prime;][vc_custom_heading text=\u00a0\u00bbCellules souches de la cr\u00eate neurale\u00a0\u00bb font_container=\u00a0\u00bbtag:h1|text_align:right\u00a0\u00bb use_theme_fonts=\u00a0\u00bbyes\u00a0\u00bb css_params=\u00a0\u00bb\u00a0\u00bb][vc_btn title=\u00a0\u00bbConsulter notre inventaire\u00a0\u00bb shape=\u00a0\u00bbround\u00a0\u00bb color=\u00a0\u00bbwhite\u00a0\u00bb size=\u00a0\u00bbxl\u00a0\u00bb align=\u00a0\u00bbright\u00a0\u00bb link=\u00a0\u00bburl:%2Fproducts%2Finventory%2F\u00a0\u00bb css_params=\u00a0\u00bb\u00a0\u00bb][\/vc_column][\/vc_row][vc_row full_width_css=\u00a0\u00bbstretch_row_css\u00a0\u00bb wrap_container=\u00a0\u00bbyes\u00a0\u00bb el_class=\u00a0\u00bbptopm pbot\u00a0\u00bb conditional_render=\u00a0\u00bb%5B%7B%22value_role%22%3A%22administrator%22%7D%5D\u00a0\u00bb css_params=\u00a0\u00bb\u00a0\u00bb css=\u00a0\u00bb.vc_custom_1764894416498{background-image: url(https:\/\/cell-bio.life\/wp-content\/uploads\/2025\/12\/back-3-scaled.webp?id=470) !important;background-position: center !important;background-repeat: no-repeat !important;background-size: cover !important;}\u00a0\u00bb][vc_column][vc_row_inner el_class=\u00a0\u00bbpbotm\u00a0\u00bb css_params=\u00a0\u00bb\u00a0\u00bb][vc_column_inner][vc_column_text css=\u00a0\u00bb\u00a0\u00bb [&hellip;]<\/p>\n","protected":false},"author":1,"featured_media":0,"parent":400,"menu_order":0,"comment_status":"closed","ping_status":"closed","template":"","meta":{"footnotes":""},"class_list":["post-840","page","type-page","status-publish","hentry"],"yoast_head":"<!-- This site is optimized with the Yoast SEO plugin v27.5 - https:\/\/yoast.com\/product\/yoast-seo-wordpress\/ -->\n<title>Cellules souches de la cr\u00eate neurale - Cell Bio<\/title>\n<meta name=\"robots\" content=\"index, follow, max-snippet:-1, max-image-preview:large, max-video-preview:-1\" \/>\n<link rel=\"canonical\" href=\"https:\/\/cell-bio.life\/fr\/products\/stem-cells\/neural-crest-stem-cells\/\" \/>\n<meta property=\"og:locale\" content=\"fr_FR\" \/>\n<meta property=\"og:type\" content=\"article\" \/>\n<meta property=\"og:title\" content=\"Cellules souches de la cr\u00eate neurale - Cell Bio\" \/>\n<meta property=\"og:description\" content=\"[vc_row full_width_css=\u00a0\u00bbstretch_row_css\u00a0\u00bb wrap_container=\u00a0\u00bbyes\u00a0\u00bb el_class=\u00a0\u00bbbanner-top ptopm pbotm\u00a0\u00bb css=\u00a0\u00bb.vc_custom_1764896024504{background-image: url(https:\/\/cell-bio.life\/wp-content\/uploads\/2025\/12\/up-pic-Stem-cells-2-scaled.webp?id=679) !important;background-position: center !important;background-repeat: no-repeat !important;background-size: cover !important;}\u00a0\u00bb conditional_render=\u00a0\u00bb%5B%7B%22value_role%22%3A%22administrator%22%7D%5D\u00a0\u00bb css_params=\u00a0\u00bb\u00a0\u00bb][vc_column width=\u00a0\u00bb1\/3&Prime;][\/vc_column][vc_column width=\u00a0\u00bb2\/3&Prime;][vc_custom_heading text=\u00a0\u00bbCellules souches de la cr\u00eate neurale\u00a0\u00bb font_container=\u00a0\u00bbtag:h1|text_align:right\u00a0\u00bb use_theme_fonts=\u00a0\u00bbyes\u00a0\u00bb css_params=\u00a0\u00bb\u00a0\u00bb][vc_btn title=\u00a0\u00bbConsulter notre inventaire\u00a0\u00bb shape=\u00a0\u00bbround\u00a0\u00bb color=\u00a0\u00bbwhite\u00a0\u00bb size=\u00a0\u00bbxl\u00a0\u00bb align=\u00a0\u00bbright\u00a0\u00bb link=\u00a0\u00bburl:%2Fproducts%2Finventory%2F\u00a0\u00bb css_params=\u00a0\u00bb\u00a0\u00bb][\/vc_column][\/vc_row][vc_row full_width_css=\u00a0\u00bbstretch_row_css\u00a0\u00bb wrap_container=\u00a0\u00bbyes\u00a0\u00bb el_class=\u00a0\u00bbptopm pbot\u00a0\u00bb conditional_render=\u00a0\u00bb%5B%7B%22value_role%22%3A%22administrator%22%7D%5D\u00a0\u00bb css_params=\u00a0\u00bb\u00a0\u00bb css=\u00a0\u00bb.vc_custom_1764894416498{background-image: url(https:\/\/cell-bio.life\/wp-content\/uploads\/2025\/12\/back-3-scaled.webp?id=470) !important;background-position: center !important;background-repeat: no-repeat !important;background-size: cover !important;}\u00a0\u00bb][vc_column][vc_row_inner el_class=\u00a0\u00bbpbotm\u00a0\u00bb css_params=\u00a0\u00bb\u00a0\u00bb][vc_column_inner][vc_column_text css=\u00a0\u00bb\u00a0\u00bb [&hellip;]\" \/>\n<meta property=\"og:url\" content=\"https:\/\/cell-bio.life\/fr\/products\/stem-cells\/neural-crest-stem-cells\/\" \/>\n<meta property=\"og:site_name\" content=\"Cell Bio\" \/>\n<meta property=\"article:modified_time\" content=\"2026-02-10T07:50:32+00:00\" \/>\n<meta name=\"twitter:card\" content=\"summary_large_image\" \/>\n<meta name=\"twitter:label1\" content=\"Dur\u00e9e de lecture estim\u00e9e\" \/>\n\t<meta name=\"twitter:data1\" content=\"9 minutes\" \/>\n<script type=\"application\/ld+json\" class=\"yoast-schema-graph\">{\"@context\":\"https:\\\/\\\/schema.org\",\"@graph\":[{\"@type\":\"WebPage\",\"@id\":\"https:\\\/\\\/cell-bio.life\\\/fr\\\/products\\\/stem-cells\\\/neural-crest-stem-cells\\\/\",\"url\":\"https:\\\/\\\/cell-bio.life\\\/fr\\\/products\\\/stem-cells\\\/neural-crest-stem-cells\\\/\",\"name\":\"Cellules souches de la cr\u00eate neurale - Cell Bio\",\"isPartOf\":{\"@id\":\"https:\\\/\\\/cell-bio.life\\\/fr\\\/#website\"},\"datePublished\":\"2025-12-05T00:39:54+00:00\",\"dateModified\":\"2026-02-10T07:50:32+00:00\",\"breadcrumb\":{\"@id\":\"https:\\\/\\\/cell-bio.life\\\/fr\\\/products\\\/stem-cells\\\/neural-crest-stem-cells\\\/#breadcrumb\"},\"inLanguage\":\"fr-FR\",\"potentialAction\":[{\"@type\":\"ReadAction\",\"target\":[[\"https:\\\/\\\/cell-bio.life\\\/fr\\\/products\\\/stem-cells\\\/neural-crest-stem-cells\\\/\"]]}]},{\"@type\":\"BreadcrumbList\",\"@id\":\"https:\\\/\\\/cell-bio.life\\\/fr\\\/products\\\/stem-cells\\\/neural-crest-stem-cells\\\/#breadcrumb\",\"itemListElement\":[{\"@type\":\"ListItem\",\"position\":1,\"name\":\"Home\",\"item\":\"https:\\\/\\\/cell-bio.life\\\/fr\\\/\"},{\"@type\":\"ListItem\",\"position\":2,\"name\":\"Products\",\"item\":\"https:\\\/\\\/cell-bio.life\\\/fr\\\/products\\\/\"},{\"@type\":\"ListItem\",\"position\":3,\"name\":\"Stem cells\",\"item\":\"https:\\\/\\\/cell-bio.life\\\/fr\\\/products\\\/stem-cells\\\/\"},{\"@type\":\"ListItem\",\"position\":4,\"name\":\"Neural crest Stem cells\"}]},{\"@type\":\"WebSite\",\"@id\":\"https:\\\/\\\/cell-bio.life\\\/fr\\\/#website\",\"url\":\"https:\\\/\\\/cell-bio.life\\\/fr\\\/\",\"name\":\"Cell Bio\",\"description\":\"[:en]Cell Energy for the Life of Living[:de]Zellenergie f&uuml;r ein langes Leben[:fr]L'&eacute;nergie cellulaire pour la vie[:ja]\u751f\u547d\u306e\u305f\u3081\u306e\u7d30\u80de\u30a8\u30cd\u30eb\u30ae\u30fc[:ko]\uc0dd\uba85\uc758 \uc0b6\uc744 \uc704\ud55c \uc138\ud3ec \uc5d0\ub108\uc9c0[:]\",\"potentialAction\":[{\"@type\":\"SearchAction\",\"target\":{\"@type\":\"EntryPoint\",\"urlTemplate\":\"https:\\\/\\\/cell-bio.life\\\/fr\\\/?s={search_term_string}\"},\"query-input\":{\"@type\":\"PropertyValueSpecification\",\"valueRequired\":true,\"valueName\":\"search_term_string\"}}],\"inLanguage\":\"fr-FR\"}]}<\/script>\n<!-- \/ Yoast SEO plugin. -->","yoast_head_json":{"title":"Cellules souches de la cr\u00eate neurale - Cell Bio","robots":{"index":"index","follow":"follow","max-snippet":"max-snippet:-1","max-image-preview":"max-image-preview:large","max-video-preview":"max-video-preview:-1"},"canonical":"https:\/\/cell-bio.life\/fr\/products\/stem-cells\/neural-crest-stem-cells\/","og_locale":"fr_FR","og_type":"article","og_title":"Cellules souches de la cr\u00eate neurale - Cell Bio","og_description":"[vc_row full_width_css=\u00a0\u00bbstretch_row_css\u00a0\u00bb wrap_container=\u00a0\u00bbyes\u00a0\u00bb el_class=\u00a0\u00bbbanner-top ptopm pbotm\u00a0\u00bb css=\u00a0\u00bb.vc_custom_1764896024504{background-image: url(https:\/\/cell-bio.life\/wp-content\/uploads\/2025\/12\/up-pic-Stem-cells-2-scaled.webp?id=679) !important;background-position: center !important;background-repeat: no-repeat !important;background-size: cover !important;}\u00a0\u00bb conditional_render=\u00a0\u00bb%5B%7B%22value_role%22%3A%22administrator%22%7D%5D\u00a0\u00bb css_params=\u00a0\u00bb\u00a0\u00bb][vc_column width=\u00a0\u00bb1\/3&Prime;][\/vc_column][vc_column width=\u00a0\u00bb2\/3&Prime;][vc_custom_heading text=\u00a0\u00bbCellules souches de la cr\u00eate neurale\u00a0\u00bb font_container=\u00a0\u00bbtag:h1|text_align:right\u00a0\u00bb use_theme_fonts=\u00a0\u00bbyes\u00a0\u00bb css_params=\u00a0\u00bb\u00a0\u00bb][vc_btn title=\u00a0\u00bbConsulter notre inventaire\u00a0\u00bb shape=\u00a0\u00bbround\u00a0\u00bb color=\u00a0\u00bbwhite\u00a0\u00bb size=\u00a0\u00bbxl\u00a0\u00bb align=\u00a0\u00bbright\u00a0\u00bb link=\u00a0\u00bburl:%2Fproducts%2Finventory%2F\u00a0\u00bb css_params=\u00a0\u00bb\u00a0\u00bb][\/vc_column][\/vc_row][vc_row full_width_css=\u00a0\u00bbstretch_row_css\u00a0\u00bb wrap_container=\u00a0\u00bbyes\u00a0\u00bb el_class=\u00a0\u00bbptopm pbot\u00a0\u00bb conditional_render=\u00a0\u00bb%5B%7B%22value_role%22%3A%22administrator%22%7D%5D\u00a0\u00bb css_params=\u00a0\u00bb\u00a0\u00bb css=\u00a0\u00bb.vc_custom_1764894416498{background-image: url(https:\/\/cell-bio.life\/wp-content\/uploads\/2025\/12\/back-3-scaled.webp?id=470) !important;background-position: center !important;background-repeat: no-repeat !important;background-size: cover !important;}\u00a0\u00bb][vc_column][vc_row_inner el_class=\u00a0\u00bbpbotm\u00a0\u00bb css_params=\u00a0\u00bb\u00a0\u00bb][vc_column_inner][vc_column_text css=\u00a0\u00bb\u00a0\u00bb [&hellip;]","og_url":"https:\/\/cell-bio.life\/fr\/products\/stem-cells\/neural-crest-stem-cells\/","og_site_name":"Cell Bio","article_modified_time":"2026-02-10T07:50:32+00:00","twitter_card":"summary_large_image","twitter_misc":{"Dur\u00e9e de lecture estim\u00e9e":"9 minutes"},"schema":{"@context":"https:\/\/schema.org","@graph":[{"@type":"WebPage","@id":"https:\/\/cell-bio.life\/fr\/products\/stem-cells\/neural-crest-stem-cells\/","url":"https:\/\/cell-bio.life\/fr\/products\/stem-cells\/neural-crest-stem-cells\/","name":"Cellules souches de la cr\u00eate neurale - Cell Bio","isPartOf":{"@id":"https:\/\/cell-bio.life\/fr\/#website"},"datePublished":"2025-12-05T00:39:54+00:00","dateModified":"2026-02-10T07:50:32+00:00","breadcrumb":{"@id":"https:\/\/cell-bio.life\/fr\/products\/stem-cells\/neural-crest-stem-cells\/#breadcrumb"},"inLanguage":"fr-FR","potentialAction":[{"@type":"ReadAction","target":[["https:\/\/cell-bio.life\/fr\/products\/stem-cells\/neural-crest-stem-cells\/"]]}]},{"@type":"BreadcrumbList","@id":"https:\/\/cell-bio.life\/fr\/products\/stem-cells\/neural-crest-stem-cells\/#breadcrumb","itemListElement":[{"@type":"ListItem","position":1,"name":"Home","item":"https:\/\/cell-bio.life\/fr\/"},{"@type":"ListItem","position":2,"name":"Products","item":"https:\/\/cell-bio.life\/fr\/products\/"},{"@type":"ListItem","position":3,"name":"Stem cells","item":"https:\/\/cell-bio.life\/fr\/products\/stem-cells\/"},{"@type":"ListItem","position":4,"name":"Neural crest Stem cells"}]},{"@type":"WebSite","@id":"https:\/\/cell-bio.life\/fr\/#website","url":"https:\/\/cell-bio.life\/fr\/","name":"Cell Bio","description":"[:en]Cell Energy for the Life of Living[:de]Zellenergie f&uuml;r ein langes Leben[:fr]L'&eacute;nergie cellulaire pour la vie[:ja]\u751f\u547d\u306e\u305f\u3081\u306e\u7d30\u80de\u30a8\u30cd\u30eb\u30ae\u30fc[:ko]\uc0dd\uba85\uc758 \uc0b6\uc744 \uc704\ud55c \uc138\ud3ec \uc5d0\ub108\uc9c0[:]","potentialAction":[{"@type":"SearchAction","target":{"@type":"EntryPoint","urlTemplate":"https:\/\/cell-bio.life\/fr\/?s={search_term_string}"},"query-input":{"@type":"PropertyValueSpecification","valueRequired":true,"valueName":"search_term_string"}}],"inLanguage":"fr-FR"}]}},"_links":{"self":[{"href":"https:\/\/cell-bio.life\/fr\/wp-json\/wp\/v2\/pages\/840","targetHints":{"allow":["GET"]}}],"collection":[{"href":"https:\/\/cell-bio.life\/fr\/wp-json\/wp\/v2\/pages"}],"about":[{"href":"https:\/\/cell-bio.life\/fr\/wp-json\/wp\/v2\/types\/page"}],"author":[{"embeddable":true,"href":"https:\/\/cell-bio.life\/fr\/wp-json\/wp\/v2\/users\/1"}],"replies":[{"embeddable":true,"href":"https:\/\/cell-bio.life\/fr\/wp-json\/wp\/v2\/comments?post=840"}],"version-history":[{"count":10,"href":"https:\/\/cell-bio.life\/fr\/wp-json\/wp\/v2\/pages\/840\/revisions"}],"predecessor-version":[{"id":1411,"href":"https:\/\/cell-bio.life\/fr\/wp-json\/wp\/v2\/pages\/840\/revisions\/1411"}],"up":[{"embeddable":true,"href":"https:\/\/cell-bio.life\/fr\/wp-json\/wp\/v2\/pages\/400"}],"wp:attachment":[{"href":"https:\/\/cell-bio.life\/fr\/wp-json\/wp\/v2\/media?parent=840"}],"curies":[{"name":"wp","href":"https:\/\/api.w.org\/{rel}","templated":true}]}}